{"id":992,"date":"2025-02-18T10:17:39","date_gmt":"2025-02-18T10:17:39","guid":{"rendered":"https:\/\/academystage.merklesweden.com\/?page_id=992"},"modified":"2025-04-22T07:41:31","modified_gmt":"2025-04-22T07:41:31","slug":"faq","status":"publish","type":"page","link":"https:\/\/academystage.merklesweden.com\/it\/faq\/","title":{"rendered":"FAQ \u2013 Domande frequenti"},"content":{"rendered":"\n<div style=\"height:169px\" aria-hidden=\"true\" class=\"wp-block-spacer\"><\/div>\n\n\n\n<div class=\"wp-block-columns container is-layout-flex wp-container-core-columns-is-layout-1 wp-block-columns-is-layout-flex\">\n<div class=\"wp-block-column is-layout-flow wp-block-column-is-layout-flow\" style=\"flex-basis:66.66%\">\n<div class=\"wp-block-educatius-faq-accordion container\"><div class=\"accordion\" id=\"accordionExample\"><div class=\"accordion-item\"><h2 class=\"accordion-header\" id=\"heading2262\"><button class=\"accordion-button collapsed\" type=\"button\" data-bs-toggle=\"collapse\" data-bs-target=\"#tab2262\" aria-expanded=\"false\" aria-controls=\"tab2262\">Quando posso avviare il programma?<\/button><\/h2><div id=\"tab2262\" class=\"accordion-collapse collapse\" aria-labelledby=\"heading2262\" data-bs-parent=\"#accordionExample\"><div class=\"accordion-body\"><p>Elaboriamo le iscrizioni su base continuativa, quindi puoi presentare domanda e avviare il programma in qualsiasi momento.<\/p><\/div><\/div><\/div><div class=\"accordion-item\"><h2 class=\"accordion-header\" id=\"heading1229\"><button class=\"accordion-button collapsed\" type=\"button\" data-bs-toggle=\"collapse\" data-bs-target=\"#tab1229\" aria-expanded=\"false\" aria-controls=\"tab1229\">Posso iniziare il programma Dual Diploma prima di andare all&#8217;estero?<\/button><\/h2><div id=\"tab1229\" class=\"accordion-collapse collapse\" aria-labelledby=\"heading1229\" data-bs-parent=\"#accordionExample\"><div class=\"accordion-body\"><p>S\u00cc. Molti studenti iniziano il programma prima di andare all&#8217;estero poich\u00e9 ti aiuta a prepararti per i tuoi studi in un altro paese. Ma il programma \u00e8 flessibile e ti consente di frequentare le lezioni prima e dopo la tua esperienza di scambio all&#8217;estero.<\/p><\/div><\/div><\/div><div class=\"accordion-item\"><h2 class=\"accordion-header\" id=\"heading7936\"><button class=\"accordion-button collapsed\" type=\"button\" data-bs-toggle=\"collapse\" data-bs-target=\"#tab7936\" aria-expanded=\"false\" aria-controls=\"tab7936\">Posso studiare all&#8217;estero e online?<\/button><\/h2><div id=\"tab7936\" class=\"accordion-collapse collapse\" aria-labelledby=\"heading7936\" data-bs-parent=\"#accordionExample\"><div class=\"accordion-body\"><p>S\u00cc! Ti aiuteremo a trovare il programma giusto che unisce studi online e studio all&#8217;estero.<\/p><\/div><\/div><\/div><div class=\"accordion-item\"><h2 class=\"accordion-header\" id=\"heading5703\"><button class=\"accordion-button collapsed\" type=\"button\" data-bs-toggle=\"collapse\" data-bs-target=\"#tab5703\" aria-expanded=\"false\" aria-controls=\"tab5703\">Posso fare il Dual Diploma se vado all&#8217;estero in un paese diverso dagli USA?<\/button><\/h2><div id=\"tab5703\" class=\"accordion-collapse collapse\" aria-labelledby=\"heading5703\" data-bs-parent=\"#accordionExample\"><div class=\"accordion-body\"><p>S\u00cc! Gli studenti possono trasferire i corsi da qualsiasi programma di scambio di lingua inglese al programma Dual Diploma. Puoi iniziare i corsi quando arrivi a casa o prima di partire. Contattaci per saperne di pi\u00f9!<\/p><\/div><\/div><\/div><div class=\"accordion-item\"><h2 class=\"accordion-header\" id=\"heading1394\"><button class=\"accordion-button collapsed\" type=\"button\" data-bs-toggle=\"collapse\" data-bs-target=\"#tab1394\" aria-expanded=\"false\" aria-controls=\"tab1394\">Devo frequentare di persona la scuola superiore del tuo partner per poter beneficiare del doppio diploma?<\/button><\/h2><div id=\"tab1394\" class=\"accordion-collapse collapse\" aria-labelledby=\"heading1394\" data-bs-parent=\"#accordionExample\"><div class=\"accordion-body\"><p>No, puoi frequentare qualsiasi scuola superiore accreditata in qualsiasi paese di lingua inglese.<\/p><\/div><\/div><\/div><div class=\"accordion-item\"><h2 class=\"accordion-header\" id=\"heading3865\"><button class=\"accordion-button collapsed\" type=\"button\" data-bs-toggle=\"collapse\" data-bs-target=\"#tab3865\" aria-expanded=\"false\" aria-controls=\"tab3865\">Seguo lezioni online mentre studio all&#8217;estero?<\/button><\/h2><div id=\"tab3865\" class=\"accordion-collapse collapse\" aria-labelledby=\"heading3865\" data-bs-parent=\"#accordionExample\"><div class=\"accordion-body\"><p>No. I corsi che segui all&#8217;estero in scambio possono contare per il tuo Dual Diploma. Non \u00e8 necessario seguire corsi aggiuntivi durante lo scambio. Puoi completare il tuo programma di diploma quando torni a casa.<\/p><\/div><\/div><\/div><div class=\"accordion-item\"><h2 class=\"accordion-header\" id=\"heading2930\"><button class=\"accordion-button collapsed\" type=\"button\" data-bs-toggle=\"collapse\" data-bs-target=\"#tab2930\" aria-expanded=\"false\" aria-controls=\"tab2930\">C&#8217;\u00e8 un limite di et\u00e0?<\/button><\/h2><div id=\"tab2930\" class=\"accordion-collapse collapse\" aria-labelledby=\"heading2930\" data-bs-parent=\"#accordionExample\"><div class=\"accordion-body\"><p>La maggior parte degli studenti completa i programmi di diploma prima di compiere 20 anni. Ma offriamo anche un programma per gli studenti un po\u2019 pi\u00f9 grandi.<\/p><\/div><\/div><\/div><div class=\"accordion-item\"><h2 class=\"accordion-header\" id=\"heading7831\"><button class=\"accordion-button collapsed\" type=\"button\" data-bs-toggle=\"collapse\" data-bs-target=\"#tab7831\" aria-expanded=\"false\" aria-controls=\"tab7831\">Quanto tempo ci vuole per fare un corso?<\/button><\/h2><div id=\"tab7831\" class=\"accordion-collapse collapse\" aria-labelledby=\"heading7831\" data-bs-parent=\"#accordionExample\"><div class=\"accordion-body\"><p>In genere sono necessarie circa 100 \u2013 120 ore per completare un corso con 1 credito completo. Si tratta di circa 2,5 \u2013 3 ore settimanali se distribuisci i tuoi studi su 1 anno accademico (10 mesi).<\/p><\/div><\/div><\/div><div class=\"accordion-item\"><h2 class=\"accordion-header\" id=\"heading5608\"><button class=\"accordion-button collapsed\" type=\"button\" data-bs-toggle=\"collapse\" data-bs-target=\"#tab5608\" aria-expanded=\"false\" aria-controls=\"tab5608\">Di quale tecnologia ho bisogno?<\/button><\/h2><div id=\"tab5608\" class=\"accordion-collapse collapse\" aria-labelledby=\"heading5608\" data-bs-parent=\"#accordionExample\"><div class=\"accordion-body\"><p>Avrai bisogno di un computer desktop, laptop, iPad o tablet con fotocamera abilitata, software di elaborazione testi e connessione Internet.<\/p><\/div><\/div><\/div><\/div><\/div>\n<\/div>\n\n\n\n<div class=\"wp-block-column is-layout-flow wp-block-column-is-layout-flow\" style=\"flex-basis:33.33%\">\n<figure class=\"wp-block-image size-full\"><img loading=\"lazy\" decoding=\"async\" width=\"640\" height=\"959\" src=\"https:\/\/academystage.merklesweden.com\/wp-content\/uploads\/2025\/02\/academy-faq-writing-by-hand.jpg\" alt=\"\" class=\"wp-image-195\" srcset=\"https:\/\/academystage.merklesweden.com\/wp-content\/uploads\/2025\/02\/academy-faq-writing-by-hand.jpg 640w, https:\/\/academystage.merklesweden.com\/wp-content\/uploads\/2025\/02\/academy-faq-writing-by-hand-200x300.jpg 200w, https:\/\/academystage.merklesweden.com\/wp-content\/uploads\/2025\/02\/academy-faq-writing-by-hand-16x24.jpg 16w, https:\/\/academystage.merklesweden.com\/wp-content\/uploads\/2025\/02\/academy-faq-writing-by-hand-24x36.jpg 24w, https:\/\/academystage.merklesweden.com\/wp-content\/uploads\/2025\/02\/academy-faq-writing-by-hand-32x48.jpg 32w\" sizes=\"auto, (max-width: 640px) 100vw, 640px\" \/><\/figure>\n<\/div>\n<\/div>\n\n\n\n<div class=\"wp-block-columns container is-layout-flex wp-container-core-columns-is-layout-2 wp-block-columns-is-layout-flex\">\n<div class=\"wp-block-column has-light-pink-background-color has-background is-layout-flow wp-block-column-is-layout-flow\">\n<figure class=\"wp-block-image size-full\"><img loading=\"lazy\" decoding=\"async\" width=\"640\" height=\"427\" src=\"https:\/\/academystage.merklesweden.com\/wp-content\/uploads\/2025\/02\/student-asking-the-teacher-some-questions.jpg\" alt=\"\" class=\"wp-image-233\" srcset=\"https:\/\/academystage.merklesweden.com\/wp-content\/uploads\/2025\/02\/student-asking-the-teacher-some-questions.jpg 640w, https:\/\/academystage.merklesweden.com\/wp-content\/uploads\/2025\/02\/student-asking-the-teacher-some-questions-300x200.jpg 300w, https:\/\/academystage.merklesweden.com\/wp-content\/uploads\/2025\/02\/student-asking-the-teacher-some-questions-24x16.jpg 24w, https:\/\/academystage.merklesweden.com\/wp-content\/uploads\/2025\/02\/student-asking-the-teacher-some-questions-36x24.jpg 36w, https:\/\/academystage.merklesweden.com\/wp-content\/uploads\/2025\/02\/student-asking-the-teacher-some-questions-48x32.jpg 48w\" sizes=\"auto, (max-width: 640px) 100vw, 640px\" \/><\/figure>\n\n\n\n<div class=\"wp-block-educatius-title-paragraph-darkbutton container\"><div class=\"text-block-wrap py-4 py-md-0\"><h3 class=\"text-block-title text-primary\">Hai altre domande?<\/h3><p class=\"text-primary\">Ci piacerebbe rispondere a qualsiasi domanda tu abbia e dirti di pi\u00f9! Contattateci per maggiori dettagli.<\/p><a href=\"\/it\/contact-us-student\/\" class=\"btn btn-primary\">Contattaci<\/a><\/div><\/div>\n<\/div>\n\n\n\n<div class=\"wp-block-column has-light-pink-background-color has-background is-layout-flow wp-block-column-is-layout-flow\">\n<figure class=\"wp-block-image size-full\"><img loading=\"lazy\" decoding=\"async\" width=\"640\" height=\"427\" src=\"https:\/\/academystage.merklesweden.com\/wp-content\/uploads\/2025\/02\/girl-student-with-diploma-and-laptop.jpg\" alt=\"\" class=\"wp-image-221\" srcset=\"https:\/\/academystage.merklesweden.com\/wp-content\/uploads\/2025\/02\/girl-student-with-diploma-and-laptop.jpg 640w, https:\/\/academystage.merklesweden.com\/wp-content\/uploads\/2025\/02\/girl-student-with-diploma-and-laptop-300x200.jpg 300w, https:\/\/academystage.merklesweden.com\/wp-content\/uploads\/2025\/02\/girl-student-with-diploma-and-laptop-24x16.jpg 24w, https:\/\/academystage.merklesweden.com\/wp-content\/uploads\/2025\/02\/girl-student-with-diploma-and-laptop-36x24.jpg 36w, https:\/\/academystage.merklesweden.com\/wp-content\/uploads\/2025\/02\/girl-student-with-diploma-and-laptop-48x32.jpg 48w\" sizes=\"auto, (max-width: 640px) 100vw, 640px\" \/><\/figure>\n\n\n\n<div class=\"wp-block-educatius-title-paragraph-darkbutton container\"><div class=\"text-block-wrap py-4 py-md-0\"><h3 class=\"text-block-title text-primary\">Prenota consulenza accademica gratuita<\/h3><p class=\"text-primary\">Prenota un incontro individuale con noi e raccontaci i tuoi obiettivi accademici. Insieme esploreremo il modo migliore per portarti dove vuoi andare.<\/p><a href=\"\/it\/contact-us-student\/\" class=\"btn btn-primary\"> Parla con un consulente<\/a><\/div><\/div>\n<\/div>\n<\/div>\n\n\n\n<p><\/p>\n","protected":false},"excerpt":{"rendered":"","protected":false},"author":2,"featured_media":0,"parent":0,"menu_order":0,"comment_status":"closed","ping_status":"closed","template":"","meta":{"_acf_changed":false,"inline_featured_image":false,"footnotes":""},"wf_page_folders":[],"class_list":["post-992","page","type-page","status-publish","hentry"],"acf":[],"yoast_head":"<!-- This site is optimized with the Yoast SEO Premium plugin v23.4 (Yoast SEO v23.6) - https:\/\/yoast.com\/wordpress\/plugins\/seo\/ -->\n<title>Learn About Our Online Program Details - Educatius Academy Online- Educatius Academy Online<\/title>\n<meta name=\"description\" content=\"Find out everything you need to know about studying online, our US high school courses, and earning a USA diploma for international students.\" \/>\n<meta name=\"robots\" content=\"noindex, follow, max-snippet:-1, max-image-preview:large, max-video-preview:-1\" \/>\n<meta property=\"og:locale\" content=\"it_IT\" \/>\n<meta property=\"og:type\" content=\"article\" \/>\n<meta property=\"og:title\" content=\"FAQ \u2013 Domande frequenti\" \/>\n<meta property=\"og:description\" content=\"Find out everything you need to know about studying online, our US high school courses, and earning a USA diploma for international students.\" \/>\n<meta property=\"og:url\" content=\"https:\/\/academystage.merklesweden.com\/it\/faq\/\" \/>\n<meta property=\"og:site_name\" content=\"Educatius Academy Online\" \/>\n<meta property=\"article:modified_time\" content=\"2025-04-22T07:41:31+00:00\" \/>\n<meta property=\"og:image\" content=\"https:\/\/academystage.merklesweden.com\/wp-content\/uploads\/2025\/02\/academy-faq-writing-by-hand.jpg\" \/>\n\t<meta property=\"og:image:width\" content=\"640\" \/>\n\t<meta property=\"og:image:height\" content=\"959\" \/>\n\t<meta property=\"og:image:type\" content=\"image\/jpeg\" \/>\n<meta name=\"twitter:card\" content=\"summary_large_image\" \/>\n<meta name=\"twitter:label1\" content=\"Est. reading time\" \/>\n\t<meta name=\"twitter:data1\" content=\"3 minuti\" \/>\n<script type=\"application\/ld+json\" class=\"yoast-schema-graph\">{\"@context\":\"https:\/\/schema.org\",\"@graph\":[{\"@type\":\"WebPage\",\"@id\":\"https:\/\/academystage.merklesweden.com\/it\/faq\/\",\"url\":\"https:\/\/academystage.merklesweden.com\/it\/faq\/\",\"name\":\"Learn About Our Online Program Details - Educatius Academy Online- Educatius Academy Online\",\"isPartOf\":{\"@id\":\"https:\/\/academystage.merklesweden.com\/it\/#website\"},\"primaryImageOfPage\":{\"@id\":\"https:\/\/academystage.merklesweden.com\/it\/faq\/#primaryimage\"},\"image\":{\"@id\":\"https:\/\/academystage.merklesweden.com\/it\/faq\/#primaryimage\"},\"thumbnailUrl\":\"https:\/\/academystage.merklesweden.com\/wp-content\/uploads\/2025\/02\/academy-faq-writing-by-hand.jpg\",\"datePublished\":\"2025-02-18T10:17:39+00:00\",\"dateModified\":\"2025-04-22T07:41:31+00:00\",\"description\":\"Find out everything you need to know about studying online, our US high school courses, and earning a USA diploma for international students.\",\"breadcrumb\":{\"@id\":\"https:\/\/academystage.merklesweden.com\/it\/faq\/#breadcrumb\"},\"inLanguage\":\"it-IT\",\"potentialAction\":[{\"@type\":\"ReadAction\",\"target\":[\"https:\/\/academystage.merklesweden.com\/it\/faq\/\"]}]},{\"@type\":\"ImageObject\",\"inLanguage\":\"it-IT\",\"@id\":\"https:\/\/academystage.merklesweden.com\/it\/faq\/#primaryimage\",\"url\":\"https:\/\/academystage.merklesweden.com\/wp-content\/uploads\/2025\/02\/academy-faq-writing-by-hand.jpg\",\"contentUrl\":\"https:\/\/academystage.merklesweden.com\/wp-content\/uploads\/2025\/02\/academy-faq-writing-by-hand.jpg\"},{\"@type\":\"BreadcrumbList\",\"@id\":\"https:\/\/academystage.merklesweden.com\/it\/faq\/#breadcrumb\",\"itemListElement\":[{\"@type\":\"ListItem\",\"position\":1,\"name\":\"Home\",\"item\":\"https:\/\/academystage.merklesweden.com\/it\/\"},{\"@type\":\"ListItem\",\"position\":2,\"name\":\"FAQ \u2013 Domande frequenti\"}]},{\"@type\":\"WebSite\",\"@id\":\"https:\/\/academystage.merklesweden.com\/it\/#website\",\"url\":\"https:\/\/academystage.merklesweden.com\/it\/\",\"name\":\"Educatius Academy Online\",\"description\":\"\",\"publisher\":{\"@id\":\"https:\/\/academystage.merklesweden.com\/it\/#organization\"},\"potentialAction\":[{\"@type\":\"SearchAction\",\"target\":{\"@type\":\"EntryPoint\",\"urlTemplate\":\"https:\/\/academystage.merklesweden.com\/it\/?s={search_term_string}\"},\"query-input\":{\"@type\":\"PropertyValueSpecification\",\"valueRequired\":true,\"valueName\":\"search_term_string\"}}],\"inLanguage\":\"it-IT\"},{\"@type\":\"Organization\",\"@id\":\"https:\/\/academystage.merklesweden.com\/it\/#organization\",\"name\":\"Educatius Academy Online\",\"url\":\"https:\/\/academystage.merklesweden.com\/it\/\",\"logo\":{\"@type\":\"ImageObject\",\"inLanguage\":\"it-IT\",\"@id\":\"https:\/\/academystage.merklesweden.com\/it\/#\/schema\/logo\/image\/\",\"url\":\"https:\/\/academystage.merklesweden.com\/wp-content\/uploads\/2025\/02\/educatius_academy_white.png\",\"contentUrl\":\"https:\/\/academystage.merklesweden.com\/wp-content\/uploads\/2025\/02\/educatius_academy_white.png\",\"width\":837,\"height\":332,\"caption\":\"Educatius Academy Online\"},\"image\":{\"@id\":\"https:\/\/academystage.merklesweden.com\/it\/#\/schema\/logo\/image\/\"}}]}<\/script>\n<!-- \/ Yoast SEO Premium plugin. -->","yoast_head_json":{"title":"Learn About Our Online Program Details - Educatius Academy Online- Educatius Academy Online","description":"Find out everything you need to know about studying online, our US high school courses, and earning a USA diploma for international students.","robots":{"index":"noindex","follow":"follow","max-snippet":"max-snippet:-1","max-image-preview":"max-image-preview:large","max-video-preview":"max-video-preview:-1"},"og_locale":"it_IT","og_type":"article","og_title":"FAQ \u2013 Domande frequenti","og_description":"Find out everything you need to know about studying online, our US high school courses, and earning a USA diploma for international students.","og_url":"https:\/\/academystage.merklesweden.com\/it\/faq\/","og_site_name":"Educatius Academy Online","article_modified_time":"2025-04-22T07:41:31+00:00","og_image":[{"width":640,"height":959,"url":"https:\/\/academystage.merklesweden.com\/wp-content\/uploads\/2025\/02\/academy-faq-writing-by-hand.jpg","type":"image\/jpeg"}],"twitter_card":"summary_large_image","twitter_misc":{"Est. reading time":"3 minuti"},"schema":{"@context":"https:\/\/schema.org","@graph":[{"@type":"WebPage","@id":"https:\/\/academystage.merklesweden.com\/it\/faq\/","url":"https:\/\/academystage.merklesweden.com\/it\/faq\/","name":"Learn About Our Online Program Details - Educatius Academy Online- Educatius Academy Online","isPartOf":{"@id":"https:\/\/academystage.merklesweden.com\/it\/#website"},"primaryImageOfPage":{"@id":"https:\/\/academystage.merklesweden.com\/it\/faq\/#primaryimage"},"image":{"@id":"https:\/\/academystage.merklesweden.com\/it\/faq\/#primaryimage"},"thumbnailUrl":"https:\/\/academystage.merklesweden.com\/wp-content\/uploads\/2025\/02\/academy-faq-writing-by-hand.jpg","datePublished":"2025-02-18T10:17:39+00:00","dateModified":"2025-04-22T07:41:31+00:00","description":"Find out everything you need to know about studying online, our US high school courses, and earning a USA diploma for international students.","breadcrumb":{"@id":"https:\/\/academystage.merklesweden.com\/it\/faq\/#breadcrumb"},"inLanguage":"it-IT","potentialAction":[{"@type":"ReadAction","target":["https:\/\/academystage.merklesweden.com\/it\/faq\/"]}]},{"@type":"ImageObject","inLanguage":"it-IT","@id":"https:\/\/academystage.merklesweden.com\/it\/faq\/#primaryimage","url":"https:\/\/academystage.merklesweden.com\/wp-content\/uploads\/2025\/02\/academy-faq-writing-by-hand.jpg","contentUrl":"https:\/\/academystage.merklesweden.com\/wp-content\/uploads\/2025\/02\/academy-faq-writing-by-hand.jpg"},{"@type":"BreadcrumbList","@id":"https:\/\/academystage.merklesweden.com\/it\/faq\/#breadcrumb","itemListElement":[{"@type":"ListItem","position":1,"name":"Home","item":"https:\/\/academystage.merklesweden.com\/it\/"},{"@type":"ListItem","position":2,"name":"FAQ \u2013 Domande frequenti"}]},{"@type":"WebSite","@id":"https:\/\/academystage.merklesweden.com\/it\/#website","url":"https:\/\/academystage.merklesweden.com\/it\/","name":"Educatius Academy Online","description":"","publisher":{"@id":"https:\/\/academystage.merklesweden.com\/it\/#organization"},"potentialAction":[{"@type":"SearchAction","target":{"@type":"EntryPoint","urlTemplate":"https:\/\/academystage.merklesweden.com\/it\/?s={search_term_string}"},"query-input":{"@type":"PropertyValueSpecification","valueRequired":true,"valueName":"search_term_string"}}],"inLanguage":"it-IT"},{"@type":"Organization","@id":"https:\/\/academystage.merklesweden.com\/it\/#organization","name":"Educatius Academy Online","url":"https:\/\/academystage.merklesweden.com\/it\/","logo":{"@type":"ImageObject","inLanguage":"it-IT","@id":"https:\/\/academystage.merklesweden.com\/it\/#\/schema\/logo\/image\/","url":"https:\/\/academystage.merklesweden.com\/wp-content\/uploads\/2025\/02\/educatius_academy_white.png","contentUrl":"https:\/\/academystage.merklesweden.com\/wp-content\/uploads\/2025\/02\/educatius_academy_white.png","width":837,"height":332,"caption":"Educatius Academy Online"},"image":{"@id":"https:\/\/academystage.merklesweden.com\/it\/#\/schema\/logo\/image\/"}}]}},"_links":{"self":[{"href":"https:\/\/academystage.merklesweden.com\/it\/wp-json\/wp\/v2\/pages\/992","targetHints":{"allow":["GET"]}}],"collection":[{"href":"https:\/\/academystage.merklesweden.com\/it\/wp-json\/wp\/v2\/pages"}],"about":[{"href":"https:\/\/academystage.merklesweden.com\/it\/wp-json\/wp\/v2\/types\/page"}],"author":[{"embeddable":true,"href":"https:\/\/academystage.merklesweden.com\/it\/wp-json\/wp\/v2\/users\/2"}],"replies":[{"embeddable":true,"href":"https:\/\/academystage.merklesweden.com\/it\/wp-json\/wp\/v2\/comments?post=992"}],"version-history":[{"count":13,"href":"https:\/\/academystage.merklesweden.com\/it\/wp-json\/wp\/v2\/pages\/992\/revisions"}],"predecessor-version":[{"id":1764,"href":"https:\/\/academystage.merklesweden.com\/it\/wp-json\/wp\/v2\/pages\/992\/revisions\/1764"}],"wp:attachment":[{"href":"https:\/\/academystage.merklesweden.com\/it\/wp-json\/wp\/v2\/media?parent=992"}],"wp:term":[{"taxonomy":"wf_page_folders","embeddable":true,"href":"https:\/\/academystage.merklesweden.com\/it\/wp-json\/wp\/v2\/wf_page_folders?post=992"}],"curies":[{"name":"wp","href":"https:\/\/api.w.org\/{rel}","templated":true}]}}