{"id":959,"date":"2025-02-18T06:44:58","date_gmt":"2025-02-18T06:44:58","guid":{"rendered":"https:\/\/academystage.merklesweden.com\/?page_id=959"},"modified":"2025-04-25T07:50:51","modified_gmt":"2025-04-25T07:50:51","slug":"dual-diploma-hybrid","status":"publish","type":"page","link":"https:\/\/academystage.merklesweden.com\/it\/dual-diploma\/dual-diploma-hybrid\/","title":{"rendered":"Dual diploma hybrid"},"content":{"rendered":"\n<div class=\"wp-block-group has-gray-background-color has-background\"><div class=\"wp-block-group__inner-container is-layout-constrained wp-block-group-is-layout-constrained\">\n<div style=\"height:100px\" aria-hidden=\"true\" class=\"wp-block-spacer\"><\/div>\n\n\n\n<div class=\"wp-block-columns has-gray-background-color has-background is-layout-flex wp-container-core-columns-is-layout-1 wp-block-columns-is-layout-flex\">\n<div class=\"wp-block-column is-layout-flow wp-block-column-is-layout-flow\">\n<div class=\"wp-block-educatius-title-paragraph-darkbutton container\"><div class=\"text-block-wrap py-4 py-md-0\"><h3 class=\"text-block-title text-primary\">Hybrid Doppio Diploma<\/h3><p class=\"text-primary\">Gli studenti che studiano all&#8217;estero in qualsiasi paese di lingua inglese possono ora conseguire un diploma di scuola superiore statunitense! Combinando i crediti (corsi) derivanti da studi all&#8217;estero, corsi virtuali e lezioni di scuola superiore locale, gli studenti diventano idonei per un doppio diploma di scuola superiore statunitense.<br><br><strong>Studiare all&#8217;estero + Corsi online + Scuola superiore a casa<br><\/strong><br>Gli studenti necessitano di un totale di 5-6 crediti statunitensi (corsi) per laurearsi. Ottieni un doppio diploma quando completi la scuola superiore nel tuo paese d&#8217;origine e guadagni tutti i crediti americani richiesti. Durante la tua permanenza all&#8217;estero, puoi guadagnare fino a 2 crediti dalle lezioni che segui nella tua scuola superiore internazionale. Devi solo seguire circa 3-4 corsi online oltre ai tuoi studi regolari per diplomarti con un diploma di scuola superiore statunitense.<br><br><strong>Studia quando vuoi<\/strong><br><br>Puoi seguire i corsi virtuali prima di partire per lo scambio, dopo il tuo ritorno o entrambi. C&#8217;\u00e8 anche un&#8217;opzione per studiare in estate. Le lezioni sono asincrone, il che significa che puoi iniziare e studiare quando vuoi e adattare i corsi alle tue esigenze. I corsi opzionali dal vivo vengono offerti due volte al mese nei corsi di base, quindi avrai comunque l&#8217;opportunit\u00e0 di interagire con insegnanti e compagni di classe, se lo desideri.<br><br><strong>Segui i corsi che ti interessano<\/strong><br><br>Seguirai una variet\u00e0 di corsi durante il tuo programma Dual Diploma, incluse un paio di materie obbligatorie come: storia degli Stati Uniti e inglese. Gli altri sono facoltativi, quindi puoi scegliere cosa vuoi studiare. Le opzioni includono materie interessanti che potrebbero non essere disponibili nella tua scuola superiore locale. Approfondire le tue conoscenze nelle materie che ti interessano sar\u00e0 divertente e forse informer\u00e0 ci\u00f2 che studierai dopo il liceo.&nbsp;<br><\/p><a href=\"https:\/\/academystage.merklesweden.com\/it\/enroll-now\/\" class=\"btn btn-primary\">Inizia la conversazione<\/a><\/div><\/div>\n<\/div>\n\n\n\n<div class=\"wp-block-column is-layout-flow wp-block-column-is-layout-flow\">\n<div class=\"wp-block-educatius-bordered-text container\"><div class=\"quick-fact-section\"><h6 class=\"text-block-title text-primary\">Fatti in breve: Hybrid Dual Diploma<\/h6><ul class=\"list-group text-primary\"><li class=\"list-item\">Combina i corsi seguiti in scambio, online e a casa<\/li><br><li class=\"list-item\">Il totale dei corsi ti consente di ottenere il tuo doppio diploma di scuola superiore statunitense!<\/li><br><li class=\"list-item\">Studia online prima di andare all&#8217;estero in scambio, dopo o entrambi<\/li><br><li class=\"list-item\">Ottieni supporto da insegnanti e consulenti accademici<br><\/li><br><li class=\"list-item\">Segui lezioni online durante l&#8217;anno accademico o l&#8217;estate<\/li><br><li class=\"list-item\">Distribuisci i corsi di diploma online su 1 &#8211; 4 anni<\/li><br><li class=\"list-item\">Inizia in qualsiasi momento e studia al tuo ritmo<\/li><\/ul><\/div><\/div>\n<\/div>\n<\/div>\n<\/div><\/div>\n\n\n\n<section class=\"wp-block-educatius-right-image-and-text highlight-section-reverse py-1 py-sm-2 py-md-2 py-sm-5 py-md-5\"><div class=\"container\"><div class=\"row\"><div class=\"col-md-6 order-md-1\"><img decoding=\"async\" src=\"https:\/\/academystage.merklesweden.com\/wp-content\/uploads\/2025\/02\/girls-with-a-view-640x560px-2.jpg\" class=\"w-100\"\/><\/div><div class=\"col-md-6 order-md-0\"><div class=\"text-block-wrap py-md-0 px-md-5\"><span class=\"text-block-title\"><\/span><h3 class=\"text-block-title\">Studiare all&#8217;estero in America<\/h3><p>L&#8217;Hybrid Dual Diploma \u00e8 un modo semplice per aggiungere valore all&#8217;esperienza che cambia la vita studiando all&#8217;estero in scambio. Gli studenti che seguono un programma Dual Diploma possono studiare all&#8217;estero presso qualsiasi scuola superiore accreditata. Come studente in scambio in America, sarai immerso in un ambiente accademico gratificante e godrai del divertimento extracurriculare per cui le scuole superiori americane sono famose. E ovviamente parlerai fluentemente l&#8217;inglese! Se vuoi partecipare allo scambio o hai bisogno di maggiori informazioni, contattaci. Inviamo oltre 7.000 studenti all&#8217;estero nei programmi delle scuole superiori e possiamo aiutarti a vivere l&#8217;esperienza che stai cercando.<\/p><a href=\"https:\/\/www.educatius.org\/\" class=\"btn btn-outline-primary btn-lg\">Scopri le opportunit\u00e0 di scambio<\/a><\/div><\/div><\/div><\/div><\/section>\n\n\n\n<section class=\"wp-block-educatius-left-image-and-text highlight-section py-1 py-sm-2 py-md-2 py-sm-5 py-md-5\"><div class=\"container\"><div class=\"row\"><div class=\"col-md-6\"><img decoding=\"async\" src=\"https:\/\/academystage.merklesweden.com\/wp-content\/uploads\/2025\/02\/classmates-graduating-1600x600px.jpg\" class=\"w-100\"\/><\/div><div class=\"col-md-6\"><div class=\"text-block-wrap py-md-0 px-md-5\"><span class=\"text-block-title\"><\/span><h3 class=\"text-block-title\">Prenota consulenza accademica gratuita<\/h3><p>Prenota un incontro individuale con noi e raccontaci i tuoi obiettivi accademici. Insieme esploreremo il modo migliore per portarti dove vuoi andare.<br><a href=\"https:\/\/www.educatiusacademy.org\/contact-us-student\/\"><\/a><\/p><a href=\"https:\/\/academystage.merklesweden.com\/it\/contact-us-student\/\" class=\"btn btn-outline-primary btn-lg\">Prenota una consulenza<\/a><\/div><\/div><\/div><\/div><\/section>\n","protected":false},"excerpt":{"rendered":"","protected":false},"author":2,"featured_media":0,"parent":924,"menu_order":0,"comment_status":"closed","ping_status":"closed","template":"","meta":{"_acf_changed":false,"inline_featured_image":false,"footnotes":""},"wf_page_folders":[],"class_list":["post-959","page","type-page","status-publish","hentry"],"acf":[],"yoast_head":"<!-- This site is optimized with the Yoast SEO Premium plugin v23.4 (Yoast SEO v23.6) - https:\/\/yoast.com\/wordpress\/plugins\/seo\/ -->\n<title>Hybrid Dual Diploma - Study Abroad and Online - Educatius Academy Online - Educatius Academy Online<\/title>\n<meta name=\"description\" content=\"With the Hybrid Dual Diploma program, students combine studying abroad on exchange with 5 - 6 online courses to earn their USA high school dual diploma.\" \/>\n<meta name=\"robots\" content=\"noindex, follow, max-snippet:-1, max-image-preview:large, max-video-preview:-1\" \/>\n<meta property=\"og:locale\" content=\"it_IT\" \/>\n<meta property=\"og:type\" content=\"article\" \/>\n<meta property=\"og:title\" content=\"Dual diploma hybrid\" \/>\n<meta property=\"og:description\" content=\"With the Hybrid Dual Diploma program, students combine studying abroad on exchange with 5 - 6 online courses to earn their USA high school dual diploma.\" \/>\n<meta property=\"og:url\" content=\"https:\/\/academystage.merklesweden.com\/it\/dual-diploma\/dual-diploma-hybrid\/\" \/>\n<meta property=\"og:site_name\" content=\"Educatius Academy Online\" \/>\n<meta property=\"article:modified_time\" content=\"2025-04-25T07:50:51+00:00\" \/>\n<meta property=\"og:image\" content=\"https:\/\/academystage.merklesweden.com\/wp-content\/uploads\/2025\/02\/girls-with-a-view-640x560px-2.jpg\" \/>\n<meta name=\"twitter:card\" content=\"summary_large_image\" \/>\n<meta name=\"twitter:label1\" content=\"Est. reading time\" \/>\n\t<meta name=\"twitter:data1\" content=\"3 minuti\" \/>\n<script type=\"application\/ld+json\" class=\"yoast-schema-graph\">{\"@context\":\"https:\/\/schema.org\",\"@graph\":[{\"@type\":\"WebPage\",\"@id\":\"https:\/\/academystage.merklesweden.com\/it\/dual-diploma\/dual-diploma-hybrid\/\",\"url\":\"https:\/\/academystage.merklesweden.com\/it\/dual-diploma\/dual-diploma-hybrid\/\",\"name\":\"Hybrid Dual Diploma - Study Abroad and Online - Educatius Academy Online - Educatius Academy Online\",\"isPartOf\":{\"@id\":\"https:\/\/academystage.merklesweden.com\/it\/#website\"},\"primaryImageOfPage\":{\"@id\":\"https:\/\/academystage.merklesweden.com\/it\/dual-diploma\/dual-diploma-hybrid\/#primaryimage\"},\"image\":{\"@id\":\"https:\/\/academystage.merklesweden.com\/it\/dual-diploma\/dual-diploma-hybrid\/#primaryimage\"},\"thumbnailUrl\":\"https:\/\/academystage.merklesweden.com\/wp-content\/uploads\/2025\/02\/girls-with-a-view-640x560px-2.jpg\",\"datePublished\":\"2025-02-18T06:44:58+00:00\",\"dateModified\":\"2025-04-25T07:50:51+00:00\",\"description\":\"With the Hybrid Dual Diploma program, students combine studying abroad on exchange with 5 - 6 online courses to earn their USA high school dual diploma.\",\"breadcrumb\":{\"@id\":\"https:\/\/academystage.merklesweden.com\/it\/dual-diploma\/dual-diploma-hybrid\/#breadcrumb\"},\"inLanguage\":\"it-IT\",\"potentialAction\":[{\"@type\":\"ReadAction\",\"target\":[\"https:\/\/academystage.merklesweden.com\/it\/dual-diploma\/dual-diploma-hybrid\/\"]}]},{\"@type\":\"ImageObject\",\"inLanguage\":\"it-IT\",\"@id\":\"https:\/\/academystage.merklesweden.com\/it\/dual-diploma\/dual-diploma-hybrid\/#primaryimage\",\"url\":\"https:\/\/academystage.merklesweden.com\/wp-content\/uploads\/2025\/02\/girls-with-a-view-640x560px-2.jpg\",\"contentUrl\":\"https:\/\/academystage.merklesweden.com\/wp-content\/uploads\/2025\/02\/girls-with-a-view-640x560px-2.jpg\"},{\"@type\":\"BreadcrumbList\",\"@id\":\"https:\/\/academystage.merklesweden.com\/it\/dual-diploma\/dual-diploma-hybrid\/#breadcrumb\",\"itemListElement\":[{\"@type\":\"ListItem\",\"position\":1,\"name\":\"Home\",\"item\":\"https:\/\/academystage.merklesweden.com\/it\/\"},{\"@type\":\"ListItem\",\"position\":2,\"name\":\"Dual diploma\",\"item\":\"https:\/\/academystage.merklesweden.com\/it\/dual-diploma\/\"},{\"@type\":\"ListItem\",\"position\":3,\"name\":\"Dual diploma hybrid\"}]},{\"@type\":\"WebSite\",\"@id\":\"https:\/\/academystage.merklesweden.com\/it\/#website\",\"url\":\"https:\/\/academystage.merklesweden.com\/it\/\",\"name\":\"Educatius Academy Online\",\"description\":\"\",\"publisher\":{\"@id\":\"https:\/\/academystage.merklesweden.com\/it\/#organization\"},\"potentialAction\":[{\"@type\":\"SearchAction\",\"target\":{\"@type\":\"EntryPoint\",\"urlTemplate\":\"https:\/\/academystage.merklesweden.com\/it\/?s={search_term_string}\"},\"query-input\":{\"@type\":\"PropertyValueSpecification\",\"valueRequired\":true,\"valueName\":\"search_term_string\"}}],\"inLanguage\":\"it-IT\"},{\"@type\":\"Organization\",\"@id\":\"https:\/\/academystage.merklesweden.com\/it\/#organization\",\"name\":\"Educatius Academy Online\",\"url\":\"https:\/\/academystage.merklesweden.com\/it\/\",\"logo\":{\"@type\":\"ImageObject\",\"inLanguage\":\"it-IT\",\"@id\":\"https:\/\/academystage.merklesweden.com\/it\/#\/schema\/logo\/image\/\",\"url\":\"https:\/\/academystage.merklesweden.com\/wp-content\/uploads\/2025\/02\/educatius_academy_white.png\",\"contentUrl\":\"https:\/\/academystage.merklesweden.com\/wp-content\/uploads\/2025\/02\/educatius_academy_white.png\",\"width\":837,\"height\":332,\"caption\":\"Educatius Academy Online\"},\"image\":{\"@id\":\"https:\/\/academystage.merklesweden.com\/it\/#\/schema\/logo\/image\/\"}}]}<\/script>\n<!-- \/ Yoast SEO Premium plugin. -->","yoast_head_json":{"title":"Hybrid Dual Diploma - Study Abroad and Online - Educatius Academy Online - Educatius Academy Online","description":"With the Hybrid Dual Diploma program, students combine studying abroad on exchange with 5 - 6 online courses to earn their USA high school dual diploma.","robots":{"index":"noindex","follow":"follow","max-snippet":"max-snippet:-1","max-image-preview":"max-image-preview:large","max-video-preview":"max-video-preview:-1"},"og_locale":"it_IT","og_type":"article","og_title":"Dual diploma hybrid","og_description":"With the Hybrid Dual Diploma program, students combine studying abroad on exchange with 5 - 6 online courses to earn their USA high school dual diploma.","og_url":"https:\/\/academystage.merklesweden.com\/it\/dual-diploma\/dual-diploma-hybrid\/","og_site_name":"Educatius Academy Online","article_modified_time":"2025-04-25T07:50:51+00:00","og_image":[{"url":"https:\/\/academystage.merklesweden.com\/wp-content\/uploads\/2025\/02\/girls-with-a-view-640x560px-2.jpg"}],"twitter_card":"summary_large_image","twitter_misc":{"Est. reading time":"3 minuti"},"schema":{"@context":"https:\/\/schema.org","@graph":[{"@type":"WebPage","@id":"https:\/\/academystage.merklesweden.com\/it\/dual-diploma\/dual-diploma-hybrid\/","url":"https:\/\/academystage.merklesweden.com\/it\/dual-diploma\/dual-diploma-hybrid\/","name":"Hybrid Dual Diploma - Study Abroad and Online - Educatius Academy Online - Educatius Academy Online","isPartOf":{"@id":"https:\/\/academystage.merklesweden.com\/it\/#website"},"primaryImageOfPage":{"@id":"https:\/\/academystage.merklesweden.com\/it\/dual-diploma\/dual-diploma-hybrid\/#primaryimage"},"image":{"@id":"https:\/\/academystage.merklesweden.com\/it\/dual-diploma\/dual-diploma-hybrid\/#primaryimage"},"thumbnailUrl":"https:\/\/academystage.merklesweden.com\/wp-content\/uploads\/2025\/02\/girls-with-a-view-640x560px-2.jpg","datePublished":"2025-02-18T06:44:58+00:00","dateModified":"2025-04-25T07:50:51+00:00","description":"With the Hybrid Dual Diploma program, students combine studying abroad on exchange with 5 - 6 online courses to earn their USA high school dual diploma.","breadcrumb":{"@id":"https:\/\/academystage.merklesweden.com\/it\/dual-diploma\/dual-diploma-hybrid\/#breadcrumb"},"inLanguage":"it-IT","potentialAction":[{"@type":"ReadAction","target":["https:\/\/academystage.merklesweden.com\/it\/dual-diploma\/dual-diploma-hybrid\/"]}]},{"@type":"ImageObject","inLanguage":"it-IT","@id":"https:\/\/academystage.merklesweden.com\/it\/dual-diploma\/dual-diploma-hybrid\/#primaryimage","url":"https:\/\/academystage.merklesweden.com\/wp-content\/uploads\/2025\/02\/girls-with-a-view-640x560px-2.jpg","contentUrl":"https:\/\/academystage.merklesweden.com\/wp-content\/uploads\/2025\/02\/girls-with-a-view-640x560px-2.jpg"},{"@type":"BreadcrumbList","@id":"https:\/\/academystage.merklesweden.com\/it\/dual-diploma\/dual-diploma-hybrid\/#breadcrumb","itemListElement":[{"@type":"ListItem","position":1,"name":"Home","item":"https:\/\/academystage.merklesweden.com\/it\/"},{"@type":"ListItem","position":2,"name":"Dual diploma","item":"https:\/\/academystage.merklesweden.com\/it\/dual-diploma\/"},{"@type":"ListItem","position":3,"name":"Dual diploma hybrid"}]},{"@type":"WebSite","@id":"https:\/\/academystage.merklesweden.com\/it\/#website","url":"https:\/\/academystage.merklesweden.com\/it\/","name":"Educatius Academy Online","description":"","publisher":{"@id":"https:\/\/academystage.merklesweden.com\/it\/#organization"},"potentialAction":[{"@type":"SearchAction","target":{"@type":"EntryPoint","urlTemplate":"https:\/\/academystage.merklesweden.com\/it\/?s={search_term_string}"},"query-input":{"@type":"PropertyValueSpecification","valueRequired":true,"valueName":"search_term_string"}}],"inLanguage":"it-IT"},{"@type":"Organization","@id":"https:\/\/academystage.merklesweden.com\/it\/#organization","name":"Educatius Academy Online","url":"https:\/\/academystage.merklesweden.com\/it\/","logo":{"@type":"ImageObject","inLanguage":"it-IT","@id":"https:\/\/academystage.merklesweden.com\/it\/#\/schema\/logo\/image\/","url":"https:\/\/academystage.merklesweden.com\/wp-content\/uploads\/2025\/02\/educatius_academy_white.png","contentUrl":"https:\/\/academystage.merklesweden.com\/wp-content\/uploads\/2025\/02\/educatius_academy_white.png","width":837,"height":332,"caption":"Educatius Academy Online"},"image":{"@id":"https:\/\/academystage.merklesweden.com\/it\/#\/schema\/logo\/image\/"}}]}},"_links":{"self":[{"href":"https:\/\/academystage.merklesweden.com\/it\/wp-json\/wp\/v2\/pages\/959","targetHints":{"allow":["GET"]}}],"collection":[{"href":"https:\/\/academystage.merklesweden.com\/it\/wp-json\/wp\/v2\/pages"}],"about":[{"href":"https:\/\/academystage.merklesweden.com\/it\/wp-json\/wp\/v2\/types\/page"}],"author":[{"embeddable":true,"href":"https:\/\/academystage.merklesweden.com\/it\/wp-json\/wp\/v2\/users\/2"}],"replies":[{"embeddable":true,"href":"https:\/\/academystage.merklesweden.com\/it\/wp-json\/wp\/v2\/comments?post=959"}],"version-history":[{"count":7,"href":"https:\/\/academystage.merklesweden.com\/it\/wp-json\/wp\/v2\/pages\/959\/revisions"}],"predecessor-version":[{"id":1899,"href":"https:\/\/academystage.merklesweden.com\/it\/wp-json\/wp\/v2\/pages\/959\/revisions\/1899"}],"up":[{"embeddable":true,"href":"https:\/\/academystage.merklesweden.com\/it\/wp-json\/wp\/v2\/pages\/924"}],"wp:attachment":[{"href":"https:\/\/academystage.merklesweden.com\/it\/wp-json\/wp\/v2\/media?parent=959"}],"wp:term":[{"taxonomy":"wf_page_folders","embeddable":true,"href":"https:\/\/academystage.merklesweden.com\/it\/wp-json\/wp\/v2\/wf_page_folders?post=959"}],"curies":[{"name":"wp","href":"https:\/\/api.w.org\/{rel}","templated":true}]}}