{"id":953,"date":"2025-02-20T05:04:26","date_gmt":"2025-02-20T05:04:26","guid":{"rendered":"https:\/\/academystage.merklesweden.com\/?page_id=953"},"modified":"2025-04-25T07:52:35","modified_gmt":"2025-04-25T07:52:35","slug":"all-online-dual-diploma","status":"publish","type":"page","link":"https:\/\/academystage.merklesweden.com\/it\/dual-diploma\/all-online-dual-diploma\/","title":{"rendered":"All-Online Dual Diploma"},"content":{"rendered":"\n<div class=\"wp-block-group has-gray-background-color has-background\"><div class=\"wp-block-group__inner-container is-layout-constrained wp-block-group-is-layout-constrained\">\n<div style=\"height:100px\" aria-hidden=\"true\" class=\"wp-block-spacer\"><\/div>\n\n\n\n<div class=\"wp-block-columns has-gray-background-color has-background is-layout-flex wp-container-core-columns-is-layout-1 wp-block-columns-is-layout-flex\">\n<div class=\"wp-block-column is-layout-flow wp-block-column-is-layout-flow\">\n<div class=\"wp-block-educatius-title-paragraph-darkbutton container\"><div class=\"text-block-wrap py-4 py-md-0\"><h3 class=\"text-block-title text-primary\">Doppio Diploma All- Online<\/h3><p class=\"text-primary\">Ottieni un diploma di scuola superiore negli Stati Uniti senza lasciare il tuo paese d&#8217;origine.<br><strong>Corsi online + Scuola superiore a casa<br><\/strong><br>Ottieni un doppio diploma quando completi la scuola superiore nel tuo paese d&#8217;origine e guadagni 5-6 crediti con una scuola superiore negli Stati Uniti. Segui corsi con una delle nostre scuole superiori americane partner per ottenere i crediti di cui hai bisogno mentre continui a frequentare la scuola superiore a casa. Quando ti diplomerai, ti verranno assegnati due diplomi: 1 dalla tua scuola di origine e 1 dagli Stati Uniti.<br><br><strong>Studia quando vuoi<\/strong><br>Puoi guadagnare i tuoi crediti americani in 1 \u2013 4 anni. Scegli di studiare durante l&#8217;anno accademico o durante la pausa estiva. Le lezioni sono asincrone, quindi puoi iniziare quando vuoi e imparare al ritmo giusto per te. Interagirai comunque con insegnanti e compagni di classe, quindi aspettati sessioni dal vivo facoltative due volte al mese nelle tue classi principali.<br><br><strong>Segui le lezioni che ti interessano<\/strong><br>Alcuni dei corsi che segui sono obbligatori, tra cui storia degli Stati Uniti e inglese. Ma sceglierai anche materie opzionali, lezioni in materie che potrebbero non essere disponibili nella tua scuola superiore locale. Approfondire la tua conoscenza in materie che ti interessano sar\u00e0 divertente e forse ti informer\u00e0 su ci\u00f2 che studi dopo la scuola superiore.&nbsp;<\/p><a href=\"https:\/\/academystage.merklesweden.com\/it\/enroll-now\/\" class=\"btn btn-primary\">Inizia la conversazione<\/a><\/div><\/div>\n<\/div>\n\n\n\n<div class=\"wp-block-column is-layout-flow wp-block-column-is-layout-flow\">\n<div class=\"wp-block-educatius-bordered-text container\"><div class=\"quick-fact-section\"><h6 class=\"text-block-title text-primary\">Fatti in breve: All-Online Dual Diploma<\/h6><ul class=\"list-group text-primary\"><li class=\"list-item\">Segui 5-6 corsi virtuali asincroni in aggiunta alle lezioni a casa<\/li><br><li class=\"list-item\">Il totale dei corsi online e a casa ti consente di ottenere il tuo doppio diploma di scuola superiore statunitense<\/li><br><li class=\"list-item\">Ottieni supporto da insegnanti e consulenti accademici<\/li><br><li class=\"list-item\">Distribuisci i corsi. Gli studi online possono essere svolti in 1 &#8211; 4 anni<\/li><br><li class=\"list-item\">Studia durante l&#8217;anno accademico o in estate<br><\/li><br><li class=\"list-item\">Inizia in qualsiasi momento, studia al tuo ritmo<\/li><\/ul><\/div><\/div>\n<\/div>\n<\/div>\n<\/div><\/div>\n\n\n\n<section class=\"wp-block-educatius-right-image-and-text highlight-section-reverse py-1 py-sm-2 py-md-2 py-sm-5 py-md-5 container\"><div class=\"container\"><div class=\"row\"><div class=\"col-md-6 order-md-1\"><img decoding=\"async\" src=\"https:\/\/academystage.merklesweden.com\/wp-content\/uploads\/2025\/02\/girl-smiling-in-graduation-day.jpg\" class=\"w-100\"\/><\/div><div class=\"col-md-6 order-md-0\" style=\"background:#e8b8a6\"><div class=\"text-block-wrap py-md-0 px-md-5\"><span class=\"text-block-title\" style=\"color:#000000\"><\/span><h3 class=\"text-block-title\" style=\"color:#000000\">Prenota una consulenza accademica gratuita<\/h3><p style=\"color:#000000\">Prenota un incontro individuale con noi e raccontaci i tuoi obiettivi accademici. Insieme esploreremo il modo migliore per portarti dove vuoi andare.<br><a href=\"https:\/\/www.educatiusacademy.org\/it\/contact-us-student\/\"><\/a><\/p><a href=\"https:\/\/academystage.merklesweden.com\/it\/contact-us-student\/\" class=\"btn btn-outline-primary btn-lg\" style=\"background-color:#691c32;border-color:#691c32;color:#ffffff\">Prenota una consultazione gratuita<\/a><\/div><\/div><\/div><\/div><\/section>\n\n\n\n<div class=\"wp-block-educatius-underscore-heading container\"><h2 class=\"section-title text-center mx-auto mt-5 mb-2\">Ascolta i nostri ex studenti<\/h2><\/div>\n\n\n\n<div class=\"wp-block-educatius-testimonial-slider students-feedback-wrap bg-lightest-blue container\"><div class=\"container\"><div class=\"row\"><div class=\"col-md-6\"><div class=\"student-img-swipe swiper\"><div class=\"swiper-wrapper\"><div class=\"swiper-slide student-img-wrap\"><img decoding=\"async\" src=\"https:\/\/academystage.merklesweden.com\/wp-content\/uploads\/2025\/02\/academy-online-student-testimonial-2-400x400px.jpg\" alt=\"testimonial-0\" class=\"w-100\"\/><\/div><\/div><\/div><\/div><div class=\"col-md-6\"><div class=\"student-feedback-column p-5\"><div class=\"student-feedback-text swiper position-relative pb-5\"><div class=\"swiper-wrapper\"><div class=\"swiper-slide feedback-text-wrap\"><p class=\"mb-5\">\u201cLa piattaforma \u00e8 molto intuitiva e facile da navigare. Mi piace davvero poter vedere i miei progressi e il calendario \u00e8 molto bello da avere. Se segui i consigli degli insegnanti e della piattaforma, non rimarrai indietro.\u201d<br><\/p><p class=\"feedback-author\">Patrik, 18 anni, Danimarca<\/p><\/div><\/div><div class=\"swiper-pagination student-feedback-dots d-flex align-items-center\"><\/div><\/div><\/div><\/div><\/div><\/div><\/div>\n","protected":false},"excerpt":{"rendered":"","protected":false},"author":2,"featured_media":0,"parent":924,"menu_order":0,"comment_status":"closed","ping_status":"closed","template":"","meta":{"_acf_changed":false,"inline_featured_image":false,"footnotes":""},"wf_page_folders":[],"class_list":["post-953","page","type-page","status-publish","hentry"],"acf":[],"yoast_head":"<!-- This site is optimized with the Yoast SEO Premium plugin v23.4 (Yoast SEO v23.6) - https:\/\/yoast.com\/wordpress\/plugins\/seo\/ -->\n<title>All-Online Dual Diploma - Graduate with a US Diploma! - Educatius Academy Online - Educatius Academy Online<\/title>\n<meta name=\"description\" content=\"Earn an American high school Dual Diploma in your home country by studying virtual courses in addition to your local high school graduation.\" \/>\n<meta name=\"robots\" content=\"noindex, follow, max-snippet:-1, max-image-preview:large, max-video-preview:-1\" \/>\n<meta property=\"og:locale\" content=\"it_IT\" \/>\n<meta property=\"og:type\" content=\"article\" \/>\n<meta property=\"og:title\" content=\"All-Online Dual Diploma\" \/>\n<meta property=\"og:description\" content=\"Earn an American high school Dual Diploma in your home country by studying virtual courses in addition to your local high school graduation.\" \/>\n<meta property=\"og:url\" content=\"https:\/\/academystage.merklesweden.com\/it\/dual-diploma\/all-online-dual-diploma\/\" \/>\n<meta property=\"og:site_name\" content=\"Educatius Academy Online\" \/>\n<meta property=\"article:modified_time\" content=\"2025-04-25T07:52:35+00:00\" \/>\n<meta property=\"og:image\" content=\"https:\/\/academystage.merklesweden.com\/wp-content\/uploads\/2025\/02\/girl-smiling-in-graduation-day.jpg\" \/>\n<meta name=\"twitter:card\" content=\"summary_large_image\" \/>\n<meta name=\"twitter:label1\" content=\"Est. reading time\" \/>\n\t<meta name=\"twitter:data1\" content=\"3 minuti\" \/>\n<script type=\"application\/ld+json\" class=\"yoast-schema-graph\">{\"@context\":\"https:\/\/schema.org\",\"@graph\":[{\"@type\":\"WebPage\",\"@id\":\"https:\/\/academystage.merklesweden.com\/it\/dual-diploma\/all-online-dual-diploma\/\",\"url\":\"https:\/\/academystage.merklesweden.com\/it\/dual-diploma\/all-online-dual-diploma\/\",\"name\":\"All-Online Dual Diploma - Graduate with a US Diploma! - Educatius Academy Online - Educatius Academy Online\",\"isPartOf\":{\"@id\":\"https:\/\/academystage.merklesweden.com\/it\/#website\"},\"primaryImageOfPage\":{\"@id\":\"https:\/\/academystage.merklesweden.com\/it\/dual-diploma\/all-online-dual-diploma\/#primaryimage\"},\"image\":{\"@id\":\"https:\/\/academystage.merklesweden.com\/it\/dual-diploma\/all-online-dual-diploma\/#primaryimage\"},\"thumbnailUrl\":\"https:\/\/academystage.merklesweden.com\/wp-content\/uploads\/2025\/02\/girl-smiling-in-graduation-day.jpg\",\"datePublished\":\"2025-02-20T05:04:26+00:00\",\"dateModified\":\"2025-04-25T07:52:35+00:00\",\"description\":\"Earn an American high school Dual Diploma in your home country by studying virtual courses in addition to your local high school graduation.\",\"breadcrumb\":{\"@id\":\"https:\/\/academystage.merklesweden.com\/it\/dual-diploma\/all-online-dual-diploma\/#breadcrumb\"},\"inLanguage\":\"it-IT\",\"potentialAction\":[{\"@type\":\"ReadAction\",\"target\":[\"https:\/\/academystage.merklesweden.com\/it\/dual-diploma\/all-online-dual-diploma\/\"]}]},{\"@type\":\"ImageObject\",\"inLanguage\":\"it-IT\",\"@id\":\"https:\/\/academystage.merklesweden.com\/it\/dual-diploma\/all-online-dual-diploma\/#primaryimage\",\"url\":\"https:\/\/academystage.merklesweden.com\/wp-content\/uploads\/2025\/02\/girl-smiling-in-graduation-day.jpg\",\"contentUrl\":\"https:\/\/academystage.merklesweden.com\/wp-content\/uploads\/2025\/02\/girl-smiling-in-graduation-day.jpg\"},{\"@type\":\"BreadcrumbList\",\"@id\":\"https:\/\/academystage.merklesweden.com\/it\/dual-diploma\/all-online-dual-diploma\/#breadcrumb\",\"itemListElement\":[{\"@type\":\"ListItem\",\"position\":1,\"name\":\"Home\",\"item\":\"https:\/\/academystage.merklesweden.com\/it\/\"},{\"@type\":\"ListItem\",\"position\":2,\"name\":\"Dual diploma\",\"item\":\"https:\/\/academystage.merklesweden.com\/it\/dual-diploma\/\"},{\"@type\":\"ListItem\",\"position\":3,\"name\":\"All-Online Dual Diploma\"}]},{\"@type\":\"WebSite\",\"@id\":\"https:\/\/academystage.merklesweden.com\/it\/#website\",\"url\":\"https:\/\/academystage.merklesweden.com\/it\/\",\"name\":\"Educatius Academy Online\",\"description\":\"\",\"publisher\":{\"@id\":\"https:\/\/academystage.merklesweden.com\/it\/#organization\"},\"potentialAction\":[{\"@type\":\"SearchAction\",\"target\":{\"@type\":\"EntryPoint\",\"urlTemplate\":\"https:\/\/academystage.merklesweden.com\/it\/?s={search_term_string}\"},\"query-input\":{\"@type\":\"PropertyValueSpecification\",\"valueRequired\":true,\"valueName\":\"search_term_string\"}}],\"inLanguage\":\"it-IT\"},{\"@type\":\"Organization\",\"@id\":\"https:\/\/academystage.merklesweden.com\/it\/#organization\",\"name\":\"Educatius Academy Online\",\"url\":\"https:\/\/academystage.merklesweden.com\/it\/\",\"logo\":{\"@type\":\"ImageObject\",\"inLanguage\":\"it-IT\",\"@id\":\"https:\/\/academystage.merklesweden.com\/it\/#\/schema\/logo\/image\/\",\"url\":\"https:\/\/academystage.merklesweden.com\/wp-content\/uploads\/2025\/02\/educatius_academy_white.png\",\"contentUrl\":\"https:\/\/academystage.merklesweden.com\/wp-content\/uploads\/2025\/02\/educatius_academy_white.png\",\"width\":837,\"height\":332,\"caption\":\"Educatius Academy Online\"},\"image\":{\"@id\":\"https:\/\/academystage.merklesweden.com\/it\/#\/schema\/logo\/image\/\"}}]}<\/script>\n<!-- \/ Yoast SEO Premium plugin. -->","yoast_head_json":{"title":"All-Online Dual Diploma - Graduate with a US Diploma! - Educatius Academy Online - Educatius Academy Online","description":"Earn an American high school Dual Diploma in your home country by studying virtual courses in addition to your local high school graduation.","robots":{"index":"noindex","follow":"follow","max-snippet":"max-snippet:-1","max-image-preview":"max-image-preview:large","max-video-preview":"max-video-preview:-1"},"og_locale":"it_IT","og_type":"article","og_title":"All-Online Dual Diploma","og_description":"Earn an American high school Dual Diploma in your home country by studying virtual courses in addition to your local high school graduation.","og_url":"https:\/\/academystage.merklesweden.com\/it\/dual-diploma\/all-online-dual-diploma\/","og_site_name":"Educatius Academy Online","article_modified_time":"2025-04-25T07:52:35+00:00","og_image":[{"url":"https:\/\/academystage.merklesweden.com\/wp-content\/uploads\/2025\/02\/girl-smiling-in-graduation-day.jpg"}],"twitter_card":"summary_large_image","twitter_misc":{"Est. reading time":"3 minuti"},"schema":{"@context":"https:\/\/schema.org","@graph":[{"@type":"WebPage","@id":"https:\/\/academystage.merklesweden.com\/it\/dual-diploma\/all-online-dual-diploma\/","url":"https:\/\/academystage.merklesweden.com\/it\/dual-diploma\/all-online-dual-diploma\/","name":"All-Online Dual Diploma - Graduate with a US Diploma! - Educatius Academy Online - Educatius Academy Online","isPartOf":{"@id":"https:\/\/academystage.merklesweden.com\/it\/#website"},"primaryImageOfPage":{"@id":"https:\/\/academystage.merklesweden.com\/it\/dual-diploma\/all-online-dual-diploma\/#primaryimage"},"image":{"@id":"https:\/\/academystage.merklesweden.com\/it\/dual-diploma\/all-online-dual-diploma\/#primaryimage"},"thumbnailUrl":"https:\/\/academystage.merklesweden.com\/wp-content\/uploads\/2025\/02\/girl-smiling-in-graduation-day.jpg","datePublished":"2025-02-20T05:04:26+00:00","dateModified":"2025-04-25T07:52:35+00:00","description":"Earn an American high school Dual Diploma in your home country by studying virtual courses in addition to your local high school graduation.","breadcrumb":{"@id":"https:\/\/academystage.merklesweden.com\/it\/dual-diploma\/all-online-dual-diploma\/#breadcrumb"},"inLanguage":"it-IT","potentialAction":[{"@type":"ReadAction","target":["https:\/\/academystage.merklesweden.com\/it\/dual-diploma\/all-online-dual-diploma\/"]}]},{"@type":"ImageObject","inLanguage":"it-IT","@id":"https:\/\/academystage.merklesweden.com\/it\/dual-diploma\/all-online-dual-diploma\/#primaryimage","url":"https:\/\/academystage.merklesweden.com\/wp-content\/uploads\/2025\/02\/girl-smiling-in-graduation-day.jpg","contentUrl":"https:\/\/academystage.merklesweden.com\/wp-content\/uploads\/2025\/02\/girl-smiling-in-graduation-day.jpg"},{"@type":"BreadcrumbList","@id":"https:\/\/academystage.merklesweden.com\/it\/dual-diploma\/all-online-dual-diploma\/#breadcrumb","itemListElement":[{"@type":"ListItem","position":1,"name":"Home","item":"https:\/\/academystage.merklesweden.com\/it\/"},{"@type":"ListItem","position":2,"name":"Dual diploma","item":"https:\/\/academystage.merklesweden.com\/it\/dual-diploma\/"},{"@type":"ListItem","position":3,"name":"All-Online Dual Diploma"}]},{"@type":"WebSite","@id":"https:\/\/academystage.merklesweden.com\/it\/#website","url":"https:\/\/academystage.merklesweden.com\/it\/","name":"Educatius Academy Online","description":"","publisher":{"@id":"https:\/\/academystage.merklesweden.com\/it\/#organization"},"potentialAction":[{"@type":"SearchAction","target":{"@type":"EntryPoint","urlTemplate":"https:\/\/academystage.merklesweden.com\/it\/?s={search_term_string}"},"query-input":{"@type":"PropertyValueSpecification","valueRequired":true,"valueName":"search_term_string"}}],"inLanguage":"it-IT"},{"@type":"Organization","@id":"https:\/\/academystage.merklesweden.com\/it\/#organization","name":"Educatius Academy Online","url":"https:\/\/academystage.merklesweden.com\/it\/","logo":{"@type":"ImageObject","inLanguage":"it-IT","@id":"https:\/\/academystage.merklesweden.com\/it\/#\/schema\/logo\/image\/","url":"https:\/\/academystage.merklesweden.com\/wp-content\/uploads\/2025\/02\/educatius_academy_white.png","contentUrl":"https:\/\/academystage.merklesweden.com\/wp-content\/uploads\/2025\/02\/educatius_academy_white.png","width":837,"height":332,"caption":"Educatius Academy Online"},"image":{"@id":"https:\/\/academystage.merklesweden.com\/it\/#\/schema\/logo\/image\/"}}]}},"_links":{"self":[{"href":"https:\/\/academystage.merklesweden.com\/it\/wp-json\/wp\/v2\/pages\/953","targetHints":{"allow":["GET"]}}],"collection":[{"href":"https:\/\/academystage.merklesweden.com\/it\/wp-json\/wp\/v2\/pages"}],"about":[{"href":"https:\/\/academystage.merklesweden.com\/it\/wp-json\/wp\/v2\/types\/page"}],"author":[{"embeddable":true,"href":"https:\/\/academystage.merklesweden.com\/it\/wp-json\/wp\/v2\/users\/2"}],"replies":[{"embeddable":true,"href":"https:\/\/academystage.merklesweden.com\/it\/wp-json\/wp\/v2\/comments?post=953"}],"version-history":[{"count":13,"href":"https:\/\/academystage.merklesweden.com\/it\/wp-json\/wp\/v2\/pages\/953\/revisions"}],"predecessor-version":[{"id":1901,"href":"https:\/\/academystage.merklesweden.com\/it\/wp-json\/wp\/v2\/pages\/953\/revisions\/1901"}],"up":[{"embeddable":true,"href":"https:\/\/academystage.merklesweden.com\/it\/wp-json\/wp\/v2\/pages\/924"}],"wp:attachment":[{"href":"https:\/\/academystage.merklesweden.com\/it\/wp-json\/wp\/v2\/media?parent=953"}],"wp:term":[{"taxonomy":"wf_page_folders","embeddable":true,"href":"https:\/\/academystage.merklesweden.com\/it\/wp-json\/wp\/v2\/wf_page_folders?post=953"}],"curies":[{"name":"wp","href":"https:\/\/api.w.org\/{rel}","templated":true}]}}