{"id":1047,"date":"2025-02-20T06:39:58","date_gmt":"2025-02-20T06:39:58","guid":{"rendered":"https:\/\/academystage.merklesweden.com\/?page_id=1047"},"modified":"2025-04-25T08:11:49","modified_gmt":"2025-04-25T08:11:49","slug":"english-prep-camp","status":"publish","type":"page","link":"https:\/\/academystage.merklesweden.com\/it\/whats-included\/english-prep-camp\/","title":{"rendered":"English Prep Camp"},"content":{"rendered":"\n<div class=\"wp-block-group has-gray-background-color has-background\"><div class=\"wp-block-group__inner-container is-layout-constrained wp-block-group-is-layout-constrained\">\n<div style=\"height:100px\" aria-hidden=\"true\" class=\"wp-block-spacer\"><\/div>\n\n\n\n<div class=\"wp-block-columns container has-gray-background-color has-background is-layout-flex wp-container-core-columns-is-layout-1 wp-block-columns-is-layout-flex\">\n<div class=\"wp-block-column is-layout-flow wp-block-column-is-layout-flow\">\n<div class=\"wp-block-educatius-title-paragraph-darkbutton container\"><div class=\"text-block-wrap py-4 py-md-0\"><h3 class=\"text-block-title text-primary\">English Prep Camp<\/h3><p class=\"text-primary\">Unisciti al nostro English Prep Camp per migliorare le tue abilit\u00e0 linguistiche e prepararti per un&#8217;esperienza di scuola superiore internazionale all&#8217;estero o a casa. In queste lezioni online settimanali svilupperai le competenze necessarie per un&#8217;esperienza internazionale che ti cambier\u00e0 la vita.<br>Get a Global Perspective<br>Studenti provenienti da tutto il mondo si uniscono al nostro campo di preparazione all&#8217;inglese. Una volta terminato, avrai sviluppato le tue abilit\u00e0 linguistiche e imparato a conoscere altre culture e luoghi. Questa esperienza aumenter\u00e0 la tua sicurezza mentre intraprendi i tuoi studi internazionali.<br>Insegnanti professionisti<br>I nostri insegnanti madrelingua inglese sono tutti educatori certificati e hanno esperienza nella fornitura di corsi online. Sanno come mantenere le lezioni coinvolgenti e divertenti!<br>Curriculum personalizzato<br>Ti verr\u00e0 insegnato in inglese, ma il livello di difficolt\u00e0 dipender\u00e0 dalle tue competenze linguistiche. Abbiamo sviluppato i nostri materiali didattici in modo che possano essere adattati al tuo livello.<br>Apprendimento in piccoli gruppi<br>Impara insieme a studenti con una mentalit\u00e0 globale come te. Le lezioni sono tenute in piccoli gruppi di studenti provenienti da tutto il mondo.<\/p><a href=\"\/enroll-now\/\" class=\"btn btn-primary\">Saperne di pi\u00f9<\/a><\/div><\/div>\n<\/div>\n\n\n\n<div class=\"wp-block-column is-layout-flow wp-block-column-is-layout-flow\">\n<figure class=\"wp-block-embed is-type-video is-provider-youtube wp-block-embed-youtube wp-embed-aspect-16-9 wp-has-aspect-ratio\"><div class=\"wp-block-embed__wrapper\">\n<iframe loading=\"lazy\" title=\"Educatius Academy English Prep Camp\" width=\"640\" height=\"360\" src=\"https:\/\/www.youtube.com\/embed\/yL8AQbV4y5Q?feature=oembed\" frameborder=\"0\" allow=\"accelerometer; autoplay; clipboard-write; encrypted-media; gyroscope; picture-in-picture; web-share\" referrerpolicy=\"strict-origin-when-cross-origin\" allowfullscreen><\/iframe>\n<\/div><\/figure>\n<\/div>\n<\/div>\n<\/div><\/div>\n\n\n\n<div class=\"wp-block-columns container is-layout-flex wp-container-core-columns-is-layout-2 wp-block-columns-is-layout-flex\">\n<div class=\"wp-block-column is-layout-flow wp-block-column-is-layout-flow\">\n<figure class=\"wp-block-image size-full\"><img loading=\"lazy\" decoding=\"async\" width=\"640\" height=\"427\" src=\"https:\/\/academystage.merklesweden.com\/wp-content\/uploads\/2025\/02\/hapa-male-student-with-big-hair-hand-up-in-class.jpg\" alt=\"\" class=\"wp-image-226\" srcset=\"https:\/\/academystage.merklesweden.com\/wp-content\/uploads\/2025\/02\/hapa-male-student-with-big-hair-hand-up-in-class.jpg 640w, https:\/\/academystage.merklesweden.com\/wp-content\/uploads\/2025\/02\/hapa-male-student-with-big-hair-hand-up-in-class-300x200.jpg 300w, https:\/\/academystage.merklesweden.com\/wp-content\/uploads\/2025\/02\/hapa-male-student-with-big-hair-hand-up-in-class-24x16.jpg 24w, https:\/\/academystage.merklesweden.com\/wp-content\/uploads\/2025\/02\/hapa-male-student-with-big-hair-hand-up-in-class-36x24.jpg 36w, https:\/\/academystage.merklesweden.com\/wp-content\/uploads\/2025\/02\/hapa-male-student-with-big-hair-hand-up-in-class-48x32.jpg 48w\" sizes=\"auto, (max-width: 640px) 100vw, 640px\" \/><\/figure>\n<\/div>\n\n\n\n<div class=\"wp-block-column is-layout-flow wp-block-column-is-layout-flow\">\n<div class=\"wp-block-educatius-bordered-text container\"><div class=\"quick-fact-section\"><h6 class=\"text-block-title text-primary\">I fatti in breve:<\/h6><ul class=\"list-group text-primary\"><li class=\"list-item\">Lezioni sincrone settimanali<\/li><br><li class=\"list-item\">Ore di lezioni divertenti e interattive<\/li><br><li class=\"list-item\">Apprendimento personalizzato<\/li><br><li class=\"list-item\">Insegnanti madrelingua inglesi esperti<\/li><br><li class=\"list-item\">Piccoli gruppi di studenti internazionali<\/li><\/ul><\/div><\/div>\n<\/div>\n<\/div>\n\n\n\n<section class=\"wp-block-educatius-right-image-and-text highlight-section-reverse py-1 py-sm-2 py-md-2 py-sm-5 py-md-5 container\"><div class=\"container\"><div class=\"row\"><div class=\"col-md-6 order-md-1\"><img decoding=\"async\" src=\"https:\/\/academystage.merklesweden.com\/wp-content\/uploads\/2025\/02\/female-student-with-computer-measure-english-skills-1.jpg\" class=\"w-100\"\/><\/div><div class=\"col-md-6 order-md-0\" style=\"background:#e8b8a6\"><div class=\"text-block-wrap py-md-0 px-md-5\"><span class=\"text-block-title\" style=\"color:#000000\"><\/span><h3 class=\"text-block-title\" style=\"color:#000000\">Misura le tue abilit\u00e0 linguistiche<\/h3><p style=\"color:#000000\">Misura le tue abilit\u00e0 linguistiche in inglese con questa valutazione gratuita e completa. I risultati ci aiutano a consigliarti i passaggi migliori per raggiungere i tuoi obiettivi accademici. Ti contatteremo dopo aver ricevuto i risultati.<\/p><a href=\"https:\/\/academystage.merklesweden.com\/it\/whats-included\/english-assessment\/\" class=\"btn btn-outline-primary btn-lg\" style=\"background-color:#691c32;border-color:#691c32;color:#ffffff\">Valuta il tuo inglese<\/a><\/div><\/div><\/div><\/div><\/section>\n\n\n\n<section class=\"wp-block-educatius-left-image-and-text highlight-section py-1 py-sm-2 py-md-2 py-sm-5 py-md-5 container\"><div class=\"container\"><div class=\"row\"><div class=\"col-md-6\"><img decoding=\"async\" src=\"https:\/\/academystage.merklesweden.com\/wp-content\/uploads\/2025\/02\/two-academic-students-studying.jpg\" class=\"w-100\"\/><\/div><div class=\"col-md-6\" style=\"background:#faf4e2\"><div class=\"text-block-wrap py-md-0 px-md-5\"><span class=\"text-block-title\" style=\"color:#691c32\"><\/span><h3 class=\"text-block-title\" style=\"color:#691c32\">Prenota consulenza accademica<\/h3><p style=\"color:#691c32\">Prenota un incontro individuale con noi e raccontaci i tuoi obiettivi accademici. Insieme esploreremo il modo migliore per portarti dove vuoi andare.<\/p><a href=\"https:\/\/academystage.merklesweden.com\/it\/contact-us-student\/\" class=\"btn btn-outline-primary btn-lg\" style=\"background-color:#691c32;border-color:#691c32;color:#ffffff\">Prenota una consultazione gratuita<\/a><\/div><\/div><\/div><\/div><\/section>\n","protected":false},"excerpt":{"rendered":"","protected":false},"author":2,"featured_media":0,"parent":1035,"menu_order":0,"comment_status":"closed","ping_status":"closed","template":"","meta":{"_acf_changed":false,"inline_featured_image":false,"footnotes":""},"wf_page_folders":[],"class_list":["post-1047","page","type-page","status-publish","hentry"],"acf":[],"yoast_head":"<!-- This site is optimized with the Yoast SEO Premium plugin v23.4 (Yoast SEO v23.6) - https:\/\/yoast.com\/wordpress\/plugins\/seo\/ -->\n<title>Join our fun, interactive, English Prep Camp - Educatius Academy Online - Educatius Academy Online<\/title>\n<meta name=\"description\" content=\"International students worldwide join together to improve their English with this synchronous &quot;live&quot; online English Preparation course.\" \/>\n<meta name=\"robots\" content=\"noindex, follow, max-snippet:-1, max-image-preview:large, max-video-preview:-1\" \/>\n<meta property=\"og:locale\" content=\"it_IT\" \/>\n<meta property=\"og:type\" content=\"article\" \/>\n<meta property=\"og:title\" content=\"English Prep Camp\" \/>\n<meta property=\"og:description\" content=\"International students worldwide join together to improve their English with this synchronous &quot;live&quot; online English Preparation course.\" \/>\n<meta property=\"og:url\" content=\"https:\/\/academystage.merklesweden.com\/it\/whats-included\/english-prep-camp\/\" \/>\n<meta property=\"og:site_name\" content=\"Educatius Academy Online\" \/>\n<meta property=\"article:modified_time\" content=\"2025-04-25T08:11:49+00:00\" \/>\n<meta property=\"og:image\" content=\"https:\/\/academystage.merklesweden.com\/wp-content\/uploads\/2025\/02\/hapa-male-student-with-big-hair-hand-up-in-class.jpg\" \/>\n\t<meta property=\"og:image:width\" content=\"640\" \/>\n\t<meta property=\"og:image:height\" content=\"427\" \/>\n\t<meta property=\"og:image:type\" content=\"image\/jpeg\" \/>\n<meta name=\"twitter:card\" content=\"summary_large_image\" \/>\n<meta name=\"twitter:label1\" content=\"Est. reading time\" \/>\n\t<meta name=\"twitter:data1\" content=\"2 minuti\" \/>\n<script type=\"application\/ld+json\" class=\"yoast-schema-graph\">{\"@context\":\"https:\/\/schema.org\",\"@graph\":[{\"@type\":\"WebPage\",\"@id\":\"https:\/\/academystage.merklesweden.com\/it\/whats-included\/english-prep-camp\/\",\"url\":\"https:\/\/academystage.merklesweden.com\/it\/whats-included\/english-prep-camp\/\",\"name\":\"Join our fun, interactive, English Prep Camp - Educatius Academy Online - Educatius Academy Online\",\"isPartOf\":{\"@id\":\"https:\/\/academystage.merklesweden.com\/it\/#website\"},\"primaryImageOfPage\":{\"@id\":\"https:\/\/academystage.merklesweden.com\/it\/whats-included\/english-prep-camp\/#primaryimage\"},\"image\":{\"@id\":\"https:\/\/academystage.merklesweden.com\/it\/whats-included\/english-prep-camp\/#primaryimage\"},\"thumbnailUrl\":\"https:\/\/academystage.merklesweden.com\/wp-content\/uploads\/2025\/02\/hapa-male-student-with-big-hair-hand-up-in-class.jpg\",\"datePublished\":\"2025-02-20T06:39:58+00:00\",\"dateModified\":\"2025-04-25T08:11:49+00:00\",\"description\":\"International students worldwide join together to improve their English with this synchronous \\\"live\\\" online English Preparation course.\",\"breadcrumb\":{\"@id\":\"https:\/\/academystage.merklesweden.com\/it\/whats-included\/english-prep-camp\/#breadcrumb\"},\"inLanguage\":\"it-IT\",\"potentialAction\":[{\"@type\":\"ReadAction\",\"target\":[\"https:\/\/academystage.merklesweden.com\/it\/whats-included\/english-prep-camp\/\"]}]},{\"@type\":\"ImageObject\",\"inLanguage\":\"it-IT\",\"@id\":\"https:\/\/academystage.merklesweden.com\/it\/whats-included\/english-prep-camp\/#primaryimage\",\"url\":\"https:\/\/academystage.merklesweden.com\/wp-content\/uploads\/2025\/02\/hapa-male-student-with-big-hair-hand-up-in-class.jpg\",\"contentUrl\":\"https:\/\/academystage.merklesweden.com\/wp-content\/uploads\/2025\/02\/hapa-male-student-with-big-hair-hand-up-in-class.jpg\"},{\"@type\":\"BreadcrumbList\",\"@id\":\"https:\/\/academystage.merklesweden.com\/it\/whats-included\/english-prep-camp\/#breadcrumb\",\"itemListElement\":[{\"@type\":\"ListItem\",\"position\":1,\"name\":\"Home\",\"item\":\"https:\/\/academystage.merklesweden.com\/it\/\"},{\"@type\":\"ListItem\",\"position\":2,\"name\":\"What&#8217;s included\",\"item\":\"https:\/\/academystage.merklesweden.com\/it\/whats-included\/\"},{\"@type\":\"ListItem\",\"position\":3,\"name\":\"English Prep Camp\"}]},{\"@type\":\"WebSite\",\"@id\":\"https:\/\/academystage.merklesweden.com\/it\/#website\",\"url\":\"https:\/\/academystage.merklesweden.com\/it\/\",\"name\":\"Educatius Academy Online\",\"description\":\"\",\"publisher\":{\"@id\":\"https:\/\/academystage.merklesweden.com\/it\/#organization\"},\"potentialAction\":[{\"@type\":\"SearchAction\",\"target\":{\"@type\":\"EntryPoint\",\"urlTemplate\":\"https:\/\/academystage.merklesweden.com\/it\/?s={search_term_string}\"},\"query-input\":{\"@type\":\"PropertyValueSpecification\",\"valueRequired\":true,\"valueName\":\"search_term_string\"}}],\"inLanguage\":\"it-IT\"},{\"@type\":\"Organization\",\"@id\":\"https:\/\/academystage.merklesweden.com\/it\/#organization\",\"name\":\"Educatius Academy Online\",\"url\":\"https:\/\/academystage.merklesweden.com\/it\/\",\"logo\":{\"@type\":\"ImageObject\",\"inLanguage\":\"it-IT\",\"@id\":\"https:\/\/academystage.merklesweden.com\/it\/#\/schema\/logo\/image\/\",\"url\":\"https:\/\/academystage.merklesweden.com\/wp-content\/uploads\/2025\/02\/educatius_academy_white.png\",\"contentUrl\":\"https:\/\/academystage.merklesweden.com\/wp-content\/uploads\/2025\/02\/educatius_academy_white.png\",\"width\":837,\"height\":332,\"caption\":\"Educatius Academy Online\"},\"image\":{\"@id\":\"https:\/\/academystage.merklesweden.com\/it\/#\/schema\/logo\/image\/\"}}]}<\/script>\n<!-- \/ Yoast SEO Premium plugin. -->","yoast_head_json":{"title":"Join our fun, interactive, English Prep Camp - Educatius Academy Online - Educatius Academy Online","description":"International students worldwide join together to improve their English with this synchronous \"live\" online English Preparation course.","robots":{"index":"noindex","follow":"follow","max-snippet":"max-snippet:-1","max-image-preview":"max-image-preview:large","max-video-preview":"max-video-preview:-1"},"og_locale":"it_IT","og_type":"article","og_title":"English Prep Camp","og_description":"International students worldwide join together to improve their English with this synchronous \"live\" online English Preparation course.","og_url":"https:\/\/academystage.merklesweden.com\/it\/whats-included\/english-prep-camp\/","og_site_name":"Educatius Academy Online","article_modified_time":"2025-04-25T08:11:49+00:00","og_image":[{"width":640,"height":427,"url":"https:\/\/academystage.merklesweden.com\/wp-content\/uploads\/2025\/02\/hapa-male-student-with-big-hair-hand-up-in-class.jpg","type":"image\/jpeg"}],"twitter_card":"summary_large_image","twitter_misc":{"Est. reading time":"2 minuti"},"schema":{"@context":"https:\/\/schema.org","@graph":[{"@type":"WebPage","@id":"https:\/\/academystage.merklesweden.com\/it\/whats-included\/english-prep-camp\/","url":"https:\/\/academystage.merklesweden.com\/it\/whats-included\/english-prep-camp\/","name":"Join our fun, interactive, English Prep Camp - Educatius Academy Online - Educatius Academy Online","isPartOf":{"@id":"https:\/\/academystage.merklesweden.com\/it\/#website"},"primaryImageOfPage":{"@id":"https:\/\/academystage.merklesweden.com\/it\/whats-included\/english-prep-camp\/#primaryimage"},"image":{"@id":"https:\/\/academystage.merklesweden.com\/it\/whats-included\/english-prep-camp\/#primaryimage"},"thumbnailUrl":"https:\/\/academystage.merklesweden.com\/wp-content\/uploads\/2025\/02\/hapa-male-student-with-big-hair-hand-up-in-class.jpg","datePublished":"2025-02-20T06:39:58+00:00","dateModified":"2025-04-25T08:11:49+00:00","description":"International students worldwide join together to improve their English with this synchronous \"live\" online English Preparation course.","breadcrumb":{"@id":"https:\/\/academystage.merklesweden.com\/it\/whats-included\/english-prep-camp\/#breadcrumb"},"inLanguage":"it-IT","potentialAction":[{"@type":"ReadAction","target":["https:\/\/academystage.merklesweden.com\/it\/whats-included\/english-prep-camp\/"]}]},{"@type":"ImageObject","inLanguage":"it-IT","@id":"https:\/\/academystage.merklesweden.com\/it\/whats-included\/english-prep-camp\/#primaryimage","url":"https:\/\/academystage.merklesweden.com\/wp-content\/uploads\/2025\/02\/hapa-male-student-with-big-hair-hand-up-in-class.jpg","contentUrl":"https:\/\/academystage.merklesweden.com\/wp-content\/uploads\/2025\/02\/hapa-male-student-with-big-hair-hand-up-in-class.jpg"},{"@type":"BreadcrumbList","@id":"https:\/\/academystage.merklesweden.com\/it\/whats-included\/english-prep-camp\/#breadcrumb","itemListElement":[{"@type":"ListItem","position":1,"name":"Home","item":"https:\/\/academystage.merklesweden.com\/it\/"},{"@type":"ListItem","position":2,"name":"What&#8217;s included","item":"https:\/\/academystage.merklesweden.com\/it\/whats-included\/"},{"@type":"ListItem","position":3,"name":"English Prep Camp"}]},{"@type":"WebSite","@id":"https:\/\/academystage.merklesweden.com\/it\/#website","url":"https:\/\/academystage.merklesweden.com\/it\/","name":"Educatius Academy Online","description":"","publisher":{"@id":"https:\/\/academystage.merklesweden.com\/it\/#organization"},"potentialAction":[{"@type":"SearchAction","target":{"@type":"EntryPoint","urlTemplate":"https:\/\/academystage.merklesweden.com\/it\/?s={search_term_string}"},"query-input":{"@type":"PropertyValueSpecification","valueRequired":true,"valueName":"search_term_string"}}],"inLanguage":"it-IT"},{"@type":"Organization","@id":"https:\/\/academystage.merklesweden.com\/it\/#organization","name":"Educatius Academy Online","url":"https:\/\/academystage.merklesweden.com\/it\/","logo":{"@type":"ImageObject","inLanguage":"it-IT","@id":"https:\/\/academystage.merklesweden.com\/it\/#\/schema\/logo\/image\/","url":"https:\/\/academystage.merklesweden.com\/wp-content\/uploads\/2025\/02\/educatius_academy_white.png","contentUrl":"https:\/\/academystage.merklesweden.com\/wp-content\/uploads\/2025\/02\/educatius_academy_white.png","width":837,"height":332,"caption":"Educatius Academy Online"},"image":{"@id":"https:\/\/academystage.merklesweden.com\/it\/#\/schema\/logo\/image\/"}}]}},"_links":{"self":[{"href":"https:\/\/academystage.merklesweden.com\/it\/wp-json\/wp\/v2\/pages\/1047","targetHints":{"allow":["GET"]}}],"collection":[{"href":"https:\/\/academystage.merklesweden.com\/it\/wp-json\/wp\/v2\/pages"}],"about":[{"href":"https:\/\/academystage.merklesweden.com\/it\/wp-json\/wp\/v2\/types\/page"}],"author":[{"embeddable":true,"href":"https:\/\/academystage.merklesweden.com\/it\/wp-json\/wp\/v2\/users\/2"}],"replies":[{"embeddable":true,"href":"https:\/\/academystage.merklesweden.com\/it\/wp-json\/wp\/v2\/comments?post=1047"}],"version-history":[{"count":12,"href":"https:\/\/academystage.merklesweden.com\/it\/wp-json\/wp\/v2\/pages\/1047\/revisions"}],"predecessor-version":[{"id":1910,"href":"https:\/\/academystage.merklesweden.com\/it\/wp-json\/wp\/v2\/pages\/1047\/revisions\/1910"}],"up":[{"embeddable":true,"href":"https:\/\/academystage.merklesweden.com\/it\/wp-json\/wp\/v2\/pages\/1035"}],"wp:attachment":[{"href":"https:\/\/academystage.merklesweden.com\/it\/wp-json\/wp\/v2\/media?parent=1047"}],"wp:term":[{"taxonomy":"wf_page_folders","embeddable":true,"href":"https:\/\/academystage.merklesweden.com\/it\/wp-json\/wp\/v2\/wf_page_folders?post=1047"}],"curies":[{"name":"wp","href":"https:\/\/api.w.org\/{rel}","templated":true}]}}