{"id":995,"date":"2025-02-18T10:17:39","date_gmt":"2025-02-18T10:17:39","guid":{"rendered":"https:\/\/academystage.merklesweden.com\/?page_id=995"},"modified":"2025-04-22T07:48:12","modified_gmt":"2025-04-22T07:48:12","slug":"faq","status":"publish","type":"page","link":"https:\/\/academystage.merklesweden.com\/es\/faq\/","title":{"rendered":"FAQ"},"content":{"rendered":"\n<div style=\"height:169px\" aria-hidden=\"true\" class=\"wp-block-spacer\"><\/div>\n\n\n\n<div class=\"wp-block-educatius-underscore-heading container\"><h2 class=\"section-title text-center mx-auto mt-3 mb-5\">FAQ &#8211; Preguntas frecuentes<\/h2><\/div>\n\n\n\n<div class=\"wp-block-columns container is-layout-flex wp-container-core-columns-is-layout-1 wp-block-columns-is-layout-flex\">\n<div class=\"wp-block-column is-layout-flow wp-block-column-is-layout-flow\" style=\"flex-basis:66.66%\">\n<div class=\"wp-block-educatius-faq-accordion container\"><div class=\"accordion\" id=\"accordionExample\"><div class=\"accordion-item\"><h2 class=\"accordion-header\" id=\"heading2262\"><button class=\"accordion-button collapsed\" type=\"button\" data-bs-toggle=\"collapse\" data-bs-target=\"#tab2262\" aria-expanded=\"false\" aria-controls=\"tab2262\">\u00bfCu\u00e1ndo puedo empezar el programa?<\/button><\/h2><div id=\"tab2262\" class=\"accordion-collapse collapse\" aria-labelledby=\"heading2262\" data-bs-parent=\"#accordionExample\"><div class=\"accordion-body\"><p>Procesamos las inscripciones de forma continua, por lo que puede solicitar e iniciar el programa en cualquier momento.<\/p><\/div><\/div><\/div><div class=\"accordion-item\"><h2 class=\"accordion-header\" id=\"heading1229\"><button class=\"accordion-button collapsed\" type=\"button\" data-bs-toggle=\"collapse\" data-bs-target=\"#tab1229\" aria-expanded=\"false\" aria-controls=\"tab1229\">\u00bfPuedo empezar el programa del Dual Diploma antes de irme al extranjero?<\/button><\/h2><div id=\"tab1229\" class=\"accordion-collapse collapse\" aria-labelledby=\"heading1229\" data-bs-parent=\"#accordionExample\"><div class=\"accordion-body\"><p>S\u00ed. Muchos estudiantes comienzan el programa antes de ir al extranjero, ya que te ayuda a prepararte para tus estudios en otro pa\u00eds. Pero el programa es flexible y te permite tomar clases antes y despu\u00e9s de tu experiencia de intercambio en el extranjero.<\/p><\/div><\/div><\/div><div class=\"accordion-item\"><h2 class=\"accordion-header\" id=\"heading7936\"><button class=\"accordion-button collapsed\" type=\"button\" data-bs-toggle=\"collapse\" data-bs-target=\"#tab7936\" aria-expanded=\"false\" aria-controls=\"tab7936\">\u00bfPuedo estudiar en el extranjero y online?<\/button><\/h2><div id=\"tab7936\" class=\"accordion-collapse collapse\" aria-labelledby=\"heading7936\" data-bs-parent=\"#accordionExample\"><div class=\"accordion-body\"><p>S\u00ed. Te ayudaremos a encontrar el programa adecuado que combine los estudios online y estudios en el extranjero.<\/p><\/div><\/div><\/div><div class=\"accordion-item\"><h2 class=\"accordion-header\" id=\"heading5703\"><button class=\"accordion-button collapsed\" type=\"button\" data-bs-toggle=\"collapse\" data-bs-target=\"#tab5703\" aria-expanded=\"false\" aria-controls=\"tab5703\">\u00bfPuedo hacer el Dual Diploma si me voy al extranjero, a un pa\u00eds que no sea EE.UU.?<\/button><\/h2><div id=\"tab5703\" class=\"accordion-collapse collapse\" aria-labelledby=\"heading5703\" data-bs-parent=\"#accordionExample\"><div class=\"accordion-body\"><p>\u00a1S\u00ed! Los estudiantes pueden transferir cursos de cualquier programa de intercambio de habla inglesa al programa del Dual Diploma. Puedes empezar tus cursos cuando llegues a casa o antes de irte. Ponte en contacto con nosotros para obtener m\u00e1s informaci\u00f3n.<\/p><\/div><\/div><\/div><div class=\"accordion-item\"><h2 class=\"accordion-header\" id=\"heading1394\"><button class=\"accordion-button collapsed\" type=\"button\" data-bs-toggle=\"collapse\" data-bs-target=\"#tab1394\" aria-expanded=\"false\" aria-controls=\"tab1394\">\u00bfTengo que asistir en persona al instituto asociado para poder obtener el Dual Diploma?<\/button><\/h2><div id=\"tab1394\" class=\"accordion-collapse collapse\" aria-labelledby=\"heading1394\" data-bs-parent=\"#accordionExample\"><div class=\"accordion-body\"><p>No, puedes ir a cualquier instituto acreditado de cualquier pa\u00eds angl\u00f3fono.<\/p><\/div><\/div><\/div><div class=\"accordion-item\"><h2 class=\"accordion-header\" id=\"heading3865\"><button class=\"accordion-button collapsed\" type=\"button\" data-bs-toggle=\"collapse\" data-bs-target=\"#tab3865\" aria-expanded=\"false\" aria-controls=\"tab3865\">\u00bfPuedo tomar clases online mientras estudio en el extranjero?<\/button><\/h2><div id=\"tab3865\" class=\"accordion-collapse collapse\" aria-labelledby=\"heading3865\" data-bs-parent=\"#accordionExample\"><div class=\"accordion-body\"><p>No. Las asignaturas que curses durante un intercambio en el extranjero pueden contar para la obtenci\u00f3n del Diploma Dual. No necesitas hacer cursos adicionales cuando est\u00e9s de intercambio. Puedes completar tu programa de diploma cuando vuelvas a casa.<\/p><\/div><\/div><\/div><div class=\"accordion-item\"><h2 class=\"accordion-header\" id=\"heading2930\"><button class=\"accordion-button collapsed\" type=\"button\" data-bs-toggle=\"collapse\" data-bs-target=\"#tab2930\" aria-expanded=\"false\" aria-controls=\"tab2930\">Is there an age limit?<\/button><\/h2><div id=\"tab2930\" class=\"accordion-collapse collapse\" aria-labelledby=\"heading2930\" data-bs-parent=\"#accordionExample\"><div class=\"accordion-body\"><p>Most students complete the diploma programs before they turn 20 years old. But, we also offer a program for students that are a bit older.<\/p><\/div><\/div><\/div><div class=\"accordion-item\"><h2 class=\"accordion-header\" id=\"heading7831\"><button class=\"accordion-button collapsed\" type=\"button\" data-bs-toggle=\"collapse\" data-bs-target=\"#tab7831\" aria-expanded=\"false\" aria-controls=\"tab7831\">\u00bfHay un l\u00edmite de edad para poder hacerlo?<\/button><\/h2><div id=\"tab7831\" class=\"accordion-collapse collapse\" aria-labelledby=\"heading7831\" data-bs-parent=\"#accordionExample\"><div class=\"accordion-body\"><p>La mayor\u00eda de los estudiantes terminan los programas de diplomatura antes de cumplir los 20 a\u00f1os. Pero tambi\u00e9n ofrecemos un programa para estudiantes un poco mayores.<\/p><\/div><\/div><\/div><div class=\"accordion-item\"><h2 class=\"accordion-header\" id=\"heading5608\"><button class=\"accordion-button collapsed\" type=\"button\" data-bs-toggle=\"collapse\" data-bs-target=\"#tab5608\" aria-expanded=\"false\" aria-controls=\"tab5608\">\u00bfCu\u00e1nto tiempo se tarda en hacer un curso?<\/button><\/h2><div id=\"tab5608\" class=\"accordion-collapse collapse\" aria-labelledby=\"heading5608\" data-bs-parent=\"#accordionExample\"><div class=\"accordion-body\"><p>Normalmente se necesitan entre 100 y 120 horas para completar un curso de 1 cr\u00e9dito completo. Esto equivale a unas 2,5 o 3 horas semanales si se distribuyen los estudios a lo largo de un curso acad\u00e9mico (10 meses).<\/p><\/div><\/div><\/div><div class=\"accordion-item\"><h2 class=\"accordion-header\" id=\"heading5985\"><button class=\"accordion-button collapsed\" type=\"button\" data-bs-toggle=\"collapse\" data-bs-target=\"#tab5985\" aria-expanded=\"false\" aria-controls=\"tab5985\">\u00bfQu\u00e9 tecnolog\u00eda necesito?<\/button><\/h2><div id=\"tab5985\" class=\"accordion-collapse collapse\" aria-labelledby=\"heading5985\" data-bs-parent=\"#accordionExample\"><div class=\"accordion-body\"><p>Necesitar\u00e1s un ordenador de sobremesa con c\u00e1mara, un port\u00e1til, un iPad o una tableta con software de procesamiento de textos, y conexi\u00f3n a Internet.<\/p><\/div><\/div><\/div><\/div><\/div>\n<\/div>\n\n\n\n<div class=\"wp-block-column is-layout-flow wp-block-column-is-layout-flow\" style=\"flex-basis:33.33%\">\n<figure class=\"wp-block-image size-full\"><img loading=\"lazy\" decoding=\"async\" width=\"640\" height=\"959\" src=\"https:\/\/academystage.merklesweden.com\/wp-content\/uploads\/2025\/02\/academy-faq-writing-by-hand.jpg\" alt=\"\" class=\"wp-image-195\" srcset=\"https:\/\/academystage.merklesweden.com\/wp-content\/uploads\/2025\/02\/academy-faq-writing-by-hand.jpg 640w, https:\/\/academystage.merklesweden.com\/wp-content\/uploads\/2025\/02\/academy-faq-writing-by-hand-200x300.jpg 200w, https:\/\/academystage.merklesweden.com\/wp-content\/uploads\/2025\/02\/academy-faq-writing-by-hand-16x24.jpg 16w, https:\/\/academystage.merklesweden.com\/wp-content\/uploads\/2025\/02\/academy-faq-writing-by-hand-24x36.jpg 24w, https:\/\/academystage.merklesweden.com\/wp-content\/uploads\/2025\/02\/academy-faq-writing-by-hand-32x48.jpg 32w\" sizes=\"auto, (max-width: 640px) 100vw, 640px\" \/><\/figure>\n<\/div>\n<\/div>\n\n\n\n<div class=\"wp-block-columns container is-layout-flex wp-container-core-columns-is-layout-2 wp-block-columns-is-layout-flex\">\n<div class=\"wp-block-column has-light-pink-background-color has-background is-layout-flow wp-block-column-is-layout-flow\">\n<figure class=\"wp-block-image size-full\"><img loading=\"lazy\" decoding=\"async\" width=\"640\" height=\"427\" src=\"https:\/\/academystage.merklesweden.com\/wp-content\/uploads\/2025\/02\/student-asking-the-teacher-some-questions.jpg\" alt=\"\" class=\"wp-image-233\" srcset=\"https:\/\/academystage.merklesweden.com\/wp-content\/uploads\/2025\/02\/student-asking-the-teacher-some-questions.jpg 640w, https:\/\/academystage.merklesweden.com\/wp-content\/uploads\/2025\/02\/student-asking-the-teacher-some-questions-300x200.jpg 300w, https:\/\/academystage.merklesweden.com\/wp-content\/uploads\/2025\/02\/student-asking-the-teacher-some-questions-24x16.jpg 24w, https:\/\/academystage.merklesweden.com\/wp-content\/uploads\/2025\/02\/student-asking-the-teacher-some-questions-36x24.jpg 36w, https:\/\/academystage.merklesweden.com\/wp-content\/uploads\/2025\/02\/student-asking-the-teacher-some-questions-48x32.jpg 48w\" sizes=\"auto, (max-width: 640px) 100vw, 640px\" \/><\/figure>\n\n\n\n<div class=\"wp-block-educatius-title-paragraph-darkbutton container\"><div class=\"text-block-wrap py-4 py-md-0\"><h3 class=\"text-block-title text-primary\">\u00bfTienes m\u00e1s preguntas?<\/h3><p class=\"text-primary\">Nos encantar\u00eda responder a tus preguntas y darte m\u00e1s informaci\u00f3n. Ponte en contacto con nosotros para m\u00e1s detalles.<\/p><a href=\"\/contact-us-student\/\" class=\"btn btn-primary\">Contacta con nosotros<\/a><\/div><\/div>\n<\/div>\n\n\n\n<div class=\"wp-block-column has-light-pink-background-color has-background is-layout-flow wp-block-column-is-layout-flow\">\n<figure class=\"wp-block-image size-full\"><img loading=\"lazy\" decoding=\"async\" width=\"640\" height=\"427\" src=\"https:\/\/academystage.merklesweden.com\/wp-content\/uploads\/2025\/02\/girl-student-with-diploma-and-laptop.jpg\" alt=\"\" class=\"wp-image-221\" srcset=\"https:\/\/academystage.merklesweden.com\/wp-content\/uploads\/2025\/02\/girl-student-with-diploma-and-laptop.jpg 640w, https:\/\/academystage.merklesweden.com\/wp-content\/uploads\/2025\/02\/girl-student-with-diploma-and-laptop-300x200.jpg 300w, https:\/\/academystage.merklesweden.com\/wp-content\/uploads\/2025\/02\/girl-student-with-diploma-and-laptop-24x16.jpg 24w, https:\/\/academystage.merklesweden.com\/wp-content\/uploads\/2025\/02\/girl-student-with-diploma-and-laptop-36x24.jpg 36w, https:\/\/academystage.merklesweden.com\/wp-content\/uploads\/2025\/02\/girl-student-with-diploma-and-laptop-48x32.jpg 48w\" sizes=\"auto, (max-width: 640px) 100vw, 640px\" \/><\/figure>\n\n\n\n<div class=\"wp-block-educatius-title-paragraph-darkbutton container\"><div class=\"text-block-wrap py-4 py-md-0\"><h3 class=\"text-block-title text-primary\">Reserva asesoramiento acad\u00e9mico gratuito<\/h3><p class=\"text-primary\">\u00danete a una sesi\u00f3n individual para contarnos cu\u00e1les son tus metas acad\u00e9micas. Juntos, exploraremos las mejores opciones para ayudarte a conseguirlas.<\/p><a href=\"\/contact-us-student\/\" class=\"btn btn-primary\">Contacta con un orientador<\/a><\/div><\/div>\n<\/div>\n<\/div>\n\n\n\n<p><\/p>\n","protected":false},"excerpt":{"rendered":"","protected":false},"author":2,"featured_media":0,"parent":0,"menu_order":0,"comment_status":"closed","ping_status":"closed","template":"","meta":{"_acf_changed":false,"inline_featured_image":false,"footnotes":""},"wf_page_folders":[],"class_list":["post-995","page","type-page","status-publish","hentry"],"acf":[],"yoast_head":"<!-- This site is optimized with the Yoast SEO Premium plugin v23.4 (Yoast SEO v23.6) - https:\/\/yoast.com\/wordpress\/plugins\/seo\/ -->\n<title>Learn About Our Online Program Details - Educatius Academy Online - Educatius Academy Online<\/title>\n<meta name=\"description\" content=\"Find out everything you need to know about studying online, our US high school courses, and earning a USA diploma for international students.\" \/>\n<meta name=\"robots\" content=\"noindex, follow, max-snippet:-1, max-image-preview:large, max-video-preview:-1\" \/>\n<meta property=\"og:locale\" content=\"es_ES\" \/>\n<meta property=\"og:type\" content=\"article\" \/>\n<meta property=\"og:title\" content=\"FAQ\" \/>\n<meta property=\"og:description\" content=\"Find out everything you need to know about studying online, our US high school courses, and earning a USA diploma for international students.\" \/>\n<meta property=\"og:url\" content=\"https:\/\/academystage.merklesweden.com\/es\/faq\/\" \/>\n<meta property=\"og:site_name\" content=\"Educatius Academy Online\" \/>\n<meta property=\"article:modified_time\" content=\"2025-04-22T07:48:12+00:00\" \/>\n<meta property=\"og:image\" content=\"https:\/\/academystage.merklesweden.com\/wp-content\/uploads\/2025\/02\/academy-faq-writing-by-hand.jpg\" \/>\n\t<meta property=\"og:image:width\" content=\"640\" \/>\n\t<meta property=\"og:image:height\" content=\"959\" \/>\n\t<meta property=\"og:image:type\" content=\"image\/jpeg\" \/>\n<meta name=\"twitter:card\" content=\"summary_large_image\" \/>\n<meta name=\"twitter:label1\" content=\"Est. reading time\" \/>\n\t<meta name=\"twitter:data1\" content=\"3 minutos\" \/>\n<script type=\"application\/ld+json\" class=\"yoast-schema-graph\">{\"@context\":\"https:\/\/schema.org\",\"@graph\":[{\"@type\":\"WebPage\",\"@id\":\"https:\/\/academystage.merklesweden.com\/es\/faq\/\",\"url\":\"https:\/\/academystage.merklesweden.com\/es\/faq\/\",\"name\":\"Learn About Our Online Program Details - Educatius Academy Online - Educatius Academy Online\",\"isPartOf\":{\"@id\":\"https:\/\/academystage.merklesweden.com\/es\/#website\"},\"primaryImageOfPage\":{\"@id\":\"https:\/\/academystage.merklesweden.com\/es\/faq\/#primaryimage\"},\"image\":{\"@id\":\"https:\/\/academystage.merklesweden.com\/es\/faq\/#primaryimage\"},\"thumbnailUrl\":\"https:\/\/academystage.merklesweden.com\/wp-content\/uploads\/2025\/02\/academy-faq-writing-by-hand.jpg\",\"datePublished\":\"2025-02-18T10:17:39+00:00\",\"dateModified\":\"2025-04-22T07:48:12+00:00\",\"description\":\"Find out everything you need to know about studying online, our US high school courses, and earning a USA diploma for international students.\",\"breadcrumb\":{\"@id\":\"https:\/\/academystage.merklesweden.com\/es\/faq\/#breadcrumb\"},\"inLanguage\":\"es\",\"potentialAction\":[{\"@type\":\"ReadAction\",\"target\":[\"https:\/\/academystage.merklesweden.com\/es\/faq\/\"]}]},{\"@type\":\"ImageObject\",\"inLanguage\":\"es\",\"@id\":\"https:\/\/academystage.merklesweden.com\/es\/faq\/#primaryimage\",\"url\":\"https:\/\/academystage.merklesweden.com\/wp-content\/uploads\/2025\/02\/academy-faq-writing-by-hand.jpg\",\"contentUrl\":\"https:\/\/academystage.merklesweden.com\/wp-content\/uploads\/2025\/02\/academy-faq-writing-by-hand.jpg\"},{\"@type\":\"BreadcrumbList\",\"@id\":\"https:\/\/academystage.merklesweden.com\/es\/faq\/#breadcrumb\",\"itemListElement\":[{\"@type\":\"ListItem\",\"position\":1,\"name\":\"Home\",\"item\":\"https:\/\/academystage.merklesweden.com\/es\/\"},{\"@type\":\"ListItem\",\"position\":2,\"name\":\"FAQ\"}]},{\"@type\":\"WebSite\",\"@id\":\"https:\/\/academystage.merklesweden.com\/es\/#website\",\"url\":\"https:\/\/academystage.merklesweden.com\/es\/\",\"name\":\"Educatius Academy Online\",\"description\":\"\",\"publisher\":{\"@id\":\"https:\/\/academystage.merklesweden.com\/es\/#organization\"},\"potentialAction\":[{\"@type\":\"SearchAction\",\"target\":{\"@type\":\"EntryPoint\",\"urlTemplate\":\"https:\/\/academystage.merklesweden.com\/es\/?s={search_term_string}\"},\"query-input\":{\"@type\":\"PropertyValueSpecification\",\"valueRequired\":true,\"valueName\":\"search_term_string\"}}],\"inLanguage\":\"es\"},{\"@type\":\"Organization\",\"@id\":\"https:\/\/academystage.merklesweden.com\/es\/#organization\",\"name\":\"Educatius Academy Online\",\"url\":\"https:\/\/academystage.merklesweden.com\/es\/\",\"logo\":{\"@type\":\"ImageObject\",\"inLanguage\":\"es\",\"@id\":\"https:\/\/academystage.merklesweden.com\/es\/#\/schema\/logo\/image\/\",\"url\":\"https:\/\/academystage.merklesweden.com\/wp-content\/uploads\/2025\/02\/educatius_academy_white.png\",\"contentUrl\":\"https:\/\/academystage.merklesweden.com\/wp-content\/uploads\/2025\/02\/educatius_academy_white.png\",\"width\":837,\"height\":332,\"caption\":\"Educatius Academy Online\"},\"image\":{\"@id\":\"https:\/\/academystage.merklesweden.com\/es\/#\/schema\/logo\/image\/\"}}]}<\/script>\n<!-- \/ Yoast SEO Premium plugin. -->","yoast_head_json":{"title":"Learn About Our Online Program Details - Educatius Academy Online - Educatius Academy Online","description":"Find out everything you need to know about studying online, our US high school courses, and earning a USA diploma for international students.","robots":{"index":"noindex","follow":"follow","max-snippet":"max-snippet:-1","max-image-preview":"max-image-preview:large","max-video-preview":"max-video-preview:-1"},"og_locale":"es_ES","og_type":"article","og_title":"FAQ","og_description":"Find out everything you need to know about studying online, our US high school courses, and earning a USA diploma for international students.","og_url":"https:\/\/academystage.merklesweden.com\/es\/faq\/","og_site_name":"Educatius Academy Online","article_modified_time":"2025-04-22T07:48:12+00:00","og_image":[{"width":640,"height":959,"url":"https:\/\/academystage.merklesweden.com\/wp-content\/uploads\/2025\/02\/academy-faq-writing-by-hand.jpg","type":"image\/jpeg"}],"twitter_card":"summary_large_image","twitter_misc":{"Est. reading time":"3 minutos"},"schema":{"@context":"https:\/\/schema.org","@graph":[{"@type":"WebPage","@id":"https:\/\/academystage.merklesweden.com\/es\/faq\/","url":"https:\/\/academystage.merklesweden.com\/es\/faq\/","name":"Learn About Our Online Program Details - Educatius Academy Online - Educatius Academy Online","isPartOf":{"@id":"https:\/\/academystage.merklesweden.com\/es\/#website"},"primaryImageOfPage":{"@id":"https:\/\/academystage.merklesweden.com\/es\/faq\/#primaryimage"},"image":{"@id":"https:\/\/academystage.merklesweden.com\/es\/faq\/#primaryimage"},"thumbnailUrl":"https:\/\/academystage.merklesweden.com\/wp-content\/uploads\/2025\/02\/academy-faq-writing-by-hand.jpg","datePublished":"2025-02-18T10:17:39+00:00","dateModified":"2025-04-22T07:48:12+00:00","description":"Find out everything you need to know about studying online, our US high school courses, and earning a USA diploma for international students.","breadcrumb":{"@id":"https:\/\/academystage.merklesweden.com\/es\/faq\/#breadcrumb"},"inLanguage":"es","potentialAction":[{"@type":"ReadAction","target":["https:\/\/academystage.merklesweden.com\/es\/faq\/"]}]},{"@type":"ImageObject","inLanguage":"es","@id":"https:\/\/academystage.merklesweden.com\/es\/faq\/#primaryimage","url":"https:\/\/academystage.merklesweden.com\/wp-content\/uploads\/2025\/02\/academy-faq-writing-by-hand.jpg","contentUrl":"https:\/\/academystage.merklesweden.com\/wp-content\/uploads\/2025\/02\/academy-faq-writing-by-hand.jpg"},{"@type":"BreadcrumbList","@id":"https:\/\/academystage.merklesweden.com\/es\/faq\/#breadcrumb","itemListElement":[{"@type":"ListItem","position":1,"name":"Home","item":"https:\/\/academystage.merklesweden.com\/es\/"},{"@type":"ListItem","position":2,"name":"FAQ"}]},{"@type":"WebSite","@id":"https:\/\/academystage.merklesweden.com\/es\/#website","url":"https:\/\/academystage.merklesweden.com\/es\/","name":"Educatius Academy Online","description":"","publisher":{"@id":"https:\/\/academystage.merklesweden.com\/es\/#organization"},"potentialAction":[{"@type":"SearchAction","target":{"@type":"EntryPoint","urlTemplate":"https:\/\/academystage.merklesweden.com\/es\/?s={search_term_string}"},"query-input":{"@type":"PropertyValueSpecification","valueRequired":true,"valueName":"search_term_string"}}],"inLanguage":"es"},{"@type":"Organization","@id":"https:\/\/academystage.merklesweden.com\/es\/#organization","name":"Educatius Academy Online","url":"https:\/\/academystage.merklesweden.com\/es\/","logo":{"@type":"ImageObject","inLanguage":"es","@id":"https:\/\/academystage.merklesweden.com\/es\/#\/schema\/logo\/image\/","url":"https:\/\/academystage.merklesweden.com\/wp-content\/uploads\/2025\/02\/educatius_academy_white.png","contentUrl":"https:\/\/academystage.merklesweden.com\/wp-content\/uploads\/2025\/02\/educatius_academy_white.png","width":837,"height":332,"caption":"Educatius Academy Online"},"image":{"@id":"https:\/\/academystage.merklesweden.com\/es\/#\/schema\/logo\/image\/"}}]}},"_links":{"self":[{"href":"https:\/\/academystage.merklesweden.com\/es\/wp-json\/wp\/v2\/pages\/995","targetHints":{"allow":["GET"]}}],"collection":[{"href":"https:\/\/academystage.merklesweden.com\/es\/wp-json\/wp\/v2\/pages"}],"about":[{"href":"https:\/\/academystage.merklesweden.com\/es\/wp-json\/wp\/v2\/types\/page"}],"author":[{"embeddable":true,"href":"https:\/\/academystage.merklesweden.com\/es\/wp-json\/wp\/v2\/users\/2"}],"replies":[{"embeddable":true,"href":"https:\/\/academystage.merklesweden.com\/es\/wp-json\/wp\/v2\/comments?post=995"}],"version-history":[{"count":4,"href":"https:\/\/academystage.merklesweden.com\/es\/wp-json\/wp\/v2\/pages\/995\/revisions"}],"predecessor-version":[{"id":1766,"href":"https:\/\/academystage.merklesweden.com\/es\/wp-json\/wp\/v2\/pages\/995\/revisions\/1766"}],"wp:attachment":[{"href":"https:\/\/academystage.merklesweden.com\/es\/wp-json\/wp\/v2\/media?parent=995"}],"wp:term":[{"taxonomy":"wf_page_folders","embeddable":true,"href":"https:\/\/academystage.merklesweden.com\/es\/wp-json\/wp\/v2\/wf_page_folders?post=995"}],"curies":[{"name":"wp","href":"https:\/\/api.w.org\/{rel}","templated":true}]}}