{"id":979,"date":"2025-02-20T05:33:36","date_gmt":"2025-02-20T05:33:36","guid":{"rendered":"https:\/\/academystage.merklesweden.com\/?page_id=979"},"modified":"2025-04-25T09:14:38","modified_gmt":"2025-04-25T09:14:38","slug":"u-s-high-school-diploma-online","status":"publish","type":"page","link":"https:\/\/academystage.merklesweden.com\/es\/dual-diploma\/u-s-high-school-diploma-online\/","title":{"rendered":"u-s-high-school-diploma-online"},"content":{"rendered":"\n<div class=\"wp-block-group\"><div class=\"wp-block-group__inner-container is-layout-constrained wp-block-group-is-layout-constrained\">\n<div class=\"wp-block-group has-gray-background-color has-background\"><div class=\"wp-block-group__inner-container is-layout-constrained wp-block-group-is-layout-constrained\">\n<div style=\"height:100px\" aria-hidden=\"true\" class=\"wp-block-spacer\"><\/div>\n\n\n\n<div class=\"wp-block-columns container has-gray-background-color has-background is-layout-flex wp-container-core-columns-is-layout-1 wp-block-columns-is-layout-flex\">\n<div class=\"wp-block-column is-layout-flow wp-block-column-is-layout-flow\">\n<div class=\"wp-block-educatius-title-paragraph-darkbutton container\"><div class=\"text-block-wrap py-4 py-md-0\"><h3 class=\"text-block-title text-primary\">Full-Time Diploma<\/h3><p class=\"text-primary\">Los estudiantes pueden obtener su t\u00edtulo de secundaria online &#8211; con un High School de EE.UU.. Para los estudiantes que deciden no asistir a la escuela secundaria en su pa\u00eds de origen, esta es una oportunidad para completar los estudios de secundaria virtualmente con una escuela estadounidense. Los estudiantes obtienen las credenciales necesarias para continuar sus estudios, realizar pr\u00e1cticas y conseguir un empleo en el futuro.<br><strong>Cursos online<br><\/strong><br>Grad\u00faate con un t\u00edtulo de bachillerato estadounidense obteniendo todos los cr\u00e9ditos necesarios mediante estudios a tiempo completo. Si ya has cursado estudios secundarios, algunos o todos tus cr\u00e9ditos anteriores contar\u00e1n para la obtenci\u00f3n del t\u00edtulo. Los estudiantes sin experiencia en la ense\u00f1anza secundaria pueden cursar todas las asignaturas obligatorias por Internet. Todos deben cursar las asignaturas obligatorias de bachillerato, as\u00ed como Ingl\u00e9s e Historia de EE.UU.. Adem\u00e1s, los estudiantes pueden elegir asignaturas optativas para obtener cr\u00e9ditos.<br><br><strong>Flexible Full-time Study<\/strong><br>Estudiar a tiempo completo puede ser exigente, pero este programa es flexible. Las clases son as\u00edncronas, lo que significa que puedes estudiar a las horas que te convengan y a tu propio ritmo. Tambi\u00e9n puedes empezar en cualquier momento. Seguir\u00e1s en contacto directo con profesores y tutores para los cursos b\u00e1sicos, pero el programa est\u00e1 dise\u00f1ado para facilitar tu \u00e9xito.&nbsp;<br><strong>Orientaci\u00f3n personalizada<\/strong><br>Cada estudiante recibe asesoramiento acad\u00e9mico personalizado para ayudarle a planificar su educaci\u00f3n. Empezamos revisando los expedientes acad\u00e9micos si has terminado alg\u00fan tramo de educaci\u00f3n. Tambi\u00e9n evaluamos tus conocimientos de ingl\u00e9s y discutimos tus aspiraciones para la vida despu\u00e9s de la graduaci\u00f3n. Esto nos informa de cu\u00e1l ser\u00e1 tu horario y qu\u00e9 clases te recomendamos que tomes para alcanzar tus objetivos acad\u00e9micos.&nbsp;&nbsp;&nbsp;<\/p><a href=\"https:\/\/academystage.merklesweden.com\/es\/enroll-now\/\" class=\"btn btn-primary\">Inicia la conversaci\u00f3n<\/a><\/div><\/div>\n<\/div>\n\n\n\n<div class=\"wp-block-column is-layout-flow wp-block-column-is-layout-flow\">\n<div class=\"wp-block-educatius-bordered-text container\"><div class=\"quick-fact-section\"><h6 class=\"text-block-title text-primary\">Datos de inter\u00e9s: Full-Time U.S. High School Diploma Online<\/h6><ul class=\"list-group text-primary\"><li class=\"list-item\">Completar el High School online y obtener un t\u00edtulo de EE.UU.<\/li><br><li class=\"list-item\">Aplicar cursos que ya haya realizado en su pa\u00eds o en el extranjero<\/li><br><li class=\"list-item\">Estudiar online a tiempo completo<\/li><br><li class=\"list-item\">Comienza en cualquier momento y estudia a tu propio ritmo<\/li><br><li class=\"list-item\">Obt\u00e9n ayuda para seleccionar los cursos adecuados<\/li><br><li class=\"list-item\">Los profesores y asesores te ayudar\u00e1n a mantener el rumbo hacia la graduaci\u00f3n.<\/li><\/ul><\/div><\/div>\n<\/div>\n<\/div>\n<\/div><\/div>\n<\/div><\/div>\n\n\n\n<section class=\"wp-block-educatius-left-image-and-text highlight-section py-1 py-sm-2 py-md-2 py-sm-5 py-md-5\"><div class=\"container\"><div class=\"row\"><div class=\"col-md-6\"><img decoding=\"async\" src=\"https:\/\/academystage.merklesweden.com\/wp-content\/uploads\/2025\/02\/student-talking-to-teacher-and-walking-from-class.jpg\" class=\"w-100\"\/><\/div><div class=\"col-md-6\" style=\"background:#e8b8a6\"><div class=\"text-block-wrap py-md-0 px-md-5\"><span class=\"text-block-title\" style=\"color:#000000\"><\/span><h3 class=\"text-block-title\" style=\"color:#000000\">Reserva tu orientaci\u00f3n acad\u00e9mica gratuita<\/h3><p style=\"color:#000000\">\u00danete a una sesi\u00f3n individual para contarnos cu\u00e1les son tus metas acad\u00e9micas. Juntos, exploraremos las mejores opciones para ayudarte a conseguirlas.<br><a href=\"https:\/\/www.educatiusacademy.org\/es\/contact-us-student\/\"><\/a><\/p><a href=\"https:\/\/academystage.merklesweden.com\/es\/contact-us-student\/\" class=\"btn btn-outline-primary btn-lg\" style=\"background-color:#691c32;border-color:#691c32;color:#ffffff\">Reserva una consulta gratis<\/a><\/div><\/div><\/div><\/div><\/section>\n\n\n\n<section class=\"wp-block-educatius-right-image-and-text highlight-section-reverse py-1 py-sm-2 py-md-2 py-sm-5 py-md-5\"><div class=\"container\"><div class=\"row\"><div class=\"col-md-6 order-md-1\"><img decoding=\"async\" src=\"https:\/\/academystage.merklesweden.com\/wp-content\/uploads\/2025\/02\/boy-student-studying-online-class.jpg\" class=\"w-100\"\/><\/div><div class=\"col-md-6 order-md-0\" style=\"background:#691c32\"><div class=\"text-block-wrap py-md-0 px-md-5\"><span class=\"text-block-title\" style=\"color:#ffffff\"><\/span><h3 class=\"text-block-title\" style=\"color:#ffffff\">Obt\u00e9n una tutor\u00eda acad\u00e9mica gratuita<\/h3><p style=\"color:#ffffff\">En muchos de nuestros programas, los estudiantes pueden hablar con tutores acad\u00e9micos las 24 horas del d\u00eda, los 365 d\u00edas del a\u00f1o. Pueden ayudarte a comprender mejor la asignatura que est\u00e1s estudiando, a completar las tareas y a prepararte para los ex\u00e1menes. Y el coste est\u00e1 incluido en el precio de tu programa. Hay m\u00e1s servicios de apoyo incluidos en tu programa.<\/p><a href=\"https:\/\/academystage.merklesweden.com\/es\/whats-included\/\" class=\"btn btn-outline-primary btn-lg\" style=\"border-color:#ffffff;color:#ffffff\">Descubre que est\u00e1 inclu\u00eddo<\/a><\/div><\/div><\/div><\/div><\/section>\n\n\n\n<div class=\"wp-block-educatius-underscore-heading container\"><h2 class=\"section-title text-center mx-auto mt-5 mb-2\">Opiniones de nuestros alumnos<\/h2><\/div>\n\n\n\n<div class=\"wp-block-educatius-testimonial-slider students-feedback-wrap bg-lightest-blue container\"><div class=\"container\"><div class=\"row\"><div class=\"col-md-6\"><div class=\"student-img-swipe swiper\"><div class=\"swiper-wrapper\"><div class=\"swiper-slide student-img-wrap\"><img decoding=\"async\" src=\"https:\/\/academystage.merklesweden.com\/wp-content\/uploads\/2025\/02\/Edu_2Girls-1.jpg\" class=\"w-100\"\/><\/div><\/div><\/div><\/div><div class=\"col-md-6\"><div class=\"student-feedback-column p-5\"><div class=\"student-feedback-text swiper position-relative pb-5\"><div class=\"swiper-wrapper\"><div class=\"swiper-slide feedback-text-wrap\"><p class=\"mb-5\">\u00abLos profesores son muy amables y serviciales y me encanta el hecho de que puedo gestionar mi propio tiempo. La plataforma es f\u00e1cil de usar y tiene un mont\u00f3n de herramientas \u00fatiles que me ayudan a progresar. Se lo recomendar\u00eda a todos los estudiantes\u00bb.<\/p><p class=\"feedback-author\">Tamaya, 17 a\u00f1os, Francia<\/p><\/div><\/div><div class=\"swiper-pagination student-feedback-dots d-flex align-items-center\"><\/div><\/div><\/div><\/div><\/div><\/div><\/div>\n","protected":false},"excerpt":{"rendered":"","protected":false},"author":2,"featured_media":0,"parent":951,"menu_order":0,"comment_status":"closed","ping_status":"closed","template":"","meta":{"_acf_changed":false,"inline_featured_image":false,"footnotes":""},"wf_page_folders":[],"class_list":["post-979","page","type-page","status-publish","hentry"],"acf":[],"yoast_head":"<!-- This site is optimized with the Yoast SEO Premium plugin v23.4 (Yoast SEO v23.6) - https:\/\/yoast.com\/wordpress\/plugins\/seo\/ -->\n<title>Complete High School Online with an American School - Educatius Academy Online- Educatius Academy Online<\/title>\n<meta name=\"description\" content=\"Graduate from an American high school by completing your studies online with an interactive virtual program - US courses, teachers, and support.\" \/>\n<meta name=\"robots\" content=\"noindex, follow, max-snippet:-1, max-image-preview:large, max-video-preview:-1\" \/>\n<meta property=\"og:locale\" content=\"es_ES\" \/>\n<meta property=\"og:type\" content=\"article\" \/>\n<meta property=\"og:title\" content=\"u-s-high-school-diploma-online\" \/>\n<meta property=\"og:description\" content=\"Graduate from an American high school by completing your studies online with an interactive virtual program - US courses, teachers, and support.\" \/>\n<meta property=\"og:url\" content=\"https:\/\/academystage.merklesweden.com\/es\/dual-diploma\/u-s-high-school-diploma-online\/\" \/>\n<meta property=\"og:site_name\" content=\"Educatius Academy Online\" \/>\n<meta property=\"article:modified_time\" content=\"2025-04-25T09:14:38+00:00\" \/>\n<meta property=\"og:image\" content=\"https:\/\/academystage.merklesweden.com\/wp-content\/uploads\/2025\/02\/student-talking-to-teacher-and-walking-from-class.jpg\" \/>\n<meta name=\"twitter:card\" content=\"summary_large_image\" \/>\n<meta name=\"twitter:label1\" content=\"Est. reading time\" \/>\n\t<meta name=\"twitter:data1\" content=\"3 minutos\" \/>\n<script type=\"application\/ld+json\" class=\"yoast-schema-graph\">{\"@context\":\"https:\/\/schema.org\",\"@graph\":[{\"@type\":\"WebPage\",\"@id\":\"https:\/\/academystage.merklesweden.com\/es\/dual-diploma\/u-s-high-school-diploma-online\/\",\"url\":\"https:\/\/academystage.merklesweden.com\/es\/dual-diploma\/u-s-high-school-diploma-online\/\",\"name\":\"Complete High School Online with an American School - Educatius Academy Online- Educatius Academy Online\",\"isPartOf\":{\"@id\":\"https:\/\/academystage.merklesweden.com\/es\/#website\"},\"primaryImageOfPage\":{\"@id\":\"https:\/\/academystage.merklesweden.com\/es\/dual-diploma\/u-s-high-school-diploma-online\/#primaryimage\"},\"image\":{\"@id\":\"https:\/\/academystage.merklesweden.com\/es\/dual-diploma\/u-s-high-school-diploma-online\/#primaryimage\"},\"thumbnailUrl\":\"https:\/\/academystage.merklesweden.com\/wp-content\/uploads\/2025\/02\/student-talking-to-teacher-and-walking-from-class.jpg\",\"datePublished\":\"2025-02-20T05:33:36+00:00\",\"dateModified\":\"2025-04-25T09:14:38+00:00\",\"description\":\"Graduate from an American high school by completing your studies online with an interactive virtual program - US courses, teachers, and support.\",\"breadcrumb\":{\"@id\":\"https:\/\/academystage.merklesweden.com\/es\/dual-diploma\/u-s-high-school-diploma-online\/#breadcrumb\"},\"inLanguage\":\"es\",\"potentialAction\":[{\"@type\":\"ReadAction\",\"target\":[\"https:\/\/academystage.merklesweden.com\/es\/dual-diploma\/u-s-high-school-diploma-online\/\"]}]},{\"@type\":\"ImageObject\",\"inLanguage\":\"es\",\"@id\":\"https:\/\/academystage.merklesweden.com\/es\/dual-diploma\/u-s-high-school-diploma-online\/#primaryimage\",\"url\":\"https:\/\/academystage.merklesweden.com\/wp-content\/uploads\/2025\/02\/student-talking-to-teacher-and-walking-from-class.jpg\",\"contentUrl\":\"https:\/\/academystage.merklesweden.com\/wp-content\/uploads\/2025\/02\/student-talking-to-teacher-and-walking-from-class.jpg\"},{\"@type\":\"BreadcrumbList\",\"@id\":\"https:\/\/academystage.merklesweden.com\/es\/dual-diploma\/u-s-high-school-diploma-online\/#breadcrumb\",\"itemListElement\":[{\"@type\":\"ListItem\",\"position\":1,\"name\":\"Home\",\"item\":\"https:\/\/academystage.merklesweden.com\/es\/\"},{\"@type\":\"ListItem\",\"position\":2,\"name\":\"Dual diploma\",\"item\":\"https:\/\/academystage.merklesweden.com\/es\/dual-diploma\/\"},{\"@type\":\"ListItem\",\"position\":3,\"name\":\"u-s-high-school-diploma-online\"}]},{\"@type\":\"WebSite\",\"@id\":\"https:\/\/academystage.merklesweden.com\/es\/#website\",\"url\":\"https:\/\/academystage.merklesweden.com\/es\/\",\"name\":\"Educatius Academy Online\",\"description\":\"\",\"publisher\":{\"@id\":\"https:\/\/academystage.merklesweden.com\/es\/#organization\"},\"potentialAction\":[{\"@type\":\"SearchAction\",\"target\":{\"@type\":\"EntryPoint\",\"urlTemplate\":\"https:\/\/academystage.merklesweden.com\/es\/?s={search_term_string}\"},\"query-input\":{\"@type\":\"PropertyValueSpecification\",\"valueRequired\":true,\"valueName\":\"search_term_string\"}}],\"inLanguage\":\"es\"},{\"@type\":\"Organization\",\"@id\":\"https:\/\/academystage.merklesweden.com\/es\/#organization\",\"name\":\"Educatius Academy Online\",\"url\":\"https:\/\/academystage.merklesweden.com\/es\/\",\"logo\":{\"@type\":\"ImageObject\",\"inLanguage\":\"es\",\"@id\":\"https:\/\/academystage.merklesweden.com\/es\/#\/schema\/logo\/image\/\",\"url\":\"https:\/\/academystage.merklesweden.com\/wp-content\/uploads\/2025\/02\/educatius_academy_white.png\",\"contentUrl\":\"https:\/\/academystage.merklesweden.com\/wp-content\/uploads\/2025\/02\/educatius_academy_white.png\",\"width\":837,\"height\":332,\"caption\":\"Educatius Academy Online\"},\"image\":{\"@id\":\"https:\/\/academystage.merklesweden.com\/es\/#\/schema\/logo\/image\/\"}}]}<\/script>\n<!-- \/ Yoast SEO Premium plugin. -->","yoast_head_json":{"title":"Complete High School Online with an American School - Educatius Academy Online- Educatius Academy Online","description":"Graduate from an American high school by completing your studies online with an interactive virtual program - US courses, teachers, and support.","robots":{"index":"noindex","follow":"follow","max-snippet":"max-snippet:-1","max-image-preview":"max-image-preview:large","max-video-preview":"max-video-preview:-1"},"og_locale":"es_ES","og_type":"article","og_title":"u-s-high-school-diploma-online","og_description":"Graduate from an American high school by completing your studies online with an interactive virtual program - US courses, teachers, and support.","og_url":"https:\/\/academystage.merklesweden.com\/es\/dual-diploma\/u-s-high-school-diploma-online\/","og_site_name":"Educatius Academy Online","article_modified_time":"2025-04-25T09:14:38+00:00","og_image":[{"url":"https:\/\/academystage.merklesweden.com\/wp-content\/uploads\/2025\/02\/student-talking-to-teacher-and-walking-from-class.jpg"}],"twitter_card":"summary_large_image","twitter_misc":{"Est. reading time":"3 minutos"},"schema":{"@context":"https:\/\/schema.org","@graph":[{"@type":"WebPage","@id":"https:\/\/academystage.merklesweden.com\/es\/dual-diploma\/u-s-high-school-diploma-online\/","url":"https:\/\/academystage.merklesweden.com\/es\/dual-diploma\/u-s-high-school-diploma-online\/","name":"Complete High School Online with an American School - Educatius Academy Online- Educatius Academy Online","isPartOf":{"@id":"https:\/\/academystage.merklesweden.com\/es\/#website"},"primaryImageOfPage":{"@id":"https:\/\/academystage.merklesweden.com\/es\/dual-diploma\/u-s-high-school-diploma-online\/#primaryimage"},"image":{"@id":"https:\/\/academystage.merklesweden.com\/es\/dual-diploma\/u-s-high-school-diploma-online\/#primaryimage"},"thumbnailUrl":"https:\/\/academystage.merklesweden.com\/wp-content\/uploads\/2025\/02\/student-talking-to-teacher-and-walking-from-class.jpg","datePublished":"2025-02-20T05:33:36+00:00","dateModified":"2025-04-25T09:14:38+00:00","description":"Graduate from an American high school by completing your studies online with an interactive virtual program - US courses, teachers, and support.","breadcrumb":{"@id":"https:\/\/academystage.merklesweden.com\/es\/dual-diploma\/u-s-high-school-diploma-online\/#breadcrumb"},"inLanguage":"es","potentialAction":[{"@type":"ReadAction","target":["https:\/\/academystage.merklesweden.com\/es\/dual-diploma\/u-s-high-school-diploma-online\/"]}]},{"@type":"ImageObject","inLanguage":"es","@id":"https:\/\/academystage.merklesweden.com\/es\/dual-diploma\/u-s-high-school-diploma-online\/#primaryimage","url":"https:\/\/academystage.merklesweden.com\/wp-content\/uploads\/2025\/02\/student-talking-to-teacher-and-walking-from-class.jpg","contentUrl":"https:\/\/academystage.merklesweden.com\/wp-content\/uploads\/2025\/02\/student-talking-to-teacher-and-walking-from-class.jpg"},{"@type":"BreadcrumbList","@id":"https:\/\/academystage.merklesweden.com\/es\/dual-diploma\/u-s-high-school-diploma-online\/#breadcrumb","itemListElement":[{"@type":"ListItem","position":1,"name":"Home","item":"https:\/\/academystage.merklesweden.com\/es\/"},{"@type":"ListItem","position":2,"name":"Dual diploma","item":"https:\/\/academystage.merklesweden.com\/es\/dual-diploma\/"},{"@type":"ListItem","position":3,"name":"u-s-high-school-diploma-online"}]},{"@type":"WebSite","@id":"https:\/\/academystage.merklesweden.com\/es\/#website","url":"https:\/\/academystage.merklesweden.com\/es\/","name":"Educatius Academy Online","description":"","publisher":{"@id":"https:\/\/academystage.merklesweden.com\/es\/#organization"},"potentialAction":[{"@type":"SearchAction","target":{"@type":"EntryPoint","urlTemplate":"https:\/\/academystage.merklesweden.com\/es\/?s={search_term_string}"},"query-input":{"@type":"PropertyValueSpecification","valueRequired":true,"valueName":"search_term_string"}}],"inLanguage":"es"},{"@type":"Organization","@id":"https:\/\/academystage.merklesweden.com\/es\/#organization","name":"Educatius Academy Online","url":"https:\/\/academystage.merklesweden.com\/es\/","logo":{"@type":"ImageObject","inLanguage":"es","@id":"https:\/\/academystage.merklesweden.com\/es\/#\/schema\/logo\/image\/","url":"https:\/\/academystage.merklesweden.com\/wp-content\/uploads\/2025\/02\/educatius_academy_white.png","contentUrl":"https:\/\/academystage.merklesweden.com\/wp-content\/uploads\/2025\/02\/educatius_academy_white.png","width":837,"height":332,"caption":"Educatius Academy Online"},"image":{"@id":"https:\/\/academystage.merklesweden.com\/es\/#\/schema\/logo\/image\/"}}]}},"_links":{"self":[{"href":"https:\/\/academystage.merklesweden.com\/es\/wp-json\/wp\/v2\/pages\/979","targetHints":{"allow":["GET"]}}],"collection":[{"href":"https:\/\/academystage.merklesweden.com\/es\/wp-json\/wp\/v2\/pages"}],"about":[{"href":"https:\/\/academystage.merklesweden.com\/es\/wp-json\/wp\/v2\/types\/page"}],"author":[{"embeddable":true,"href":"https:\/\/academystage.merklesweden.com\/es\/wp-json\/wp\/v2\/users\/2"}],"replies":[{"embeddable":true,"href":"https:\/\/academystage.merklesweden.com\/es\/wp-json\/wp\/v2\/comments?post=979"}],"version-history":[{"count":15,"href":"https:\/\/academystage.merklesweden.com\/es\/wp-json\/wp\/v2\/pages\/979\/revisions"}],"predecessor-version":[{"id":1929,"href":"https:\/\/academystage.merklesweden.com\/es\/wp-json\/wp\/v2\/pages\/979\/revisions\/1929"}],"up":[{"embeddable":true,"href":"https:\/\/academystage.merklesweden.com\/es\/wp-json\/wp\/v2\/pages\/951"}],"wp:attachment":[{"href":"https:\/\/academystage.merklesweden.com\/es\/wp-json\/wp\/v2\/media?parent=979"}],"wp:term":[{"taxonomy":"wf_page_folders","embeddable":true,"href":"https:\/\/academystage.merklesweden.com\/es\/wp-json\/wp\/v2\/wf_page_folders?post=979"}],"curies":[{"name":"wp","href":"https:\/\/api.w.org\/{rel}","templated":true}]}}