{"id":962,"date":"2025-02-18T06:44:58","date_gmt":"2025-02-18T06:44:58","guid":{"rendered":"https:\/\/academystage.merklesweden.com\/?page_id=962"},"modified":"2025-04-25T09:07:23","modified_gmt":"2025-04-25T09:07:23","slug":"dual-diploma-hybrid","status":"publish","type":"page","link":"https:\/\/academystage.merklesweden.com\/es\/dual-diploma\/dual-diploma-hybrid\/","title":{"rendered":"Dual diploma hybrid"},"content":{"rendered":"\n<div class=\"wp-block-group has-gray-background-color has-background\"><div class=\"wp-block-group__inner-container is-layout-constrained wp-block-group-is-layout-constrained\">\n<div style=\"height:100px\" aria-hidden=\"true\" class=\"wp-block-spacer\"><\/div>\n\n\n\n<div class=\"wp-block-columns container has-gray-background-color has-background is-layout-flex wp-container-core-columns-is-layout-1 wp-block-columns-is-layout-flex\">\n<div class=\"wp-block-column is-layout-flow wp-block-column-is-layout-flow\">\n<div class=\"wp-block-educatius-title-paragraph-darkbutton container\"><div class=\"text-block-wrap py-4 py-md-0\"><h3 class=\"text-block-title text-primary\">Hybrid Dual Diploma<\/h3><p class=\"text-primary\"><br>\u00a1Los estudiantes que estudian en el extranjero en cualquier pa\u00eds de habla inglesa ahora pueden obtener un t\u00edtulo de High School de EE.UU.! Combinando los cr\u00e9ditos (cursos) de los estudios en el extranjero, los cursos virtuales y las clases del instituto local, los estudiantes pueden optar a un Dual Diploma de bachillerato estadounidense.<br><br><strong>Estudiar en el extranjero + asignaturas online + Bachillerato en casa<br><\/strong><br>Los estudiantes necesitan un total de 5 &#8211; 6 cr\u00e9ditos (asignaturas) estadounidenses para graduarse. Obtendr\u00e1s los dos t\u00edtulos cuando termines el bachillerato en tu pa\u00eds de origen y obtengas todos los cr\u00e9ditos estadounidenses necesarios. Durante tu estancia en el extranjero, puedes obtener hasta 2 cr\u00e9ditos de las clases que curses en tu instituto internacional. S\u00f3lo tienes que hacer entre 3 y 4 cursos online adem\u00e1s de tus estudios regulares para graduarte con un t\u00edtulo de secundaria estadounidense.<br><br><strong>Estudia a tu ritmo<\/strong><br><br>Puedes obtener los cuatro cr\u00e9ditos online antes de irte de intercambio, despu\u00e9s de volver, o ambos. Incluso existe la opci\u00f3n de estudiar en verano. Las clases son as\u00edncronas, lo que significa que puedes estudiar cuando quieras y adaptar las clases a tus necesidades. Por supuesto, seguir\u00e1s interactuando con los profesores y los compa\u00f1eros de clase, especialmente en las sesiones en directo dos veces al mes.<br><br><strong>Selecciona asignaturas de tu inter\u00e9s<\/strong><br><br>Tomar\u00e1s una variedad de cursos durante tu programa de Diploma Dual, incluyendo un par de asignaturas obligatorias como: Historia de EE.UU. e Ingl\u00e9s. El resto son optativas, por lo que podr\u00e1s elegir lo que quieres estudiar. Las opciones incluyen asignaturas interesantes que pueden no estar disponibles en tu instituto local. Profundizar tus conocimientos en las asignaturas que te interesan ser\u00e1 divertido y posiblemente influir\u00e1 en lo que estudies despu\u00e9s del bachillerato.&nbsp;<\/p><a href=\"https:\/\/academystage.merklesweden.com\/es\/enroll-now\/\" class=\"btn btn-primary\">Inicia la conversaci\u00f3n<\/a><\/div><\/div>\n<\/div>\n\n\n\n<div class=\"wp-block-column is-layout-flow wp-block-column-is-layout-flow\">\n<div class=\"wp-block-educatius-bordered-text container\"><div class=\"quick-fact-section\"><h6 class=\"text-block-title text-primary\">Hybrid Dual Diploma: Resumen<\/h6><ul class=\"list-group text-primary\"><li class=\"list-item\">Combinar cursos realizados en intercambio, online y en casa<\/li><br><li class=\"list-item\">El total de las asignaturas te habilitan para obtener el USA High School Dual Diploma<\/li><br><li class=\"list-item\">Estudia online antes de irte al extranjero de intercambio, despu\u00e9s o ambas cosas<\/li><br><li class=\"list-item\">Obt\u00e9n apoyo de profesores y asesores acad\u00e9micos<\/li><br><li class=\"list-item\">Asiste a las clases online durante el a\u00f1o acad\u00e9mico o el verano<\/li><br><li class=\"list-item\">Divide el programa online entre 1 a 4 a\u00f1os<\/li><br><li class=\"list-item\">Comienza en cualquier momento y estudia a tu propio ritmo<\/li><\/ul><\/div><\/div>\n<\/div>\n<\/div>\n<\/div><\/div>\n\n\n\n<section class=\"wp-block-educatius-right-image-and-text highlight-section-reverse py-1 py-sm-2 py-md-2 py-sm-5 py-md-5\"><div class=\"container\"><div class=\"row\"><div class=\"col-md-6 order-md-1\"><img decoding=\"async\" src=\"https:\/\/academystage.merklesweden.com\/wp-content\/uploads\/2025\/02\/girls-with-a-view-640x560px-2.jpg\" class=\"w-100\"\/><\/div><div class=\"col-md-6 order-md-0\" style=\"background:#691c32\"><div class=\"text-block-wrap py-md-0 px-md-5\"><span class=\"text-block-title\" style=\"color:#ffffff\"><\/span><h3 class=\"text-block-title\" style=\"color:#ffffff\">Estudia en Estados Unidos<\/h3><p style=\"color:#ffffff\">El Hybrid Dual Diploma es una forma sencilla de a\u00f1adir valor a la experiencia de estudiar en el extranjero de intercambio, que te cambiar\u00e1 la vida. Los alumnos que siguen un programa de Dual Diploma pueden estudiar en el extranjero en cualquier centro de ense\u00f1anza secundaria acreditado. Como estudiante de intercambio en Estados Unidos, te sumergir\u00e1s en un entorno acad\u00e9mico gratificante y disfrutar\u00e1s de la diversi\u00f3n extraescolar por la que son famosos los institutos estadounidenses. Y, por supuesto, \u00a1hablar\u00e1s ingl\u00e9s con fluidez! Si quieres irte de intercambio o necesitas m\u00e1s informaci\u00f3n, ponte en contacto con nosotros. Enviamos a m\u00e1s de 7.000 estudiantes al extranjero en programas de high school, y podemos ayudarte a vivir la experiencia que buscas.<\/p><a href=\"https:\/\/www.educatius.org\/\" class=\"btn btn-outline-primary btn-lg\" style=\"border-color:#ffffff;color:#ffffff\">Descubre oportunidades de intercambio<\/a><\/div><\/div><\/div><\/div><\/section>\n\n\n\n<section class=\"wp-block-educatius-left-image-and-text highlight-section py-1 py-sm-2 py-md-2 py-sm-5 py-md-5\"><div class=\"container\"><div class=\"row\"><div class=\"col-md-6\"><img decoding=\"async\" src=\"https:\/\/academystage.merklesweden.com\/wp-content\/uploads\/2025\/02\/classmates-graduating-1600x600px.jpg\" class=\"w-100\"\/><\/div><div class=\"col-md-6\" style=\"background:#e8b8a6\"><div class=\"text-block-wrap py-md-0 px-md-5\"><span class=\"text-block-title\" style=\"color:#691c32\"><\/span><h3 class=\"text-block-title\" style=\"color:#691c32\">Reserva asesoramiento acad\u00e9mico gratuito<\/h3><p style=\"color:#691c32\">\u00danete a una sesi\u00f3n individual para contarnos cu\u00e1les son tus metas acad\u00e9micas. Juntos, exploraremos las mejores opciones para ayudarte a conseguirlas.<br><a href=\"https:\/\/www.educatiusacademy.org\/contact-us-student\/\"><\/a><\/p><a href=\"https:\/\/academystage.merklesweden.com\/es\/contact-us-student\/\" class=\"btn btn-outline-primary btn-lg\" style=\"background-color:#691c32;border-color:#691c32;color:#ffffff\">Reserva una consulta gratis<\/a><\/div><\/div><\/div><\/div><\/section>\n","protected":false},"excerpt":{"rendered":"","protected":false},"author":2,"featured_media":0,"parent":951,"menu_order":0,"comment_status":"closed","ping_status":"closed","template":"","meta":{"_acf_changed":false,"inline_featured_image":false,"footnotes":""},"wf_page_folders":[],"class_list":["post-962","page","type-page","status-publish","hentry"],"acf":[],"yoast_head":"<!-- This site is optimized with the Yoast SEO Premium plugin v23.4 (Yoast SEO v23.6) - https:\/\/yoast.com\/wordpress\/plugins\/seo\/ -->\n<title>Hybrid Dual Diploma - Study Abroad and Online - Educatius Academy Online- Educatius Academy Online<\/title>\n<meta name=\"description\" content=\"With the Hybrid Dual Diploma program, students combine studying abroad on exchange with 5 - 6 online courses to earn their USA high school dual diploma.\" \/>\n<meta name=\"robots\" content=\"noindex, follow, max-snippet:-1, max-image-preview:large, max-video-preview:-1\" \/>\n<meta property=\"og:locale\" content=\"es_ES\" \/>\n<meta property=\"og:type\" content=\"article\" \/>\n<meta property=\"og:title\" content=\"Dual diploma hybrid\" \/>\n<meta property=\"og:description\" content=\"With the Hybrid Dual Diploma program, students combine studying abroad on exchange with 5 - 6 online courses to earn their USA high school dual diploma.\" \/>\n<meta property=\"og:url\" content=\"https:\/\/academystage.merklesweden.com\/es\/dual-diploma\/dual-diploma-hybrid\/\" \/>\n<meta property=\"og:site_name\" content=\"Educatius Academy Online\" \/>\n<meta property=\"article:modified_time\" content=\"2025-04-25T09:07:23+00:00\" \/>\n<meta property=\"og:image\" content=\"https:\/\/academystage.merklesweden.com\/wp-content\/uploads\/2025\/02\/girls-with-a-view-640x560px-2.jpg\" \/>\n<meta name=\"twitter:card\" content=\"summary_large_image\" \/>\n<meta name=\"twitter:label1\" content=\"Est. reading time\" \/>\n\t<meta name=\"twitter:data1\" content=\"3 minutos\" \/>\n<script type=\"application\/ld+json\" class=\"yoast-schema-graph\">{\"@context\":\"https:\/\/schema.org\",\"@graph\":[{\"@type\":\"WebPage\",\"@id\":\"https:\/\/academystage.merklesweden.com\/es\/dual-diploma\/dual-diploma-hybrid\/\",\"url\":\"https:\/\/academystage.merklesweden.com\/es\/dual-diploma\/dual-diploma-hybrid\/\",\"name\":\"Hybrid Dual Diploma - Study Abroad and Online - Educatius Academy Online- Educatius Academy Online\",\"isPartOf\":{\"@id\":\"https:\/\/academystage.merklesweden.com\/es\/#website\"},\"primaryImageOfPage\":{\"@id\":\"https:\/\/academystage.merklesweden.com\/es\/dual-diploma\/dual-diploma-hybrid\/#primaryimage\"},\"image\":{\"@id\":\"https:\/\/academystage.merklesweden.com\/es\/dual-diploma\/dual-diploma-hybrid\/#primaryimage\"},\"thumbnailUrl\":\"https:\/\/academystage.merklesweden.com\/wp-content\/uploads\/2025\/02\/girls-with-a-view-640x560px-2.jpg\",\"datePublished\":\"2025-02-18T06:44:58+00:00\",\"dateModified\":\"2025-04-25T09:07:23+00:00\",\"description\":\"With the Hybrid Dual Diploma program, students combine studying abroad on exchange with 5 - 6 online courses to earn their USA high school dual diploma.\",\"breadcrumb\":{\"@id\":\"https:\/\/academystage.merklesweden.com\/es\/dual-diploma\/dual-diploma-hybrid\/#breadcrumb\"},\"inLanguage\":\"es\",\"potentialAction\":[{\"@type\":\"ReadAction\",\"target\":[\"https:\/\/academystage.merklesweden.com\/es\/dual-diploma\/dual-diploma-hybrid\/\"]}]},{\"@type\":\"ImageObject\",\"inLanguage\":\"es\",\"@id\":\"https:\/\/academystage.merklesweden.com\/es\/dual-diploma\/dual-diploma-hybrid\/#primaryimage\",\"url\":\"https:\/\/academystage.merklesweden.com\/wp-content\/uploads\/2025\/02\/girls-with-a-view-640x560px-2.jpg\",\"contentUrl\":\"https:\/\/academystage.merklesweden.com\/wp-content\/uploads\/2025\/02\/girls-with-a-view-640x560px-2.jpg\"},{\"@type\":\"BreadcrumbList\",\"@id\":\"https:\/\/academystage.merklesweden.com\/es\/dual-diploma\/dual-diploma-hybrid\/#breadcrumb\",\"itemListElement\":[{\"@type\":\"ListItem\",\"position\":1,\"name\":\"Home\",\"item\":\"https:\/\/academystage.merklesweden.com\/es\/\"},{\"@type\":\"ListItem\",\"position\":2,\"name\":\"Dual diploma\",\"item\":\"https:\/\/academystage.merklesweden.com\/es\/dual-diploma\/\"},{\"@type\":\"ListItem\",\"position\":3,\"name\":\"Dual diploma hybrid\"}]},{\"@type\":\"WebSite\",\"@id\":\"https:\/\/academystage.merklesweden.com\/es\/#website\",\"url\":\"https:\/\/academystage.merklesweden.com\/es\/\",\"name\":\"Educatius Academy Online\",\"description\":\"\",\"publisher\":{\"@id\":\"https:\/\/academystage.merklesweden.com\/es\/#organization\"},\"potentialAction\":[{\"@type\":\"SearchAction\",\"target\":{\"@type\":\"EntryPoint\",\"urlTemplate\":\"https:\/\/academystage.merklesweden.com\/es\/?s={search_term_string}\"},\"query-input\":{\"@type\":\"PropertyValueSpecification\",\"valueRequired\":true,\"valueName\":\"search_term_string\"}}],\"inLanguage\":\"es\"},{\"@type\":\"Organization\",\"@id\":\"https:\/\/academystage.merklesweden.com\/es\/#organization\",\"name\":\"Educatius Academy Online\",\"url\":\"https:\/\/academystage.merklesweden.com\/es\/\",\"logo\":{\"@type\":\"ImageObject\",\"inLanguage\":\"es\",\"@id\":\"https:\/\/academystage.merklesweden.com\/es\/#\/schema\/logo\/image\/\",\"url\":\"https:\/\/academystage.merklesweden.com\/wp-content\/uploads\/2025\/02\/educatius_academy_white.png\",\"contentUrl\":\"https:\/\/academystage.merklesweden.com\/wp-content\/uploads\/2025\/02\/educatius_academy_white.png\",\"width\":837,\"height\":332,\"caption\":\"Educatius Academy Online\"},\"image\":{\"@id\":\"https:\/\/academystage.merklesweden.com\/es\/#\/schema\/logo\/image\/\"}}]}<\/script>\n<!-- \/ Yoast SEO Premium plugin. -->","yoast_head_json":{"title":"Hybrid Dual Diploma - Study Abroad and Online - Educatius Academy Online- Educatius Academy Online","description":"With the Hybrid Dual Diploma program, students combine studying abroad on exchange with 5 - 6 online courses to earn their USA high school dual diploma.","robots":{"index":"noindex","follow":"follow","max-snippet":"max-snippet:-1","max-image-preview":"max-image-preview:large","max-video-preview":"max-video-preview:-1"},"og_locale":"es_ES","og_type":"article","og_title":"Dual diploma hybrid","og_description":"With the Hybrid Dual Diploma program, students combine studying abroad on exchange with 5 - 6 online courses to earn their USA high school dual diploma.","og_url":"https:\/\/academystage.merklesweden.com\/es\/dual-diploma\/dual-diploma-hybrid\/","og_site_name":"Educatius Academy Online","article_modified_time":"2025-04-25T09:07:23+00:00","og_image":[{"url":"https:\/\/academystage.merklesweden.com\/wp-content\/uploads\/2025\/02\/girls-with-a-view-640x560px-2.jpg"}],"twitter_card":"summary_large_image","twitter_misc":{"Est. reading time":"3 minutos"},"schema":{"@context":"https:\/\/schema.org","@graph":[{"@type":"WebPage","@id":"https:\/\/academystage.merklesweden.com\/es\/dual-diploma\/dual-diploma-hybrid\/","url":"https:\/\/academystage.merklesweden.com\/es\/dual-diploma\/dual-diploma-hybrid\/","name":"Hybrid Dual Diploma - Study Abroad and Online - Educatius Academy Online- Educatius Academy Online","isPartOf":{"@id":"https:\/\/academystage.merklesweden.com\/es\/#website"},"primaryImageOfPage":{"@id":"https:\/\/academystage.merklesweden.com\/es\/dual-diploma\/dual-diploma-hybrid\/#primaryimage"},"image":{"@id":"https:\/\/academystage.merklesweden.com\/es\/dual-diploma\/dual-diploma-hybrid\/#primaryimage"},"thumbnailUrl":"https:\/\/academystage.merklesweden.com\/wp-content\/uploads\/2025\/02\/girls-with-a-view-640x560px-2.jpg","datePublished":"2025-02-18T06:44:58+00:00","dateModified":"2025-04-25T09:07:23+00:00","description":"With the Hybrid Dual Diploma program, students combine studying abroad on exchange with 5 - 6 online courses to earn their USA high school dual diploma.","breadcrumb":{"@id":"https:\/\/academystage.merklesweden.com\/es\/dual-diploma\/dual-diploma-hybrid\/#breadcrumb"},"inLanguage":"es","potentialAction":[{"@type":"ReadAction","target":["https:\/\/academystage.merklesweden.com\/es\/dual-diploma\/dual-diploma-hybrid\/"]}]},{"@type":"ImageObject","inLanguage":"es","@id":"https:\/\/academystage.merklesweden.com\/es\/dual-diploma\/dual-diploma-hybrid\/#primaryimage","url":"https:\/\/academystage.merklesweden.com\/wp-content\/uploads\/2025\/02\/girls-with-a-view-640x560px-2.jpg","contentUrl":"https:\/\/academystage.merklesweden.com\/wp-content\/uploads\/2025\/02\/girls-with-a-view-640x560px-2.jpg"},{"@type":"BreadcrumbList","@id":"https:\/\/academystage.merklesweden.com\/es\/dual-diploma\/dual-diploma-hybrid\/#breadcrumb","itemListElement":[{"@type":"ListItem","position":1,"name":"Home","item":"https:\/\/academystage.merklesweden.com\/es\/"},{"@type":"ListItem","position":2,"name":"Dual diploma","item":"https:\/\/academystage.merklesweden.com\/es\/dual-diploma\/"},{"@type":"ListItem","position":3,"name":"Dual diploma hybrid"}]},{"@type":"WebSite","@id":"https:\/\/academystage.merklesweden.com\/es\/#website","url":"https:\/\/academystage.merklesweden.com\/es\/","name":"Educatius Academy Online","description":"","publisher":{"@id":"https:\/\/academystage.merklesweden.com\/es\/#organization"},"potentialAction":[{"@type":"SearchAction","target":{"@type":"EntryPoint","urlTemplate":"https:\/\/academystage.merklesweden.com\/es\/?s={search_term_string}"},"query-input":{"@type":"PropertyValueSpecification","valueRequired":true,"valueName":"search_term_string"}}],"inLanguage":"es"},{"@type":"Organization","@id":"https:\/\/academystage.merklesweden.com\/es\/#organization","name":"Educatius Academy Online","url":"https:\/\/academystage.merklesweden.com\/es\/","logo":{"@type":"ImageObject","inLanguage":"es","@id":"https:\/\/academystage.merklesweden.com\/es\/#\/schema\/logo\/image\/","url":"https:\/\/academystage.merklesweden.com\/wp-content\/uploads\/2025\/02\/educatius_academy_white.png","contentUrl":"https:\/\/academystage.merklesweden.com\/wp-content\/uploads\/2025\/02\/educatius_academy_white.png","width":837,"height":332,"caption":"Educatius Academy Online"},"image":{"@id":"https:\/\/academystage.merklesweden.com\/es\/#\/schema\/logo\/image\/"}}]}},"_links":{"self":[{"href":"https:\/\/academystage.merklesweden.com\/es\/wp-json\/wp\/v2\/pages\/962","targetHints":{"allow":["GET"]}}],"collection":[{"href":"https:\/\/academystage.merklesweden.com\/es\/wp-json\/wp\/v2\/pages"}],"about":[{"href":"https:\/\/academystage.merklesweden.com\/es\/wp-json\/wp\/v2\/types\/page"}],"author":[{"embeddable":true,"href":"https:\/\/academystage.merklesweden.com\/es\/wp-json\/wp\/v2\/users\/2"}],"replies":[{"embeddable":true,"href":"https:\/\/academystage.merklesweden.com\/es\/wp-json\/wp\/v2\/comments?post=962"}],"version-history":[{"count":9,"href":"https:\/\/academystage.merklesweden.com\/es\/wp-json\/wp\/v2\/pages\/962\/revisions"}],"predecessor-version":[{"id":1924,"href":"https:\/\/academystage.merklesweden.com\/es\/wp-json\/wp\/v2\/pages\/962\/revisions\/1924"}],"up":[{"embeddable":true,"href":"https:\/\/academystage.merklesweden.com\/es\/wp-json\/wp\/v2\/pages\/951"}],"wp:attachment":[{"href":"https:\/\/academystage.merklesweden.com\/es\/wp-json\/wp\/v2\/media?parent=962"}],"wp:term":[{"taxonomy":"wf_page_folders","embeddable":true,"href":"https:\/\/academystage.merklesweden.com\/es\/wp-json\/wp\/v2\/wf_page_folders?post=962"}],"curies":[{"name":"wp","href":"https:\/\/api.w.org\/{rel}","templated":true}]}}