{"id":954,"date":"2025-02-20T05:04:26","date_gmt":"2025-02-20T05:04:26","guid":{"rendered":"https:\/\/academystage.merklesweden.com\/?page_id=954"},"modified":"2025-04-25T09:11:15","modified_gmt":"2025-04-25T09:11:15","slug":"all-online-dual-diploma","status":"publish","type":"page","link":"https:\/\/academystage.merklesweden.com\/es\/dual-diploma\/all-online-dual-diploma\/","title":{"rendered":"All-Online Dual Diploma"},"content":{"rendered":"\n<div class=\"wp-block-group has-gray-background-color has-background\"><div class=\"wp-block-group__inner-container is-layout-constrained wp-block-group-is-layout-constrained\">\n<div style=\"height:100px\" aria-hidden=\"true\" class=\"wp-block-spacer\"><\/div>\n\n\n\n<div class=\"wp-block-columns has-gray-background-color has-background is-layout-flex wp-container-core-columns-is-layout-1 wp-block-columns-is-layout-flex\">\n<div class=\"wp-block-column is-layout-flow wp-block-column-is-layout-flow\">\n<div class=\"wp-block-educatius-title-paragraph-darkbutton container\"><div class=\"text-block-wrap py-4 py-md-0\"><h3 class=\"text-block-title text-primary\">All-Online Dual Diploma<\/h3><p class=\"text-primary\">Obt\u00e9n un t\u00edtulo de bachillerato en EE.UU. sin salir de tu pa\u00eds.<br><br><strong>Online Courses + High School at Home<br><\/strong><br>Obtienes un Dual Diploma cuando terminas el bachillerato en tu pa\u00eds de origen y obtienes entre 5 y 6 cr\u00e9ditos en un instituto estadounidense. Realiza asignaturas en uno de nuestros institutos estadounidenses asociados para obtener los cr\u00e9ditos que necesitas mientras sigues asistiendo al instituto de tu pa\u00eds. Cuando te grad\u00faes, recibir\u00e1s dos diplomas: uno de tu centro de origen y otro de Estados Unidos.<br><br><strong>Estudia a tu ritmo<\/strong><br><br>Puedes obtener tus cr\u00e9ditos americanos en 1 &#8211; 4 a\u00f1os. Elige estudiar durante el a\u00f1o acad\u00e9mico o durante las vacaciones de verano. Las clases son as\u00edncronas, por lo que puedes empezar cuando quieras y aprender al ritmo que m\u00e1s te convenga. Seguir\u00e1s interactuando con profesores y compa\u00f1eros, por lo que podr\u00e1s asistir a sesiones opcionales en directo dos veces al mes en tus clases principales.<br><br><strong>Elige las clases que m\u00e1s te interesan<\/strong><br><br>Algunas de las clases son obligatorias, como Historia de EE.UU. e Ingl\u00e9s. Pero tambi\u00e9n elegir\u00e1s asignaturas optativas, clases de materias que quiz\u00e1 no est\u00e9n disponibles en tu instituto local Profundizar tus conocimientos en las materias que te interesan ser\u00e1 divertido y posiblemente te informar\u00e1 sobre lo que estudiar\u00e1s despu\u00e9s del instituto.&nbsp;<br><\/p><a href=\"\/enroll-now\/\" class=\"btn btn-primary\">Inicia la conversaci\u00f3n<\/a><\/div><\/div>\n<\/div>\n\n\n\n<div class=\"wp-block-column is-layout-flow wp-block-column-is-layout-flow\">\n<div class=\"wp-block-educatius-bordered-text container\"><div class=\"quick-fact-section\"><h6 class=\"text-block-title text-primary\">Datos de inter\u00e9s: All-Online Dual Diploma<\/h6><ul class=\"list-group text-primary\"><li class=\"list-item\">Realiza entre 5 y 6 cursos virtuales as\u00edncronos adem\u00e1s de tus clases en casa<\/li><br><li class=\"list-item\">El total de cursos online y en casa te permiten obtener tu Diploma Dual de Bachillerato de EE.UU.<\/li><br><li class=\"list-item\">Obt\u00e9n apoyo de profesores y asesores acad\u00e9micos<\/li><br><li class=\"list-item\">Reparte los cursos. Los estudios online pueden realizarse en 1 &#8211; 4 a\u00f1os.<\/li><br><li class=\"list-item\">Estudia durante el curso acad\u00e9mico o en verano<br>Empieza cuando quieras, estudia a tu ritmo<\/li><\/ul><\/div><\/div>\n<\/div>\n<\/div>\n<\/div><\/div>\n\n\n\n<section class=\"wp-block-educatius-right-image-and-text highlight-section-reverse py-1 py-sm-2 py-md-2 py-sm-5 py-md-5 container\"><div class=\"container\"><div class=\"row\"><div class=\"col-md-6 order-md-1\"><img decoding=\"async\" src=\"https:\/\/academystage.merklesweden.com\/wp-content\/uploads\/2025\/02\/girl-smiling-in-graduation-day.jpg\" class=\"w-100\"\/><\/div><div class=\"col-md-6 order-md-0\" style=\"background:#e8b8a6\"><div class=\"text-block-wrap py-md-0 px-md-5\"><span class=\"text-block-title\" style=\"color:#000000\"><\/span><h3 class=\"text-block-title\" style=\"color:#000000\">Reserva tu orientaci\u00f3n acad\u00e9mica gratuita<\/h3><p style=\"color:#000000\">\u00danete a una sesi\u00f3n individual para contarnos cu\u00e1les son tus metas acad\u00e9micas. Juntos, exploraremos las mejores opciones para ayudarte a conseguirlas.<\/p><a href=\"\/contact-us-student\/\" class=\"btn btn-outline-primary btn-lg\" style=\"background-color:#691c32;border-color:#691c32;color:#ffffff\">Book a Free Consultation<\/a><\/div><\/div><\/div><\/div><\/section>\n\n\n\n<div class=\"wp-block-educatius-underscore-heading container\"><h2 class=\"section-title text-center mx-auto mt-5 mb-2\">Opiniones de nuestros alumnos<\/h2><\/div>\n\n\n\n<div class=\"wp-block-educatius-testimonial-slider students-feedback-wrap bg-lightest-blue container\"><div class=\"container\"><div class=\"row\"><div class=\"col-md-6\"><div class=\"student-img-swipe swiper\"><div class=\"swiper-wrapper\"><div class=\"swiper-slide student-img-wrap\"><img decoding=\"async\" src=\"https:\/\/academystage.merklesweden.com\/wp-content\/uploads\/2025\/02\/academy-online-student-testimonial-2-400x400px.jpg\" alt=\"testimonial-0\" class=\"w-100\"\/><\/div><\/div><\/div><\/div><div class=\"col-md-6\"><div class=\"student-feedback-column p-5\"><div class=\"student-feedback-text swiper position-relative pb-5\"><div class=\"swiper-wrapper\"><div class=\"swiper-slide feedback-text-wrap\"><p class=\"mb-5\">\u201cLa plataforma es muy f\u00e1cil de usar, f\u00e1cil de navegar. Lo que m\u00e1s me gusta es que puedo ver mi progreso. Est\u00e1 genial poder ver el calendario. Si sigues los consejos de los profesores y de la plataforma, no te quedar\u00e1s rezagado\u00bb<\/p><p class=\"feedback-author\">Patrik, 18 a\u00f1os, Dinamarca<\/p><\/div><\/div><div class=\"swiper-pagination student-feedback-dots d-flex align-items-center\"><\/div><\/div><\/div><\/div><\/div><\/div><\/div>\n","protected":false},"excerpt":{"rendered":"","protected":false},"author":2,"featured_media":0,"parent":951,"menu_order":0,"comment_status":"closed","ping_status":"closed","template":"","meta":{"_acf_changed":false,"inline_featured_image":false,"footnotes":""},"wf_page_folders":[],"class_list":["post-954","page","type-page","status-publish","hentry"],"acf":[],"yoast_head":"<!-- This site is optimized with the Yoast SEO Premium plugin v23.4 (Yoast SEO v23.6) - https:\/\/yoast.com\/wordpress\/plugins\/seo\/ -->\n<title>All-Online Dual Diploma - Graduate with a US Diploma! - Educatius Academy Online- Educatius Academy Online<\/title>\n<meta name=\"description\" content=\"Earn an American high school Dual Diploma in your home country by studying virtual courses in addition to your local high school graduation.\" \/>\n<meta name=\"robots\" content=\"noindex, follow, max-snippet:-1, max-image-preview:large, max-video-preview:-1\" \/>\n<meta property=\"og:locale\" content=\"es_ES\" \/>\n<meta property=\"og:type\" content=\"article\" \/>\n<meta property=\"og:title\" content=\"All-Online Dual Diploma\" \/>\n<meta property=\"og:description\" content=\"Earn an American high school Dual Diploma in your home country by studying virtual courses in addition to your local high school graduation.\" \/>\n<meta property=\"og:url\" content=\"https:\/\/academystage.merklesweden.com\/es\/dual-diploma\/all-online-dual-diploma\/\" \/>\n<meta property=\"og:site_name\" content=\"Educatius Academy Online\" \/>\n<meta property=\"article:modified_time\" content=\"2025-04-25T09:11:15+00:00\" \/>\n<meta property=\"og:image\" content=\"https:\/\/academystage.merklesweden.com\/wp-content\/uploads\/2025\/02\/girl-smiling-in-graduation-day.jpg\" \/>\n<meta name=\"twitter:card\" content=\"summary_large_image\" \/>\n<meta name=\"twitter:label1\" content=\"Est. reading time\" \/>\n\t<meta name=\"twitter:data1\" content=\"3 minutos\" \/>\n<script type=\"application\/ld+json\" class=\"yoast-schema-graph\">{\"@context\":\"https:\/\/schema.org\",\"@graph\":[{\"@type\":\"WebPage\",\"@id\":\"https:\/\/academystage.merklesweden.com\/es\/dual-diploma\/all-online-dual-diploma\/\",\"url\":\"https:\/\/academystage.merklesweden.com\/es\/dual-diploma\/all-online-dual-diploma\/\",\"name\":\"All-Online Dual Diploma - Graduate with a US Diploma! - Educatius Academy Online- Educatius Academy Online\",\"isPartOf\":{\"@id\":\"https:\/\/academystage.merklesweden.com\/es\/#website\"},\"primaryImageOfPage\":{\"@id\":\"https:\/\/academystage.merklesweden.com\/es\/dual-diploma\/all-online-dual-diploma\/#primaryimage\"},\"image\":{\"@id\":\"https:\/\/academystage.merklesweden.com\/es\/dual-diploma\/all-online-dual-diploma\/#primaryimage\"},\"thumbnailUrl\":\"https:\/\/academystage.merklesweden.com\/wp-content\/uploads\/2025\/02\/girl-smiling-in-graduation-day.jpg\",\"datePublished\":\"2025-02-20T05:04:26+00:00\",\"dateModified\":\"2025-04-25T09:11:15+00:00\",\"description\":\"Earn an American high school Dual Diploma in your home country by studying virtual courses in addition to your local high school graduation.\",\"breadcrumb\":{\"@id\":\"https:\/\/academystage.merklesweden.com\/es\/dual-diploma\/all-online-dual-diploma\/#breadcrumb\"},\"inLanguage\":\"es\",\"potentialAction\":[{\"@type\":\"ReadAction\",\"target\":[\"https:\/\/academystage.merklesweden.com\/es\/dual-diploma\/all-online-dual-diploma\/\"]}]},{\"@type\":\"ImageObject\",\"inLanguage\":\"es\",\"@id\":\"https:\/\/academystage.merklesweden.com\/es\/dual-diploma\/all-online-dual-diploma\/#primaryimage\",\"url\":\"https:\/\/academystage.merklesweden.com\/wp-content\/uploads\/2025\/02\/girl-smiling-in-graduation-day.jpg\",\"contentUrl\":\"https:\/\/academystage.merklesweden.com\/wp-content\/uploads\/2025\/02\/girl-smiling-in-graduation-day.jpg\"},{\"@type\":\"BreadcrumbList\",\"@id\":\"https:\/\/academystage.merklesweden.com\/es\/dual-diploma\/all-online-dual-diploma\/#breadcrumb\",\"itemListElement\":[{\"@type\":\"ListItem\",\"position\":1,\"name\":\"Home\",\"item\":\"https:\/\/academystage.merklesweden.com\/es\/\"},{\"@type\":\"ListItem\",\"position\":2,\"name\":\"Dual diploma\",\"item\":\"https:\/\/academystage.merklesweden.com\/es\/dual-diploma\/\"},{\"@type\":\"ListItem\",\"position\":3,\"name\":\"All-Online Dual Diploma\"}]},{\"@type\":\"WebSite\",\"@id\":\"https:\/\/academystage.merklesweden.com\/es\/#website\",\"url\":\"https:\/\/academystage.merklesweden.com\/es\/\",\"name\":\"Educatius Academy Online\",\"description\":\"\",\"publisher\":{\"@id\":\"https:\/\/academystage.merklesweden.com\/es\/#organization\"},\"potentialAction\":[{\"@type\":\"SearchAction\",\"target\":{\"@type\":\"EntryPoint\",\"urlTemplate\":\"https:\/\/academystage.merklesweden.com\/es\/?s={search_term_string}\"},\"query-input\":{\"@type\":\"PropertyValueSpecification\",\"valueRequired\":true,\"valueName\":\"search_term_string\"}}],\"inLanguage\":\"es\"},{\"@type\":\"Organization\",\"@id\":\"https:\/\/academystage.merklesweden.com\/es\/#organization\",\"name\":\"Educatius Academy Online\",\"url\":\"https:\/\/academystage.merklesweden.com\/es\/\",\"logo\":{\"@type\":\"ImageObject\",\"inLanguage\":\"es\",\"@id\":\"https:\/\/academystage.merklesweden.com\/es\/#\/schema\/logo\/image\/\",\"url\":\"https:\/\/academystage.merklesweden.com\/wp-content\/uploads\/2025\/02\/educatius_academy_white.png\",\"contentUrl\":\"https:\/\/academystage.merklesweden.com\/wp-content\/uploads\/2025\/02\/educatius_academy_white.png\",\"width\":837,\"height\":332,\"caption\":\"Educatius Academy Online\"},\"image\":{\"@id\":\"https:\/\/academystage.merklesweden.com\/es\/#\/schema\/logo\/image\/\"}}]}<\/script>\n<!-- \/ Yoast SEO Premium plugin. -->","yoast_head_json":{"title":"All-Online Dual Diploma - Graduate with a US Diploma! - Educatius Academy Online- Educatius Academy Online","description":"Earn an American high school Dual Diploma in your home country by studying virtual courses in addition to your local high school graduation.","robots":{"index":"noindex","follow":"follow","max-snippet":"max-snippet:-1","max-image-preview":"max-image-preview:large","max-video-preview":"max-video-preview:-1"},"og_locale":"es_ES","og_type":"article","og_title":"All-Online Dual Diploma","og_description":"Earn an American high school Dual Diploma in your home country by studying virtual courses in addition to your local high school graduation.","og_url":"https:\/\/academystage.merklesweden.com\/es\/dual-diploma\/all-online-dual-diploma\/","og_site_name":"Educatius Academy Online","article_modified_time":"2025-04-25T09:11:15+00:00","og_image":[{"url":"https:\/\/academystage.merklesweden.com\/wp-content\/uploads\/2025\/02\/girl-smiling-in-graduation-day.jpg"}],"twitter_card":"summary_large_image","twitter_misc":{"Est. reading time":"3 minutos"},"schema":{"@context":"https:\/\/schema.org","@graph":[{"@type":"WebPage","@id":"https:\/\/academystage.merklesweden.com\/es\/dual-diploma\/all-online-dual-diploma\/","url":"https:\/\/academystage.merklesweden.com\/es\/dual-diploma\/all-online-dual-diploma\/","name":"All-Online Dual Diploma - Graduate with a US Diploma! - Educatius Academy Online- Educatius Academy Online","isPartOf":{"@id":"https:\/\/academystage.merklesweden.com\/es\/#website"},"primaryImageOfPage":{"@id":"https:\/\/academystage.merklesweden.com\/es\/dual-diploma\/all-online-dual-diploma\/#primaryimage"},"image":{"@id":"https:\/\/academystage.merklesweden.com\/es\/dual-diploma\/all-online-dual-diploma\/#primaryimage"},"thumbnailUrl":"https:\/\/academystage.merklesweden.com\/wp-content\/uploads\/2025\/02\/girl-smiling-in-graduation-day.jpg","datePublished":"2025-02-20T05:04:26+00:00","dateModified":"2025-04-25T09:11:15+00:00","description":"Earn an American high school Dual Diploma in your home country by studying virtual courses in addition to your local high school graduation.","breadcrumb":{"@id":"https:\/\/academystage.merklesweden.com\/es\/dual-diploma\/all-online-dual-diploma\/#breadcrumb"},"inLanguage":"es","potentialAction":[{"@type":"ReadAction","target":["https:\/\/academystage.merklesweden.com\/es\/dual-diploma\/all-online-dual-diploma\/"]}]},{"@type":"ImageObject","inLanguage":"es","@id":"https:\/\/academystage.merklesweden.com\/es\/dual-diploma\/all-online-dual-diploma\/#primaryimage","url":"https:\/\/academystage.merklesweden.com\/wp-content\/uploads\/2025\/02\/girl-smiling-in-graduation-day.jpg","contentUrl":"https:\/\/academystage.merklesweden.com\/wp-content\/uploads\/2025\/02\/girl-smiling-in-graduation-day.jpg"},{"@type":"BreadcrumbList","@id":"https:\/\/academystage.merklesweden.com\/es\/dual-diploma\/all-online-dual-diploma\/#breadcrumb","itemListElement":[{"@type":"ListItem","position":1,"name":"Home","item":"https:\/\/academystage.merklesweden.com\/es\/"},{"@type":"ListItem","position":2,"name":"Dual diploma","item":"https:\/\/academystage.merklesweden.com\/es\/dual-diploma\/"},{"@type":"ListItem","position":3,"name":"All-Online Dual Diploma"}]},{"@type":"WebSite","@id":"https:\/\/academystage.merklesweden.com\/es\/#website","url":"https:\/\/academystage.merklesweden.com\/es\/","name":"Educatius Academy Online","description":"","publisher":{"@id":"https:\/\/academystage.merklesweden.com\/es\/#organization"},"potentialAction":[{"@type":"SearchAction","target":{"@type":"EntryPoint","urlTemplate":"https:\/\/academystage.merklesweden.com\/es\/?s={search_term_string}"},"query-input":{"@type":"PropertyValueSpecification","valueRequired":true,"valueName":"search_term_string"}}],"inLanguage":"es"},{"@type":"Organization","@id":"https:\/\/academystage.merklesweden.com\/es\/#organization","name":"Educatius Academy Online","url":"https:\/\/academystage.merklesweden.com\/es\/","logo":{"@type":"ImageObject","inLanguage":"es","@id":"https:\/\/academystage.merklesweden.com\/es\/#\/schema\/logo\/image\/","url":"https:\/\/academystage.merklesweden.com\/wp-content\/uploads\/2025\/02\/educatius_academy_white.png","contentUrl":"https:\/\/academystage.merklesweden.com\/wp-content\/uploads\/2025\/02\/educatius_academy_white.png","width":837,"height":332,"caption":"Educatius Academy Online"},"image":{"@id":"https:\/\/academystage.merklesweden.com\/es\/#\/schema\/logo\/image\/"}}]}},"_links":{"self":[{"href":"https:\/\/academystage.merklesweden.com\/es\/wp-json\/wp\/v2\/pages\/954","targetHints":{"allow":["GET"]}}],"collection":[{"href":"https:\/\/academystage.merklesweden.com\/es\/wp-json\/wp\/v2\/pages"}],"about":[{"href":"https:\/\/academystage.merklesweden.com\/es\/wp-json\/wp\/v2\/types\/page"}],"author":[{"embeddable":true,"href":"https:\/\/academystage.merklesweden.com\/es\/wp-json\/wp\/v2\/users\/2"}],"replies":[{"embeddable":true,"href":"https:\/\/academystage.merklesweden.com\/es\/wp-json\/wp\/v2\/comments?post=954"}],"version-history":[{"count":7,"href":"https:\/\/academystage.merklesweden.com\/es\/wp-json\/wp\/v2\/pages\/954\/revisions"}],"predecessor-version":[{"id":1926,"href":"https:\/\/academystage.merklesweden.com\/es\/wp-json\/wp\/v2\/pages\/954\/revisions\/1926"}],"up":[{"embeddable":true,"href":"https:\/\/academystage.merklesweden.com\/es\/wp-json\/wp\/v2\/pages\/951"}],"wp:attachment":[{"href":"https:\/\/academystage.merklesweden.com\/es\/wp-json\/wp\/v2\/media?parent=954"}],"wp:term":[{"taxonomy":"wf_page_folders","embeddable":true,"href":"https:\/\/academystage.merklesweden.com\/es\/wp-json\/wp\/v2\/wf_page_folders?post=954"}],"curies":[{"name":"wp","href":"https:\/\/api.w.org\/{rel}","templated":true}]}}