{"id":934,"date":"2025-02-20T11:23:05","date_gmt":"2025-02-20T11:23:05","guid":{"rendered":"https:\/\/academystage.merklesweden.com\/?page_id=934"},"modified":"2025-04-04T12:40:51","modified_gmt":"2025-04-04T12:40:51","slug":"about-us","status":"publish","type":"page","link":"https:\/\/academystage.merklesweden.com\/es\/about-us\/","title":{"rendered":"About us"},"content":{"rendered":"\n<div style=\"height:100px\" aria-hidden=\"true\" class=\"wp-block-spacer\"><\/div>\n\n\n\n<div class=\"wp-block-columns container is-layout-flex wp-container-core-columns-is-layout-1 wp-block-columns-is-layout-flex\">\n<div class=\"wp-block-column is-layout-flow wp-block-column-is-layout-flow\">\n<div class=\"wp-block-educatius-title-paragraph-darkbutton container\"><div class=\"text-block-wrap py-4 py-md-0\"><h3 class=\"text-block-title text-primary\">Educatius Academy<br><\/h3><p class=\"text-primary\">Educatius Academy es una divisi\u00f3n de Educatius Inc, miembro del Grupo Educatius.<br>Durante m\u00e1s de 20 a\u00f1os, Educatius Group ha ayudado a estudiantes de secundaria de m\u00e1s de 50 pa\u00edses a hacer realidad su sue\u00f1o de estudiar en el extranjero. Como la mayor organizaci\u00f3n dedicada a programas internacionales de secundaria, enviamos a 7.000 estudiantes de secundaria a programas de estudios en el extranjero en 14 pa\u00edses, cada a\u00f1o.<br>Educatius Academy ofrece programas virtuales para estudiantes de secundaria de todo el mundo. A trav\u00e9s de nuestras asociaciones con escuelas totalmente acreditadas de EE.UU., ofrecemos programas de diploma en l\u00ednea y cursos de bachillerato. Educatius Academy trabaja con agencias de educaci\u00f3n y escuelas en m\u00e1s de 20 pa\u00edses para proporcionar oportunidades de diploma de secundaria de EE.UU. a sus estudiantes locales.<br><\/p><a href=\"https:\/\/www.educatius.org\/\" class=\"btn btn-primary\">Descubre m\u00e1s<\/a><\/div><\/div>\n<\/div>\n\n\n\n<div class=\"wp-block-column is-layout-flow wp-block-column-is-layout-flow\">\n<figure class=\"wp-block-image size-full\"><img loading=\"lazy\" decoding=\"async\" width=\"640\" height=\"427\" src=\"https:\/\/academystage.merklesweden.com\/wp-content\/uploads\/2025\/02\/graduation-students-yellow-sash.jpg\" alt=\"\" class=\"wp-image-490\" srcset=\"https:\/\/academystage.merklesweden.com\/wp-content\/uploads\/2025\/02\/graduation-students-yellow-sash.jpg 640w, https:\/\/academystage.merklesweden.com\/wp-content\/uploads\/2025\/02\/graduation-students-yellow-sash-300x200.jpg 300w, https:\/\/academystage.merklesweden.com\/wp-content\/uploads\/2025\/02\/graduation-students-yellow-sash-24x16.jpg 24w, https:\/\/academystage.merklesweden.com\/wp-content\/uploads\/2025\/02\/graduation-students-yellow-sash-36x24.jpg 36w, https:\/\/academystage.merklesweden.com\/wp-content\/uploads\/2025\/02\/graduation-students-yellow-sash-48x32.jpg 48w\" sizes=\"auto, (max-width: 640px) 100vw, 640px\" \/><\/figure>\n<\/div>\n<\/div>\n\n\n\n<section class=\"wp-block-educatius-large-icon-and-text whats-included-section text-center py-3\"><div class=\"container\"><div class=\"row\"><div class=\"col\"><img decoding=\"async\" src=\"https:\/\/academystage.merklesweden.com\/wp-content\/uploads\/2025\/02\/Satisfied_customers_icon_burgundy_border.png\"\/><h6>L\u00edder acad\u00e9mico<\/h6><p>Al ofrecer estudios de bachillerato online, ampliamos las oportunidades de los estudiantes de todo el mundo.<\/p><\/div><div class=\"col\"><img decoding=\"async\" src=\"https:\/\/academystage.merklesweden.com\/wp-content\/uploads\/2025\/02\/Love_where_you_live_burgundy_border.png\"\/><h6>Alcance mundial<\/h6><p>En nuestros programas virtuales participan estudiantes de m\u00e1s de 20 pa\u00edses, y seguimos creciendo.<\/p><\/div><div class=\"col\"><img decoding=\"async\" src=\"https:\/\/academystage.merklesweden.com\/wp-content\/uploads\/2025\/02\/Strong_relationships_icon_purple_border.png\"\/><h6>Asociaciones de confianza<\/h6><p>Colegios y agencias llevan m\u00e1s de 20 a\u00f1os confiando sus alumnos a Educatius.<\/p><\/div><div class=\"col\"><img decoding=\"async\" src=\"https:\/\/academystage.merklesweden.com\/wp-content\/uploads\/2025\/02\/Prestigious_schools_burgundy_border.png\"\/><h6>Programas acreditados<\/h6><p>Los diplomas de nuestras escuelas asociadas son reconocidos y respetados en universidades de todo el mundo.<\/p><\/div><\/div><\/div><\/section>\n\n\n\n<section class=\"wp-block-educatius-right-image-and-text highlight-section-reverse py-1 py-sm-5 py-md-5\"><div class=\"container my-3\"><div class=\"row\"><div class=\"col-md-6 order-md-1\"><img decoding=\"async\" src=\"https:\/\/academystage.merklesweden.com\/wp-content\/uploads\/2025\/02\/two-business-women-walking-in-city-center-partner-with-us.jpg\" class=\"w-100\"\/><\/div><div class=\"col-md-6 order-md-0\" style=\"background:#009490\"><div class=\"text-block-wrap py-md-0 px-md-5\"><span class=\"text-block-title\" style=\"color:#ffffff\"><\/span><h3 class=\"text-block-title\" style=\"color:#ffffff\">Servicio de calidad<\/h3><p style=\"color:#ffffff\">Estamos orgullosos de la calidad del servicio y del apoyo que prestamos a nuestros estudiantes. Ya sea en su pa\u00eds o en el extranjero, los estudiantes y sus familias pueden confiar en nosotros en cada paso del camino. Ponte en contacto con nosotros hoy mismo y descubre m\u00e1s sobre Grupo Educatius, Educatius Academy y nuestros apasionantes programas internacionales.<\/p><a href=\"https:\/\/academystage.merklesweden.com\/contact-us-agent\/\" class=\"btn btn-outline-primary btn-lg\">Contacta con nosotros<\/a><\/div><\/div><\/div><\/div><\/section>\n\n\n\n<figure class=\"wp-block-image size-full container\"><img loading=\"lazy\" decoding=\"async\" width=\"1440\" height=\"507\" src=\"https:\/\/academystage.merklesweden.com\/wp-content\/uploads\/2025\/02\/Educatius_Footer_desktop_1440x507.jpg\" alt=\"\" class=\"wp-image-212\" srcset=\"https:\/\/academystage.merklesweden.com\/wp-content\/uploads\/2025\/02\/Educatius_Footer_desktop_1440x507.jpg 1440w, https:\/\/academystage.merklesweden.com\/wp-content\/uploads\/2025\/02\/Educatius_Footer_desktop_1440x507-300x106.jpg 300w, https:\/\/academystage.merklesweden.com\/wp-content\/uploads\/2025\/02\/Educatius_Footer_desktop_1440x507-1024x361.jpg 1024w, https:\/\/academystage.merklesweden.com\/wp-content\/uploads\/2025\/02\/Educatius_Footer_desktop_1440x507-768x270.jpg 768w, https:\/\/academystage.merklesweden.com\/wp-content\/uploads\/2025\/02\/Educatius_Footer_desktop_1440x507-24x8.jpg 24w, https:\/\/academystage.merklesweden.com\/wp-content\/uploads\/2025\/02\/Educatius_Footer_desktop_1440x507-36x13.jpg 36w, https:\/\/academystage.merklesweden.com\/wp-content\/uploads\/2025\/02\/Educatius_Footer_desktop_1440x507-48x17.jpg 48w\" sizes=\"auto, (max-width: 1440px) 100vw, 1440px\" \/><\/figure>\n","protected":false},"excerpt":{"rendered":"","protected":false},"author":2,"featured_media":0,"parent":0,"menu_order":0,"comment_status":"closed","ping_status":"closed","template":"","meta":{"_acf_changed":false,"inline_featured_image":false,"footnotes":""},"wf_page_folders":[],"class_list":["post-934","page","type-page","status-publish","hentry"],"acf":[],"yoast_head":"<!-- This site is optimized with the Yoast SEO Premium plugin v23.4 (Yoast SEO v23.6) - https:\/\/yoast.com\/wordpress\/plugins\/seo\/ -->\n<title>About us - Educatius Academy Online<\/title>\n<meta name=\"robots\" content=\"noindex, follow, max-snippet:-1, max-image-preview:large, max-video-preview:-1\" \/>\n<meta property=\"og:locale\" content=\"es_ES\" \/>\n<meta property=\"og:type\" content=\"article\" \/>\n<meta property=\"og:title\" content=\"About us\" \/>\n<meta property=\"og:url\" content=\"https:\/\/academystage.merklesweden.com\/es\/about-us\/\" \/>\n<meta property=\"og:site_name\" content=\"Educatius Academy Online\" \/>\n<meta property=\"article:modified_time\" content=\"2025-04-04T12:40:51+00:00\" \/>\n<meta property=\"og:image\" content=\"https:\/\/academystage.merklesweden.com\/wp-content\/uploads\/2025\/02\/graduation-students-yellow-sash.jpg\" \/>\n\t<meta property=\"og:image:width\" content=\"640\" \/>\n\t<meta property=\"og:image:height\" content=\"427\" \/>\n\t<meta property=\"og:image:type\" content=\"image\/jpeg\" \/>\n<meta name=\"twitter:card\" content=\"summary_large_image\" \/>\n<meta name=\"twitter:label1\" content=\"Est. reading time\" \/>\n\t<meta name=\"twitter:data1\" content=\"3 minutos\" \/>\n<script type=\"application\/ld+json\" class=\"yoast-schema-graph\">{\"@context\":\"https:\/\/schema.org\",\"@graph\":[{\"@type\":\"WebPage\",\"@id\":\"https:\/\/academystage.merklesweden.com\/es\/about-us\/\",\"url\":\"https:\/\/academystage.merklesweden.com\/es\/about-us\/\",\"name\":\"About us - Educatius Academy Online\",\"isPartOf\":{\"@id\":\"https:\/\/academystage.merklesweden.com\/es\/#website\"},\"primaryImageOfPage\":{\"@id\":\"https:\/\/academystage.merklesweden.com\/es\/about-us\/#primaryimage\"},\"image\":{\"@id\":\"https:\/\/academystage.merklesweden.com\/es\/about-us\/#primaryimage\"},\"thumbnailUrl\":\"https:\/\/academystage.merklesweden.com\/wp-content\/uploads\/2025\/02\/graduation-students-yellow-sash.jpg\",\"datePublished\":\"2025-02-20T11:23:05+00:00\",\"dateModified\":\"2025-04-04T12:40:51+00:00\",\"breadcrumb\":{\"@id\":\"https:\/\/academystage.merklesweden.com\/es\/about-us\/#breadcrumb\"},\"inLanguage\":\"es\",\"potentialAction\":[{\"@type\":\"ReadAction\",\"target\":[\"https:\/\/academystage.merklesweden.com\/es\/about-us\/\"]}]},{\"@type\":\"ImageObject\",\"inLanguage\":\"es\",\"@id\":\"https:\/\/academystage.merklesweden.com\/es\/about-us\/#primaryimage\",\"url\":\"https:\/\/academystage.merklesweden.com\/wp-content\/uploads\/2025\/02\/graduation-students-yellow-sash.jpg\",\"contentUrl\":\"https:\/\/academystage.merklesweden.com\/wp-content\/uploads\/2025\/02\/graduation-students-yellow-sash.jpg\"},{\"@type\":\"BreadcrumbList\",\"@id\":\"https:\/\/academystage.merklesweden.com\/es\/about-us\/#breadcrumb\",\"itemListElement\":[{\"@type\":\"ListItem\",\"position\":1,\"name\":\"Home\",\"item\":\"https:\/\/academystage.merklesweden.com\/es\/\"},{\"@type\":\"ListItem\",\"position\":2,\"name\":\"About us\"}]},{\"@type\":\"WebSite\",\"@id\":\"https:\/\/academystage.merklesweden.com\/es\/#website\",\"url\":\"https:\/\/academystage.merklesweden.com\/es\/\",\"name\":\"Educatius Academy Online\",\"description\":\"\",\"publisher\":{\"@id\":\"https:\/\/academystage.merklesweden.com\/es\/#organization\"},\"potentialAction\":[{\"@type\":\"SearchAction\",\"target\":{\"@type\":\"EntryPoint\",\"urlTemplate\":\"https:\/\/academystage.merklesweden.com\/es\/?s={search_term_string}\"},\"query-input\":{\"@type\":\"PropertyValueSpecification\",\"valueRequired\":true,\"valueName\":\"search_term_string\"}}],\"inLanguage\":\"es\"},{\"@type\":\"Organization\",\"@id\":\"https:\/\/academystage.merklesweden.com\/es\/#organization\",\"name\":\"Educatius Academy Online\",\"url\":\"https:\/\/academystage.merklesweden.com\/es\/\",\"logo\":{\"@type\":\"ImageObject\",\"inLanguage\":\"es\",\"@id\":\"https:\/\/academystage.merklesweden.com\/es\/#\/schema\/logo\/image\/\",\"url\":\"https:\/\/academystage.merklesweden.com\/wp-content\/uploads\/2025\/02\/educatius_academy_white.png\",\"contentUrl\":\"https:\/\/academystage.merklesweden.com\/wp-content\/uploads\/2025\/02\/educatius_academy_white.png\",\"width\":837,\"height\":332,\"caption\":\"Educatius Academy Online\"},\"image\":{\"@id\":\"https:\/\/academystage.merklesweden.com\/es\/#\/schema\/logo\/image\/\"}}]}<\/script>\n<!-- \/ Yoast SEO Premium plugin. -->","yoast_head_json":{"title":"About us - Educatius Academy Online","robots":{"index":"noindex","follow":"follow","max-snippet":"max-snippet:-1","max-image-preview":"max-image-preview:large","max-video-preview":"max-video-preview:-1"},"og_locale":"es_ES","og_type":"article","og_title":"About us","og_url":"https:\/\/academystage.merklesweden.com\/es\/about-us\/","og_site_name":"Educatius Academy Online","article_modified_time":"2025-04-04T12:40:51+00:00","og_image":[{"width":640,"height":427,"url":"https:\/\/academystage.merklesweden.com\/wp-content\/uploads\/2025\/02\/graduation-students-yellow-sash.jpg","type":"image\/jpeg"}],"twitter_card":"summary_large_image","twitter_misc":{"Est. reading time":"3 minutos"},"schema":{"@context":"https:\/\/schema.org","@graph":[{"@type":"WebPage","@id":"https:\/\/academystage.merklesweden.com\/es\/about-us\/","url":"https:\/\/academystage.merklesweden.com\/es\/about-us\/","name":"About us - Educatius Academy Online","isPartOf":{"@id":"https:\/\/academystage.merklesweden.com\/es\/#website"},"primaryImageOfPage":{"@id":"https:\/\/academystage.merklesweden.com\/es\/about-us\/#primaryimage"},"image":{"@id":"https:\/\/academystage.merklesweden.com\/es\/about-us\/#primaryimage"},"thumbnailUrl":"https:\/\/academystage.merklesweden.com\/wp-content\/uploads\/2025\/02\/graduation-students-yellow-sash.jpg","datePublished":"2025-02-20T11:23:05+00:00","dateModified":"2025-04-04T12:40:51+00:00","breadcrumb":{"@id":"https:\/\/academystage.merklesweden.com\/es\/about-us\/#breadcrumb"},"inLanguage":"es","potentialAction":[{"@type":"ReadAction","target":["https:\/\/academystage.merklesweden.com\/es\/about-us\/"]}]},{"@type":"ImageObject","inLanguage":"es","@id":"https:\/\/academystage.merklesweden.com\/es\/about-us\/#primaryimage","url":"https:\/\/academystage.merklesweden.com\/wp-content\/uploads\/2025\/02\/graduation-students-yellow-sash.jpg","contentUrl":"https:\/\/academystage.merklesweden.com\/wp-content\/uploads\/2025\/02\/graduation-students-yellow-sash.jpg"},{"@type":"BreadcrumbList","@id":"https:\/\/academystage.merklesweden.com\/es\/about-us\/#breadcrumb","itemListElement":[{"@type":"ListItem","position":1,"name":"Home","item":"https:\/\/academystage.merklesweden.com\/es\/"},{"@type":"ListItem","position":2,"name":"About us"}]},{"@type":"WebSite","@id":"https:\/\/academystage.merklesweden.com\/es\/#website","url":"https:\/\/academystage.merklesweden.com\/es\/","name":"Educatius Academy Online","description":"","publisher":{"@id":"https:\/\/academystage.merklesweden.com\/es\/#organization"},"potentialAction":[{"@type":"SearchAction","target":{"@type":"EntryPoint","urlTemplate":"https:\/\/academystage.merklesweden.com\/es\/?s={search_term_string}"},"query-input":{"@type":"PropertyValueSpecification","valueRequired":true,"valueName":"search_term_string"}}],"inLanguage":"es"},{"@type":"Organization","@id":"https:\/\/academystage.merklesweden.com\/es\/#organization","name":"Educatius Academy Online","url":"https:\/\/academystage.merklesweden.com\/es\/","logo":{"@type":"ImageObject","inLanguage":"es","@id":"https:\/\/academystage.merklesweden.com\/es\/#\/schema\/logo\/image\/","url":"https:\/\/academystage.merklesweden.com\/wp-content\/uploads\/2025\/02\/educatius_academy_white.png","contentUrl":"https:\/\/academystage.merklesweden.com\/wp-content\/uploads\/2025\/02\/educatius_academy_white.png","width":837,"height":332,"caption":"Educatius Academy Online"},"image":{"@id":"https:\/\/academystage.merklesweden.com\/es\/#\/schema\/logo\/image\/"}}]}},"_links":{"self":[{"href":"https:\/\/academystage.merklesweden.com\/es\/wp-json\/wp\/v2\/pages\/934","targetHints":{"allow":["GET"]}}],"collection":[{"href":"https:\/\/academystage.merklesweden.com\/es\/wp-json\/wp\/v2\/pages"}],"about":[{"href":"https:\/\/academystage.merklesweden.com\/es\/wp-json\/wp\/v2\/types\/page"}],"author":[{"embeddable":true,"href":"https:\/\/academystage.merklesweden.com\/es\/wp-json\/wp\/v2\/users\/2"}],"replies":[{"embeddable":true,"href":"https:\/\/academystage.merklesweden.com\/es\/wp-json\/wp\/v2\/comments?post=934"}],"version-history":[{"count":4,"href":"https:\/\/academystage.merklesweden.com\/es\/wp-json\/wp\/v2\/pages\/934\/revisions"}],"predecessor-version":[{"id":1539,"href":"https:\/\/academystage.merklesweden.com\/es\/wp-json\/wp\/v2\/pages\/934\/revisions\/1539"}],"wp:attachment":[{"href":"https:\/\/academystage.merklesweden.com\/es\/wp-json\/wp\/v2\/media?parent=934"}],"wp:term":[{"taxonomy":"wf_page_folders","embeddable":true,"href":"https:\/\/academystage.merklesweden.com\/es\/wp-json\/wp\/v2\/wf_page_folders?post=934"}],"curies":[{"name":"wp","href":"https:\/\/api.w.org\/{rel}","templated":true}]}}