{"id":1066,"date":"2025-02-20T09:46:24","date_gmt":"2025-02-20T09:46:24","guid":{"rendered":"https:\/\/academystage.merklesweden.com\/?page_id=1066"},"modified":"2025-04-25T09:23:40","modified_gmt":"2025-04-25T09:23:40","slug":"personal-counselling","status":"publish","type":"page","link":"https:\/\/academystage.merklesweden.com\/es\/whats-included\/personal-counselling\/","title":{"rendered":"Personal Counselling"},"content":{"rendered":"\n<div class=\"wp-block-group has-gray-background-color has-background\"><div class=\"wp-block-group__inner-container is-layout-constrained wp-block-group-is-layout-constrained\">\n<div style=\"height:100px\" aria-hidden=\"true\" class=\"wp-block-spacer\"><\/div>\n\n\n\n<div class=\"wp-block-columns container has-gray-background-color has-background is-layout-flex wp-container-core-columns-is-layout-1 wp-block-columns-is-layout-flex\">\n<div class=\"wp-block-column is-layout-flow wp-block-column-is-layout-flow\">\n<div class=\"wp-block-educatius-title-paragraph-darkbutton container\"><div class=\"text-block-wrap py-4 py-md-0\"><h3 class=\"text-block-title text-primary\">Orientaci\u00f3n de programa<br><\/h3><p class=\"text-primary\">Nuestro equipo de experimentados orientadores te ayuda incluso antes de que empieces tus estudios. Te asignamos el programa y las clases que mejor se adapten a tus objetivos acad\u00e9micos. Nos quedamos contigo para guiarte a lo largo de tu viaje, para que te mantengas en el buen camino y llegues con \u00e9xito al d\u00eda de la graduaci\u00f3n.<br><br><strong>Validaci\u00f3n de programas<\/strong><br><br>Nuestro equipo revisa tu expediente acad\u00e9mico del instituto local para asignarte el mejor programa. Entender tu historial nos permite determinar con mayor precisi\u00f3n c\u00f3mo puedes alcanzar tus objetivos acad\u00e9micos.<br><br><strong>Selecci\u00f3n de asignaturas<\/strong><br><br>Una vez que hayas elegido un programa, te ayudaremos a confeccionar un programa que incluya todas las asignaturas obligatorias y optativas que mejor se adapten a tus intereses, objetivos acad\u00e9micos y conocimientos de ingl\u00e9s.<br><br><strong>Soporte acad\u00e9mico<\/strong><br><br>Una vez que empieces los cursos, tu asesor estar\u00e1 pendiente de tus progresos y de los plazos importantes. Si cree que te est\u00e1s retrasando, te ofrecer\u00e1 apoyo y motivaci\u00f3n.<br><\/p><a href=\"https:\/\/academystage.merklesweden.com\/es\/enroll-now\/\" class=\"btn btn-primary\">Descubre m\u00e1s<\/a><\/div><\/div>\n<\/div>\n\n\n\n<div class=\"wp-block-column is-layout-flow wp-block-column-is-layout-flow\">\n<div class=\"wp-block-educatius-bordered-text container\"><div class=\"quick-fact-section\"><h6 class=\"text-block-title text-primary\">Orientaci\u00f3n acad\u00e9mica: resumen<\/h6><ul class=\"list-group text-primary\"><li class=\"list-item\">Ayuda en la selecci\u00f3n del programa m\u00e1s adecuado<\/li><br><li class=\"list-item\">Orientaci\u00f3n para seleccionar asignaturas<\/li><br><li class=\"list-item\">Soporte acad\u00e9mico<\/li><br><li class=\"list-item\">Recordatorios de plazos importantes<\/li><\/ul><\/div><\/div>\n<\/div>\n<\/div>\n<\/div><\/div>\n\n\n\n<section class=\"wp-block-educatius-left-image-and-text highlight-section py-1 py-sm-2 py-md-2 py-sm-5 py-md-5\"><div class=\"container\"><div class=\"row\"><div class=\"col-md-6\"><img decoding=\"async\" src=\"https:\/\/academystage.merklesweden.com\/wp-content\/uploads\/2025\/02\/girl-student-with-diploma-and-laptop-1.jpg\" class=\"w-100\"\/><\/div><div class=\"col-md-6\"><div class=\"text-block-wrap py-md-0 px-md-5\"><span class=\"text-block-title\"><\/span><h3 class=\"text-block-title\">Reserva tu orientaci\u00f3n acad\u00e9mica gratuita<\/h3><p>\u00danete a una sesi\u00f3n individual para contarnos cu\u00e1les son tus metas acad\u00e9micas. Juntos, exploraremos las mejores opciones para ayudarte a conseguirlas.<br><a href=\"https:\/\/www.educatiusacademy.org\/contact-us-student\/\"><\/a><\/p><a href=\"https:\/\/academystage.merklesweden.com\/es\/contact-us-student\/\" class=\"btn btn-outline-primary btn-lg\">Contacta con tu orientador<\/a><\/div><\/div><\/div><\/div><\/section>\n","protected":false},"excerpt":{"rendered":"","protected":false},"author":2,"featured_media":0,"parent":1036,"menu_order":0,"comment_status":"closed","ping_status":"closed","template":"","meta":{"_acf_changed":false,"inline_featured_image":false,"footnotes":""},"wf_page_folders":[],"class_list":["post-1066","page","type-page","status-publish","hentry"],"acf":[],"yoast_head":"<!-- This site is optimized with the Yoast SEO Premium plugin v23.4 (Yoast SEO v23.6) - https:\/\/yoast.com\/wordpress\/plugins\/seo\/ -->\n<title>Guidance, Course Selection, and Support - Educatius Academy Online - Educatius Academy Online<\/title>\n<meta name=\"description\" content=\"Our advisors support and help you set up the best program schedule for successful graduation from your USA high school diploma program.\" \/>\n<meta name=\"robots\" content=\"noindex, follow, max-snippet:-1, max-image-preview:large, max-video-preview:-1\" \/>\n<meta property=\"og:locale\" content=\"es_ES\" \/>\n<meta property=\"og:type\" content=\"article\" \/>\n<meta property=\"og:title\" content=\"Personal Counselling\" \/>\n<meta property=\"og:description\" content=\"Our advisors support and help you set up the best program schedule for successful graduation from your USA high school diploma program.\" \/>\n<meta property=\"og:url\" content=\"https:\/\/academystage.merklesweden.com\/es\/whats-included\/personal-counselling\/\" \/>\n<meta property=\"og:site_name\" content=\"Educatius Academy Online\" \/>\n<meta property=\"article:modified_time\" content=\"2025-04-25T09:23:40+00:00\" \/>\n<meta property=\"og:image\" content=\"https:\/\/academystage.merklesweden.com\/wp-content\/uploads\/2025\/02\/girl-student-with-diploma-and-laptop-1.jpg\" \/>\n<meta name=\"twitter:card\" content=\"summary_large_image\" \/>\n<meta name=\"twitter:label1\" content=\"Est. reading time\" \/>\n\t<meta name=\"twitter:data1\" content=\"2 minutos\" \/>\n<script type=\"application\/ld+json\" class=\"yoast-schema-graph\">{\"@context\":\"https:\/\/schema.org\",\"@graph\":[{\"@type\":\"WebPage\",\"@id\":\"https:\/\/academystage.merklesweden.com\/es\/whats-included\/personal-counselling\/\",\"url\":\"https:\/\/academystage.merklesweden.com\/es\/whats-included\/personal-counselling\/\",\"name\":\"Guidance, Course Selection, and Support - Educatius Academy Online - Educatius Academy Online\",\"isPartOf\":{\"@id\":\"https:\/\/academystage.merklesweden.com\/es\/#website\"},\"primaryImageOfPage\":{\"@id\":\"https:\/\/academystage.merklesweden.com\/es\/whats-included\/personal-counselling\/#primaryimage\"},\"image\":{\"@id\":\"https:\/\/academystage.merklesweden.com\/es\/whats-included\/personal-counselling\/#primaryimage\"},\"thumbnailUrl\":\"https:\/\/academystage.merklesweden.com\/wp-content\/uploads\/2025\/02\/girl-student-with-diploma-and-laptop-1.jpg\",\"datePublished\":\"2025-02-20T09:46:24+00:00\",\"dateModified\":\"2025-04-25T09:23:40+00:00\",\"description\":\"Our advisors support and help you set up the best program schedule for successful graduation from your USA high school diploma program.\",\"breadcrumb\":{\"@id\":\"https:\/\/academystage.merklesweden.com\/es\/whats-included\/personal-counselling\/#breadcrumb\"},\"inLanguage\":\"es\",\"potentialAction\":[{\"@type\":\"ReadAction\",\"target\":[\"https:\/\/academystage.merklesweden.com\/es\/whats-included\/personal-counselling\/\"]}]},{\"@type\":\"ImageObject\",\"inLanguage\":\"es\",\"@id\":\"https:\/\/academystage.merklesweden.com\/es\/whats-included\/personal-counselling\/#primaryimage\",\"url\":\"https:\/\/academystage.merklesweden.com\/wp-content\/uploads\/2025\/02\/girl-student-with-diploma-and-laptop-1.jpg\",\"contentUrl\":\"https:\/\/academystage.merklesweden.com\/wp-content\/uploads\/2025\/02\/girl-student-with-diploma-and-laptop-1.jpg\"},{\"@type\":\"BreadcrumbList\",\"@id\":\"https:\/\/academystage.merklesweden.com\/es\/whats-included\/personal-counselling\/#breadcrumb\",\"itemListElement\":[{\"@type\":\"ListItem\",\"position\":1,\"name\":\"Home\",\"item\":\"https:\/\/academystage.merklesweden.com\/es\/\"},{\"@type\":\"ListItem\",\"position\":2,\"name\":\"What&#8217;s included\",\"item\":\"https:\/\/academystage.merklesweden.com\/es\/whats-included\/\"},{\"@type\":\"ListItem\",\"position\":3,\"name\":\"Personal Counselling\"}]},{\"@type\":\"WebSite\",\"@id\":\"https:\/\/academystage.merklesweden.com\/es\/#website\",\"url\":\"https:\/\/academystage.merklesweden.com\/es\/\",\"name\":\"Educatius Academy Online\",\"description\":\"\",\"publisher\":{\"@id\":\"https:\/\/academystage.merklesweden.com\/es\/#organization\"},\"potentialAction\":[{\"@type\":\"SearchAction\",\"target\":{\"@type\":\"EntryPoint\",\"urlTemplate\":\"https:\/\/academystage.merklesweden.com\/es\/?s={search_term_string}\"},\"query-input\":{\"@type\":\"PropertyValueSpecification\",\"valueRequired\":true,\"valueName\":\"search_term_string\"}}],\"inLanguage\":\"es\"},{\"@type\":\"Organization\",\"@id\":\"https:\/\/academystage.merklesweden.com\/es\/#organization\",\"name\":\"Educatius Academy Online\",\"url\":\"https:\/\/academystage.merklesweden.com\/es\/\",\"logo\":{\"@type\":\"ImageObject\",\"inLanguage\":\"es\",\"@id\":\"https:\/\/academystage.merklesweden.com\/es\/#\/schema\/logo\/image\/\",\"url\":\"https:\/\/academystage.merklesweden.com\/wp-content\/uploads\/2025\/02\/educatius_academy_white.png\",\"contentUrl\":\"https:\/\/academystage.merklesweden.com\/wp-content\/uploads\/2025\/02\/educatius_academy_white.png\",\"width\":837,\"height\":332,\"caption\":\"Educatius Academy Online\"},\"image\":{\"@id\":\"https:\/\/academystage.merklesweden.com\/es\/#\/schema\/logo\/image\/\"}}]}<\/script>\n<!-- \/ Yoast SEO Premium plugin. -->","yoast_head_json":{"title":"Guidance, Course Selection, and Support - Educatius Academy Online - Educatius Academy Online","description":"Our advisors support and help you set up the best program schedule for successful graduation from your USA high school diploma program.","robots":{"index":"noindex","follow":"follow","max-snippet":"max-snippet:-1","max-image-preview":"max-image-preview:large","max-video-preview":"max-video-preview:-1"},"og_locale":"es_ES","og_type":"article","og_title":"Personal Counselling","og_description":"Our advisors support and help you set up the best program schedule for successful graduation from your USA high school diploma program.","og_url":"https:\/\/academystage.merklesweden.com\/es\/whats-included\/personal-counselling\/","og_site_name":"Educatius Academy Online","article_modified_time":"2025-04-25T09:23:40+00:00","og_image":[{"url":"https:\/\/academystage.merklesweden.com\/wp-content\/uploads\/2025\/02\/girl-student-with-diploma-and-laptop-1.jpg"}],"twitter_card":"summary_large_image","twitter_misc":{"Est. reading time":"2 minutos"},"schema":{"@context":"https:\/\/schema.org","@graph":[{"@type":"WebPage","@id":"https:\/\/academystage.merklesweden.com\/es\/whats-included\/personal-counselling\/","url":"https:\/\/academystage.merklesweden.com\/es\/whats-included\/personal-counselling\/","name":"Guidance, Course Selection, and Support - Educatius Academy Online - Educatius Academy Online","isPartOf":{"@id":"https:\/\/academystage.merklesweden.com\/es\/#website"},"primaryImageOfPage":{"@id":"https:\/\/academystage.merklesweden.com\/es\/whats-included\/personal-counselling\/#primaryimage"},"image":{"@id":"https:\/\/academystage.merklesweden.com\/es\/whats-included\/personal-counselling\/#primaryimage"},"thumbnailUrl":"https:\/\/academystage.merklesweden.com\/wp-content\/uploads\/2025\/02\/girl-student-with-diploma-and-laptop-1.jpg","datePublished":"2025-02-20T09:46:24+00:00","dateModified":"2025-04-25T09:23:40+00:00","description":"Our advisors support and help you set up the best program schedule for successful graduation from your USA high school diploma program.","breadcrumb":{"@id":"https:\/\/academystage.merklesweden.com\/es\/whats-included\/personal-counselling\/#breadcrumb"},"inLanguage":"es","potentialAction":[{"@type":"ReadAction","target":["https:\/\/academystage.merklesweden.com\/es\/whats-included\/personal-counselling\/"]}]},{"@type":"ImageObject","inLanguage":"es","@id":"https:\/\/academystage.merklesweden.com\/es\/whats-included\/personal-counselling\/#primaryimage","url":"https:\/\/academystage.merklesweden.com\/wp-content\/uploads\/2025\/02\/girl-student-with-diploma-and-laptop-1.jpg","contentUrl":"https:\/\/academystage.merklesweden.com\/wp-content\/uploads\/2025\/02\/girl-student-with-diploma-and-laptop-1.jpg"},{"@type":"BreadcrumbList","@id":"https:\/\/academystage.merklesweden.com\/es\/whats-included\/personal-counselling\/#breadcrumb","itemListElement":[{"@type":"ListItem","position":1,"name":"Home","item":"https:\/\/academystage.merklesweden.com\/es\/"},{"@type":"ListItem","position":2,"name":"What&#8217;s included","item":"https:\/\/academystage.merklesweden.com\/es\/whats-included\/"},{"@type":"ListItem","position":3,"name":"Personal Counselling"}]},{"@type":"WebSite","@id":"https:\/\/academystage.merklesweden.com\/es\/#website","url":"https:\/\/academystage.merklesweden.com\/es\/","name":"Educatius Academy Online","description":"","publisher":{"@id":"https:\/\/academystage.merklesweden.com\/es\/#organization"},"potentialAction":[{"@type":"SearchAction","target":{"@type":"EntryPoint","urlTemplate":"https:\/\/academystage.merklesweden.com\/es\/?s={search_term_string}"},"query-input":{"@type":"PropertyValueSpecification","valueRequired":true,"valueName":"search_term_string"}}],"inLanguage":"es"},{"@type":"Organization","@id":"https:\/\/academystage.merklesweden.com\/es\/#organization","name":"Educatius Academy Online","url":"https:\/\/academystage.merklesweden.com\/es\/","logo":{"@type":"ImageObject","inLanguage":"es","@id":"https:\/\/academystage.merklesweden.com\/es\/#\/schema\/logo\/image\/","url":"https:\/\/academystage.merklesweden.com\/wp-content\/uploads\/2025\/02\/educatius_academy_white.png","contentUrl":"https:\/\/academystage.merklesweden.com\/wp-content\/uploads\/2025\/02\/educatius_academy_white.png","width":837,"height":332,"caption":"Educatius Academy Online"},"image":{"@id":"https:\/\/academystage.merklesweden.com\/es\/#\/schema\/logo\/image\/"}}]}},"_links":{"self":[{"href":"https:\/\/academystage.merklesweden.com\/es\/wp-json\/wp\/v2\/pages\/1066","targetHints":{"allow":["GET"]}}],"collection":[{"href":"https:\/\/academystage.merklesweden.com\/es\/wp-json\/wp\/v2\/pages"}],"about":[{"href":"https:\/\/academystage.merklesweden.com\/es\/wp-json\/wp\/v2\/types\/page"}],"author":[{"embeddable":true,"href":"https:\/\/academystage.merklesweden.com\/es\/wp-json\/wp\/v2\/users\/2"}],"replies":[{"embeddable":true,"href":"https:\/\/academystage.merklesweden.com\/es\/wp-json\/wp\/v2\/comments?post=1066"}],"version-history":[{"count":7,"href":"https:\/\/academystage.merklesweden.com\/es\/wp-json\/wp\/v2\/pages\/1066\/revisions"}],"predecessor-version":[{"id":1935,"href":"https:\/\/academystage.merklesweden.com\/es\/wp-json\/wp\/v2\/pages\/1066\/revisions\/1935"}],"up":[{"embeddable":true,"href":"https:\/\/academystage.merklesweden.com\/es\/wp-json\/wp\/v2\/pages\/1036"}],"wp:attachment":[{"href":"https:\/\/academystage.merklesweden.com\/es\/wp-json\/wp\/v2\/media?parent=1066"}],"wp:term":[{"taxonomy":"wf_page_folders","embeddable":true,"href":"https:\/\/academystage.merklesweden.com\/es\/wp-json\/wp\/v2\/wf_page_folders?post=1066"}],"curies":[{"name":"wp","href":"https:\/\/api.w.org\/{rel}","templated":true}]}}