{"id":1065,"date":"2025-02-20T06:39:58","date_gmt":"2025-02-20T06:39:58","guid":{"rendered":"https:\/\/academystage.merklesweden.com\/?page_id=1065"},"modified":"2025-04-25T09:21:11","modified_gmt":"2025-04-25T09:21:11","slug":"english-prep-camp","status":"publish","type":"page","link":"https:\/\/academystage.merklesweden.com\/es\/whats-included\/english-prep-camp\/","title":{"rendered":"English Prep Camp"},"content":{"rendered":"\n<div class=\"wp-block-group has-gray-background-color has-background\"><div class=\"wp-block-group__inner-container is-layout-constrained wp-block-group-is-layout-constrained\">\n<div style=\"height:100px\" aria-hidden=\"true\" class=\"wp-block-spacer\"><\/div>\n\n\n\n<div class=\"wp-block-columns container has-gray-background-color has-background is-layout-flex wp-container-core-columns-is-layout-1 wp-block-columns-is-layout-flex\">\n<div class=\"wp-block-column is-layout-flow wp-block-column-is-layout-flow\">\n<div class=\"wp-block-group\"><div class=\"wp-block-group__inner-container is-layout-constrained wp-block-group-is-layout-constrained\">\n<div class=\"wp-block-educatius-title-paragraph-darkbutton container\"><div class=\"text-block-wrap py-4 py-md-0\"><h3 class=\"text-block-title text-primary\">English Prep Camp<br><\/h3><p class=\"text-primary\">\u00danete a nuestro English Prep Camp para mejorar tus habilidades ling\u00fc\u00edsticas y prepararte para una experiencia internacional en el extranjero o en casa. En estas clases semanales online, desarrollar\u00e1s el dominio que necesitas para una experiencia internacional que te cambiar\u00e1 la vida.<br><br><strong>Obt\u00e9n una perspectiva global<\/strong><br><br>Estudiantes de todo el mundo se unen a nuestro English Prep Camp. Cuando termines, habr\u00e1s desarrollado tus habilidades ling\u00fc\u00edsticas y habr\u00e1s aprendido sobre otras culturas y lugares. Esta experiencia aumentar\u00e1 tu confianza a la hora de emprender tus estudios internacionales.<br><br><strong>Profesores profesionales<\/strong><br><br>Nuestros profesores de ingl\u00e9s nativos son todos educadores titulados y tienen experiencia impartiendo cursos en l\u00ednea. Saben c\u00f3mo hacer que las clases sean atractivas y divertidas.<br><br><strong>Plan de estudios personalizado<\/strong><br><br>Recibir\u00e1s las clases en ingl\u00e9s, pero el nivel de dificultad depender\u00e1 de tus conocimientos ling\u00fc\u00edsticos. Hemos desarrollado nuestro propio material did\u00e1ctico para que se adapte a tu nivel.<br><br><strong>Aprendizaje en grupos reducidos<\/strong><br><br>Aprende junto a estudiantes de mentalidad global como t\u00fa. Las clases se imparten en grupos reducidos de estudiantes de todo el mundo.<\/p><a href=\"https:\/\/academystage.merklesweden.com\/es\/enroll-now\/\" class=\"btn btn-primary\">Saber m\u00e1s<\/a><\/div><\/div>\n<\/div><\/div>\n<\/div>\n\n\n\n<div class=\"wp-block-column is-layout-flow wp-block-column-is-layout-flow\">\n<figure class=\"wp-block-embed is-type-video is-provider-youtube wp-block-embed-youtube wp-embed-aspect-16-9 wp-has-aspect-ratio\"><div class=\"wp-block-embed__wrapper\">\n<iframe loading=\"lazy\" title=\"Educatius Academy English Prep Camp\" width=\"640\" height=\"360\" src=\"https:\/\/www.youtube.com\/embed\/yL8AQbV4y5Q?feature=oembed\" frameborder=\"0\" allow=\"accelerometer; autoplay; clipboard-write; encrypted-media; gyroscope; picture-in-picture; web-share\" referrerpolicy=\"strict-origin-when-cross-origin\" allowfullscreen><\/iframe>\n<\/div><\/figure>\n<\/div>\n<\/div>\n<\/div><\/div>\n\n\n\n<div class=\"wp-block-columns container is-layout-flex wp-container-core-columns-is-layout-2 wp-block-columns-is-layout-flex\">\n<div class=\"wp-block-column is-layout-flow wp-block-column-is-layout-flow\">\n<figure class=\"wp-block-image size-full\"><img loading=\"lazy\" decoding=\"async\" width=\"640\" height=\"427\" src=\"https:\/\/academystage.merklesweden.com\/wp-content\/uploads\/2025\/02\/hapa-male-student-with-big-hair-hand-up-in-class.jpg\" alt=\"\" class=\"wp-image-226\" srcset=\"https:\/\/academystage.merklesweden.com\/wp-content\/uploads\/2025\/02\/hapa-male-student-with-big-hair-hand-up-in-class.jpg 640w, https:\/\/academystage.merklesweden.com\/wp-content\/uploads\/2025\/02\/hapa-male-student-with-big-hair-hand-up-in-class-300x200.jpg 300w, https:\/\/academystage.merklesweden.com\/wp-content\/uploads\/2025\/02\/hapa-male-student-with-big-hair-hand-up-in-class-24x16.jpg 24w, https:\/\/academystage.merklesweden.com\/wp-content\/uploads\/2025\/02\/hapa-male-student-with-big-hair-hand-up-in-class-36x24.jpg 36w, https:\/\/academystage.merklesweden.com\/wp-content\/uploads\/2025\/02\/hapa-male-student-with-big-hair-hand-up-in-class-48x32.jpg 48w\" sizes=\"auto, (max-width: 640px) 100vw, 640px\" \/><\/figure>\n<\/div>\n\n\n\n<div class=\"wp-block-column has-white-color has-deep-red-background-color has-text-color has-background has-link-color wp-elements-3983c81d749500a2fba9ecbee927c572 is-layout-flow wp-block-column-is-layout-flow\">\n<div class=\"wp-block-educatius-bordered-text container\"><div class=\"quick-fact-section\"><h6 class=\"text-block-title text-primary\">Datos de inter\u00e9s<\/h6><ul class=\"list-group text-primary\"><li class=\"list-item\">Clases as\u00edncronas semanales<\/li><br><li class=\"list-item\">Horas de diversi\u00f3n, lecciones interactivas<\/li><br><li class=\"list-item\">Aprendizaje personalizado<\/li><br><li class=\"list-item\">Profesores nativos de ingl\u00e9s con experiencia<\/li><br><li class=\"list-item\">Grupos reducidos de estudiantes internacionales<\/li><\/ul><\/div><\/div>\n<\/div>\n<\/div>\n\n\n\n<section class=\"wp-block-educatius-right-image-and-text highlight-section-reverse py-1 py-sm-2 py-md-2 py-sm-5 py-md-5 container\"><div class=\"container\"><div class=\"row\"><div class=\"col-md-6 order-md-1\"><img decoding=\"async\" src=\"https:\/\/academystage.merklesweden.com\/wp-content\/uploads\/2025\/02\/female-student-with-computer-measure-english-skills-1.jpg\" class=\"w-100\"\/><\/div><div class=\"col-md-6 order-md-0\" style=\"background:#e8b8a6\"><div class=\"text-block-wrap py-md-0 px-md-5\"><span class=\"text-block-title\" style=\"color:#000000\"><\/span><h3 class=\"text-block-title\" style=\"color:#000000\">Eval\u00faa tu nivel de ingl\u00e9s<\/h3><p style=\"color:#000000\">Mide tus conocimientos de ingl\u00e9s con esta evaluaci\u00f3n completa y gratuita. Los resultados nos ayudan a recomendarte los mejores pasos para que alcances tus objetivos acad\u00e9micos. Nos pondremos en contacto contigo cuando recibamos tus resultados.<\/p><a href=\"https:\/\/academystage.merklesweden.com\/es\/whats-included\/english-assessment\/\" class=\"btn btn-outline-primary btn-lg\" style=\"border-color:#000000;color:#000000\">Eval\u00faa tu ingl\u00e9s<\/a><\/div><\/div><\/div><\/div><\/section>\n\n\n\n<div style=\"height:45px\" aria-hidden=\"true\" class=\"wp-block-spacer\"><\/div>\n\n\n\n<section class=\"wp-block-educatius-left-image-and-text highlight-section py-1 py-sm-2 py-md-2 py-sm-5 py-md-5 container\"><div class=\"container\"><div class=\"row\"><div class=\"col-md-6\"><img decoding=\"async\" src=\"https:\/\/academystage.merklesweden.com\/wp-content\/uploads\/2025\/02\/two-academic-students-studying.jpg\" class=\"w-100\"\/><\/div><div class=\"col-md-6\" style=\"background:#faf4e2\"><div class=\"text-block-wrap py-md-0 px-md-5\"><span class=\"text-block-title\" style=\"color:#691c32\"><\/span><h3 class=\"text-block-title\" style=\"color:#691c32\">Reserva asesoramiento acad\u00e9mico<\/h3><p style=\"color:#691c32\">\u00danete a una sesi\u00f3n individual para contarnos cu\u00e1les son tus metas acad\u00e9micas. Juntos, exploraremos las mejores opciones para ayudarte a conseguirlas.<br><a href=\"https:\/\/www.educatiusacademy.org\/es\/contact-us-student\/\"><\/a><\/p><a href=\"https:\/\/academystage.merklesweden.com\/es\/contact-us-student\/\" class=\"btn btn-outline-primary btn-lg\" style=\"background-color:#691c32;border-color:#691c32;color:#ffffff\">Reserva una consulta gratuita<\/a><\/div><\/div><\/div><\/div><\/section>\n","protected":false},"excerpt":{"rendered":"","protected":false},"author":2,"featured_media":0,"parent":1036,"menu_order":0,"comment_status":"closed","ping_status":"closed","template":"","meta":{"_acf_changed":false,"inline_featured_image":false,"footnotes":""},"wf_page_folders":[],"class_list":["post-1065","page","type-page","status-publish","hentry"],"acf":[],"yoast_head":"<!-- This site is optimized with the Yoast SEO Premium plugin v23.4 (Yoast SEO v23.6) - https:\/\/yoast.com\/wordpress\/plugins\/seo\/ -->\n<title>Join our fun, interactive, English Prep Camp - Educatius Academy Online - Educatius Academy Online<\/title>\n<meta name=\"description\" content=\"International students worldwide join together to improve their English with this synchronous &quot;live&quot; online English Preparation course.\" \/>\n<meta name=\"robots\" content=\"noindex, follow, max-snippet:-1, max-image-preview:large, max-video-preview:-1\" \/>\n<meta property=\"og:locale\" content=\"es_ES\" \/>\n<meta property=\"og:type\" content=\"article\" \/>\n<meta property=\"og:title\" content=\"English Prep Camp\" \/>\n<meta property=\"og:description\" content=\"International students worldwide join together to improve their English with this synchronous &quot;live&quot; online English Preparation course.\" \/>\n<meta property=\"og:url\" content=\"https:\/\/academystage.merklesweden.com\/es\/whats-included\/english-prep-camp\/\" \/>\n<meta property=\"og:site_name\" content=\"Educatius Academy Online\" \/>\n<meta property=\"article:modified_time\" content=\"2025-04-25T09:21:11+00:00\" \/>\n<meta property=\"og:image\" content=\"https:\/\/academystage.merklesweden.com\/wp-content\/uploads\/2025\/02\/hapa-male-student-with-big-hair-hand-up-in-class.jpg\" \/>\n\t<meta property=\"og:image:width\" content=\"640\" \/>\n\t<meta property=\"og:image:height\" content=\"427\" \/>\n\t<meta property=\"og:image:type\" content=\"image\/jpeg\" \/>\n<meta name=\"twitter:card\" content=\"summary_large_image\" \/>\n<meta name=\"twitter:label1\" content=\"Est. reading time\" \/>\n\t<meta name=\"twitter:data1\" content=\"2 minutos\" \/>\n<script type=\"application\/ld+json\" class=\"yoast-schema-graph\">{\"@context\":\"https:\/\/schema.org\",\"@graph\":[{\"@type\":\"WebPage\",\"@id\":\"https:\/\/academystage.merklesweden.com\/es\/whats-included\/english-prep-camp\/\",\"url\":\"https:\/\/academystage.merklesweden.com\/es\/whats-included\/english-prep-camp\/\",\"name\":\"Join our fun, interactive, English Prep Camp - Educatius Academy Online - Educatius Academy Online\",\"isPartOf\":{\"@id\":\"https:\/\/academystage.merklesweden.com\/es\/#website\"},\"primaryImageOfPage\":{\"@id\":\"https:\/\/academystage.merklesweden.com\/es\/whats-included\/english-prep-camp\/#primaryimage\"},\"image\":{\"@id\":\"https:\/\/academystage.merklesweden.com\/es\/whats-included\/english-prep-camp\/#primaryimage\"},\"thumbnailUrl\":\"https:\/\/academystage.merklesweden.com\/wp-content\/uploads\/2025\/02\/hapa-male-student-with-big-hair-hand-up-in-class.jpg\",\"datePublished\":\"2025-02-20T06:39:58+00:00\",\"dateModified\":\"2025-04-25T09:21:11+00:00\",\"description\":\"International students worldwide join together to improve their English with this synchronous \\\"live\\\" online English Preparation course.\",\"breadcrumb\":{\"@id\":\"https:\/\/academystage.merklesweden.com\/es\/whats-included\/english-prep-camp\/#breadcrumb\"},\"inLanguage\":\"es\",\"potentialAction\":[{\"@type\":\"ReadAction\",\"target\":[\"https:\/\/academystage.merklesweden.com\/es\/whats-included\/english-prep-camp\/\"]}]},{\"@type\":\"ImageObject\",\"inLanguage\":\"es\",\"@id\":\"https:\/\/academystage.merklesweden.com\/es\/whats-included\/english-prep-camp\/#primaryimage\",\"url\":\"https:\/\/academystage.merklesweden.com\/wp-content\/uploads\/2025\/02\/hapa-male-student-with-big-hair-hand-up-in-class.jpg\",\"contentUrl\":\"https:\/\/academystage.merklesweden.com\/wp-content\/uploads\/2025\/02\/hapa-male-student-with-big-hair-hand-up-in-class.jpg\"},{\"@type\":\"BreadcrumbList\",\"@id\":\"https:\/\/academystage.merklesweden.com\/es\/whats-included\/english-prep-camp\/#breadcrumb\",\"itemListElement\":[{\"@type\":\"ListItem\",\"position\":1,\"name\":\"Home\",\"item\":\"https:\/\/academystage.merklesweden.com\/es\/\"},{\"@type\":\"ListItem\",\"position\":2,\"name\":\"What&#8217;s included\",\"item\":\"https:\/\/academystage.merklesweden.com\/es\/whats-included\/\"},{\"@type\":\"ListItem\",\"position\":3,\"name\":\"English Prep Camp\"}]},{\"@type\":\"WebSite\",\"@id\":\"https:\/\/academystage.merklesweden.com\/es\/#website\",\"url\":\"https:\/\/academystage.merklesweden.com\/es\/\",\"name\":\"Educatius Academy Online\",\"description\":\"\",\"publisher\":{\"@id\":\"https:\/\/academystage.merklesweden.com\/es\/#organization\"},\"potentialAction\":[{\"@type\":\"SearchAction\",\"target\":{\"@type\":\"EntryPoint\",\"urlTemplate\":\"https:\/\/academystage.merklesweden.com\/es\/?s={search_term_string}\"},\"query-input\":{\"@type\":\"PropertyValueSpecification\",\"valueRequired\":true,\"valueName\":\"search_term_string\"}}],\"inLanguage\":\"es\"},{\"@type\":\"Organization\",\"@id\":\"https:\/\/academystage.merklesweden.com\/es\/#organization\",\"name\":\"Educatius Academy Online\",\"url\":\"https:\/\/academystage.merklesweden.com\/es\/\",\"logo\":{\"@type\":\"ImageObject\",\"inLanguage\":\"es\",\"@id\":\"https:\/\/academystage.merklesweden.com\/es\/#\/schema\/logo\/image\/\",\"url\":\"https:\/\/academystage.merklesweden.com\/wp-content\/uploads\/2025\/02\/educatius_academy_white.png\",\"contentUrl\":\"https:\/\/academystage.merklesweden.com\/wp-content\/uploads\/2025\/02\/educatius_academy_white.png\",\"width\":837,\"height\":332,\"caption\":\"Educatius Academy Online\"},\"image\":{\"@id\":\"https:\/\/academystage.merklesweden.com\/es\/#\/schema\/logo\/image\/\"}}]}<\/script>\n<!-- \/ Yoast SEO Premium plugin. -->","yoast_head_json":{"title":"Join our fun, interactive, English Prep Camp - Educatius Academy Online - Educatius Academy Online","description":"International students worldwide join together to improve their English with this synchronous \"live\" online English Preparation course.","robots":{"index":"noindex","follow":"follow","max-snippet":"max-snippet:-1","max-image-preview":"max-image-preview:large","max-video-preview":"max-video-preview:-1"},"og_locale":"es_ES","og_type":"article","og_title":"English Prep Camp","og_description":"International students worldwide join together to improve their English with this synchronous \"live\" online English Preparation course.","og_url":"https:\/\/academystage.merklesweden.com\/es\/whats-included\/english-prep-camp\/","og_site_name":"Educatius Academy Online","article_modified_time":"2025-04-25T09:21:11+00:00","og_image":[{"width":640,"height":427,"url":"https:\/\/academystage.merklesweden.com\/wp-content\/uploads\/2025\/02\/hapa-male-student-with-big-hair-hand-up-in-class.jpg","type":"image\/jpeg"}],"twitter_card":"summary_large_image","twitter_misc":{"Est. reading time":"2 minutos"},"schema":{"@context":"https:\/\/schema.org","@graph":[{"@type":"WebPage","@id":"https:\/\/academystage.merklesweden.com\/es\/whats-included\/english-prep-camp\/","url":"https:\/\/academystage.merklesweden.com\/es\/whats-included\/english-prep-camp\/","name":"Join our fun, interactive, English Prep Camp - Educatius Academy Online - Educatius Academy Online","isPartOf":{"@id":"https:\/\/academystage.merklesweden.com\/es\/#website"},"primaryImageOfPage":{"@id":"https:\/\/academystage.merklesweden.com\/es\/whats-included\/english-prep-camp\/#primaryimage"},"image":{"@id":"https:\/\/academystage.merklesweden.com\/es\/whats-included\/english-prep-camp\/#primaryimage"},"thumbnailUrl":"https:\/\/academystage.merklesweden.com\/wp-content\/uploads\/2025\/02\/hapa-male-student-with-big-hair-hand-up-in-class.jpg","datePublished":"2025-02-20T06:39:58+00:00","dateModified":"2025-04-25T09:21:11+00:00","description":"International students worldwide join together to improve their English with this synchronous \"live\" online English Preparation course.","breadcrumb":{"@id":"https:\/\/academystage.merklesweden.com\/es\/whats-included\/english-prep-camp\/#breadcrumb"},"inLanguage":"es","potentialAction":[{"@type":"ReadAction","target":["https:\/\/academystage.merklesweden.com\/es\/whats-included\/english-prep-camp\/"]}]},{"@type":"ImageObject","inLanguage":"es","@id":"https:\/\/academystage.merklesweden.com\/es\/whats-included\/english-prep-camp\/#primaryimage","url":"https:\/\/academystage.merklesweden.com\/wp-content\/uploads\/2025\/02\/hapa-male-student-with-big-hair-hand-up-in-class.jpg","contentUrl":"https:\/\/academystage.merklesweden.com\/wp-content\/uploads\/2025\/02\/hapa-male-student-with-big-hair-hand-up-in-class.jpg"},{"@type":"BreadcrumbList","@id":"https:\/\/academystage.merklesweden.com\/es\/whats-included\/english-prep-camp\/#breadcrumb","itemListElement":[{"@type":"ListItem","position":1,"name":"Home","item":"https:\/\/academystage.merklesweden.com\/es\/"},{"@type":"ListItem","position":2,"name":"What&#8217;s included","item":"https:\/\/academystage.merklesweden.com\/es\/whats-included\/"},{"@type":"ListItem","position":3,"name":"English Prep Camp"}]},{"@type":"WebSite","@id":"https:\/\/academystage.merklesweden.com\/es\/#website","url":"https:\/\/academystage.merklesweden.com\/es\/","name":"Educatius Academy Online","description":"","publisher":{"@id":"https:\/\/academystage.merklesweden.com\/es\/#organization"},"potentialAction":[{"@type":"SearchAction","target":{"@type":"EntryPoint","urlTemplate":"https:\/\/academystage.merklesweden.com\/es\/?s={search_term_string}"},"query-input":{"@type":"PropertyValueSpecification","valueRequired":true,"valueName":"search_term_string"}}],"inLanguage":"es"},{"@type":"Organization","@id":"https:\/\/academystage.merklesweden.com\/es\/#organization","name":"Educatius Academy Online","url":"https:\/\/academystage.merklesweden.com\/es\/","logo":{"@type":"ImageObject","inLanguage":"es","@id":"https:\/\/academystage.merklesweden.com\/es\/#\/schema\/logo\/image\/","url":"https:\/\/academystage.merklesweden.com\/wp-content\/uploads\/2025\/02\/educatius_academy_white.png","contentUrl":"https:\/\/academystage.merklesweden.com\/wp-content\/uploads\/2025\/02\/educatius_academy_white.png","width":837,"height":332,"caption":"Educatius Academy Online"},"image":{"@id":"https:\/\/academystage.merklesweden.com\/es\/#\/schema\/logo\/image\/"}}]}},"_links":{"self":[{"href":"https:\/\/academystage.merklesweden.com\/es\/wp-json\/wp\/v2\/pages\/1065","targetHints":{"allow":["GET"]}}],"collection":[{"href":"https:\/\/academystage.merklesweden.com\/es\/wp-json\/wp\/v2\/pages"}],"about":[{"href":"https:\/\/academystage.merklesweden.com\/es\/wp-json\/wp\/v2\/types\/page"}],"author":[{"embeddable":true,"href":"https:\/\/academystage.merklesweden.com\/es\/wp-json\/wp\/v2\/users\/2"}],"replies":[{"embeddable":true,"href":"https:\/\/academystage.merklesweden.com\/es\/wp-json\/wp\/v2\/comments?post=1065"}],"version-history":[{"count":8,"href":"https:\/\/academystage.merklesweden.com\/es\/wp-json\/wp\/v2\/pages\/1065\/revisions"}],"predecessor-version":[{"id":1933,"href":"https:\/\/academystage.merklesweden.com\/es\/wp-json\/wp\/v2\/pages\/1065\/revisions\/1933"}],"up":[{"embeddable":true,"href":"https:\/\/academystage.merklesweden.com\/es\/wp-json\/wp\/v2\/pages\/1036"}],"wp:attachment":[{"href":"https:\/\/academystage.merklesweden.com\/es\/wp-json\/wp\/v2\/media?parent=1065"}],"wp:term":[{"taxonomy":"wf_page_folders","embeddable":true,"href":"https:\/\/academystage.merklesweden.com\/es\/wp-json\/wp\/v2\/wf_page_folders?post=1065"}],"curies":[{"name":"wp","href":"https:\/\/api.w.org\/{rel}","templated":true}]}}