{"id":1059,"date":"2025-02-20T10:38:14","date_gmt":"2025-02-20T10:38:14","guid":{"rendered":"https:\/\/academystage.merklesweden.com\/?page_id=1059"},"modified":"2025-04-25T09:24:43","modified_gmt":"2025-04-25T09:24:43","slug":"tutoring","status":"publish","type":"page","link":"https:\/\/academystage.merklesweden.com\/es\/whats-included\/tutoring\/","title":{"rendered":"Tutoring"},"content":{"rendered":"\n<div class=\"wp-block-group has-gray-background-color has-background\"><div class=\"wp-block-group__inner-container is-layout-constrained wp-block-group-is-layout-constrained\">\n<div style=\"height:100px\" aria-hidden=\"true\" class=\"wp-block-spacer\"><\/div>\n\n\n\n<div class=\"wp-block-columns container has-gray-background-color has-background is-layout-flex wp-container-core-columns-is-layout-1 wp-block-columns-is-layout-flex\">\n<div class=\"wp-block-column is-layout-flow wp-block-column-is-layout-flow\">\n<div class=\"wp-block-educatius-title-paragraph-darkbutton container\"><div class=\"text-block-wrap py-4 py-md-0\"><h3 class=\"text-block-title text-primary\">Soporte acad\u00e9mico<\/h3><p class=\"text-primary\">Los estudiantes reciben apoyo a lo largo de sus clases por parte de profesores \u00abreales\u00bb que gu\u00edan a los estudiantes hacia la finalizaci\u00f3n con \u00e9xito de su programa acad\u00e9mico. Con nuestros cursos virtuales en internado, tambi\u00e9n se ofrecen clases particulares.<br>Soporte del profesorado<br>Nuestros profesores tienen experiencia y est\u00e1n formados para impartir cursos virtuales de calidad. Desarrollan planes de estudio, califican tareas y disfrutan trabajando con los estudiantes y proporcion\u00e1ndoles comentarios \u00fatiles.<br>Comunicaci\u00f3n sencilla<br>Los estudiantes suelen tener preguntas. Por eso facilitamos la comunicaci\u00f3n con tus profesores, que est\u00e1n ah\u00ed para ayudarte a tener \u00e9xito. Los profesores suelen responder en 24 horas. Los alumnos tambi\u00e9n pueden concertar videoconferencias o asistir a horas de oficina para hablar de sus progresos.<br>Tutor\u00eda acad\u00e9mica<br>Con nuestros programas virtuales de internado, los estudiantes tienen acceso a tutor\u00edas acad\u00e9micas las 24 horas del d\u00eda, los 365 d\u00edas del a\u00f1o. Los estudiantes son emparejados con tutores que est\u00e1n disponibles puede ayudarle a entender mejor la materia que est\u00e1s estudiando, completar las tareas y prepararse para los ex\u00e1menes.<\/p><a href=\"https:\/\/academystage.merklesweden.com\/es\/dual-diploma\/\" class=\"btn btn-primary\">Encuentra tu programa<\/a><\/div><\/div>\n<\/div>\n\n\n\n<div class=\"wp-block-column is-layout-flow wp-block-column-is-layout-flow\">\n<div class=\"wp-block-educatius-bordered-text container\"><div class=\"quick-fact-section\"><h6 class=\"text-block-title text-primary\">Datos de inter\u00e9s: Soporte acad\u00e9mico<\/h6><ul class=\"list-group text-primary\"><li class=\"list-item\">Correcci\u00f3n y apoyo de los profesores<\/li><br><li class=\"list-item\">Comunicaci\u00f3n con los profesores por correo electr\u00f3nico<\/li><br><li class=\"list-item\">Reuniones de alumnos y profesores en horas de consulta<\/li><br><li class=\"list-item\">Opci\u00f3n de tutor\u00eda acad\u00e9mica, 24\/7, 365 d\u00edas<\/li><\/ul><\/div><\/div>\n<\/div>\n<\/div>\n<\/div><\/div>\n\n\n\n<section class=\"wp-block-educatius-left-image-and-text highlight-section py-1 py-sm-2 py-md-2 py-sm-5 py-md-5\"><div class=\"container\"><div class=\"row\"><div class=\"col-md-6\"><img decoding=\"async\" src=\"https:\/\/academystage.merklesweden.com\/wp-content\/uploads\/2025\/02\/boarding-school-boy-student.jpg\" class=\"w-100\"\/><\/div><div class=\"col-md-6\" style=\"background:#e8b8a6\"><div class=\"text-block-wrap py-md-0 px-md-5\"><span class=\"text-block-title\" style=\"color:#000000\"><\/span><h3 class=\"text-block-title\" style=\"color:#000000\">Reserva asesoramiento acad\u00e9mico<\/h3><p style=\"color:#000000\">\u00danete a una sesi\u00f3n individual para contarnos cu\u00e1les son tus metas acad\u00e9micas. Juntos, exploraremos las mejores opciones para ayudarte a conseguirlas.<br><a href=\"https:\/\/www.educatiusacademy.org\/contact-us-student\/\"><\/a><\/p><a href=\"https:\/\/academystage.merklesweden.com\/es\/contact-us-student\/\" class=\"btn btn-outline-primary btn-lg\" style=\"background-color:#691c32;border-color:#691c32;color:#ffffff\">Reserva una consulta gratuita<\/a><\/div><\/div><\/div><\/div><\/section>\n","protected":false},"excerpt":{"rendered":"","protected":false},"author":2,"featured_media":0,"parent":1036,"menu_order":0,"comment_status":"closed","ping_status":"closed","template":"","meta":{"_acf_changed":false,"inline_featured_image":false,"footnotes":""},"wf_page_folders":[],"class_list":["post-1059","page","type-page","status-publish","hentry"],"acf":[],"yoast_head":"<!-- This site is optimized with the Yoast SEO Premium plugin v23.4 (Yoast SEO v23.6) - https:\/\/yoast.com\/wordpress\/plugins\/seo\/ -->\n<title>Academic Support for All Students - Educatius Academy Online - Educatius Academy Online<\/title>\n<meta name=\"description\" content=\"English language courses, email and video conferences with teachers plus 24 hour tutoring help you succeed with your USA high school diploma program.\" \/>\n<meta name=\"robots\" content=\"noindex, follow, max-snippet:-1, max-image-preview:large, max-video-preview:-1\" \/>\n<meta property=\"og:locale\" content=\"es_ES\" \/>\n<meta property=\"og:type\" content=\"article\" \/>\n<meta property=\"og:title\" content=\"Tutoring\" \/>\n<meta property=\"og:description\" content=\"English language courses, email and video conferences with teachers plus 24 hour tutoring help you succeed with your USA high school diploma program.\" \/>\n<meta property=\"og:url\" content=\"https:\/\/academystage.merklesweden.com\/es\/whats-included\/tutoring\/\" \/>\n<meta property=\"og:site_name\" content=\"Educatius Academy Online\" \/>\n<meta property=\"article:modified_time\" content=\"2025-04-25T09:24:43+00:00\" \/>\n<meta property=\"og:image\" content=\"https:\/\/academystage.merklesweden.com\/wp-content\/uploads\/2025\/02\/boarding-school-boy-student.jpg\" \/>\n<meta name=\"twitter:card\" content=\"summary_large_image\" \/>\n<meta name=\"twitter:label1\" content=\"Est. reading time\" \/>\n\t<meta name=\"twitter:data1\" content=\"2 minutos\" \/>\n<script type=\"application\/ld+json\" class=\"yoast-schema-graph\">{\"@context\":\"https:\/\/schema.org\",\"@graph\":[{\"@type\":\"WebPage\",\"@id\":\"https:\/\/academystage.merklesweden.com\/es\/whats-included\/tutoring\/\",\"url\":\"https:\/\/academystage.merklesweden.com\/es\/whats-included\/tutoring\/\",\"name\":\"Academic Support for All Students - Educatius Academy Online - Educatius Academy Online\",\"isPartOf\":{\"@id\":\"https:\/\/academystage.merklesweden.com\/es\/#website\"},\"primaryImageOfPage\":{\"@id\":\"https:\/\/academystage.merklesweden.com\/es\/whats-included\/tutoring\/#primaryimage\"},\"image\":{\"@id\":\"https:\/\/academystage.merklesweden.com\/es\/whats-included\/tutoring\/#primaryimage\"},\"thumbnailUrl\":\"https:\/\/academystage.merklesweden.com\/wp-content\/uploads\/2025\/02\/boarding-school-boy-student.jpg\",\"datePublished\":\"2025-02-20T10:38:14+00:00\",\"dateModified\":\"2025-04-25T09:24:43+00:00\",\"description\":\"English language courses, email and video conferences with teachers plus 24 hour tutoring help you succeed with your USA high school diploma program.\",\"breadcrumb\":{\"@id\":\"https:\/\/academystage.merklesweden.com\/es\/whats-included\/tutoring\/#breadcrumb\"},\"inLanguage\":\"es\",\"potentialAction\":[{\"@type\":\"ReadAction\",\"target\":[\"https:\/\/academystage.merklesweden.com\/es\/whats-included\/tutoring\/\"]}]},{\"@type\":\"ImageObject\",\"inLanguage\":\"es\",\"@id\":\"https:\/\/academystage.merklesweden.com\/es\/whats-included\/tutoring\/#primaryimage\",\"url\":\"https:\/\/academystage.merklesweden.com\/wp-content\/uploads\/2025\/02\/boarding-school-boy-student.jpg\",\"contentUrl\":\"https:\/\/academystage.merklesweden.com\/wp-content\/uploads\/2025\/02\/boarding-school-boy-student.jpg\"},{\"@type\":\"BreadcrumbList\",\"@id\":\"https:\/\/academystage.merklesweden.com\/es\/whats-included\/tutoring\/#breadcrumb\",\"itemListElement\":[{\"@type\":\"ListItem\",\"position\":1,\"name\":\"Home\",\"item\":\"https:\/\/academystage.merklesweden.com\/es\/\"},{\"@type\":\"ListItem\",\"position\":2,\"name\":\"What&#8217;s included\",\"item\":\"https:\/\/academystage.merklesweden.com\/es\/whats-included\/\"},{\"@type\":\"ListItem\",\"position\":3,\"name\":\"Tutoring\"}]},{\"@type\":\"WebSite\",\"@id\":\"https:\/\/academystage.merklesweden.com\/es\/#website\",\"url\":\"https:\/\/academystage.merklesweden.com\/es\/\",\"name\":\"Educatius Academy Online\",\"description\":\"\",\"publisher\":{\"@id\":\"https:\/\/academystage.merklesweden.com\/es\/#organization\"},\"potentialAction\":[{\"@type\":\"SearchAction\",\"target\":{\"@type\":\"EntryPoint\",\"urlTemplate\":\"https:\/\/academystage.merklesweden.com\/es\/?s={search_term_string}\"},\"query-input\":{\"@type\":\"PropertyValueSpecification\",\"valueRequired\":true,\"valueName\":\"search_term_string\"}}],\"inLanguage\":\"es\"},{\"@type\":\"Organization\",\"@id\":\"https:\/\/academystage.merklesweden.com\/es\/#organization\",\"name\":\"Educatius Academy Online\",\"url\":\"https:\/\/academystage.merklesweden.com\/es\/\",\"logo\":{\"@type\":\"ImageObject\",\"inLanguage\":\"es\",\"@id\":\"https:\/\/academystage.merklesweden.com\/es\/#\/schema\/logo\/image\/\",\"url\":\"https:\/\/academystage.merklesweden.com\/wp-content\/uploads\/2025\/02\/educatius_academy_white.png\",\"contentUrl\":\"https:\/\/academystage.merklesweden.com\/wp-content\/uploads\/2025\/02\/educatius_academy_white.png\",\"width\":837,\"height\":332,\"caption\":\"Educatius Academy Online\"},\"image\":{\"@id\":\"https:\/\/academystage.merklesweden.com\/es\/#\/schema\/logo\/image\/\"}}]}<\/script>\n<!-- \/ Yoast SEO Premium plugin. -->","yoast_head_json":{"title":"Academic Support for All Students - Educatius Academy Online - Educatius Academy Online","description":"English language courses, email and video conferences with teachers plus 24 hour tutoring help you succeed with your USA high school diploma program.","robots":{"index":"noindex","follow":"follow","max-snippet":"max-snippet:-1","max-image-preview":"max-image-preview:large","max-video-preview":"max-video-preview:-1"},"og_locale":"es_ES","og_type":"article","og_title":"Tutoring","og_description":"English language courses, email and video conferences with teachers plus 24 hour tutoring help you succeed with your USA high school diploma program.","og_url":"https:\/\/academystage.merklesweden.com\/es\/whats-included\/tutoring\/","og_site_name":"Educatius Academy Online","article_modified_time":"2025-04-25T09:24:43+00:00","og_image":[{"url":"https:\/\/academystage.merklesweden.com\/wp-content\/uploads\/2025\/02\/boarding-school-boy-student.jpg"}],"twitter_card":"summary_large_image","twitter_misc":{"Est. reading time":"2 minutos"},"schema":{"@context":"https:\/\/schema.org","@graph":[{"@type":"WebPage","@id":"https:\/\/academystage.merklesweden.com\/es\/whats-included\/tutoring\/","url":"https:\/\/academystage.merklesweden.com\/es\/whats-included\/tutoring\/","name":"Academic Support for All Students - Educatius Academy Online - Educatius Academy Online","isPartOf":{"@id":"https:\/\/academystage.merklesweden.com\/es\/#website"},"primaryImageOfPage":{"@id":"https:\/\/academystage.merklesweden.com\/es\/whats-included\/tutoring\/#primaryimage"},"image":{"@id":"https:\/\/academystage.merklesweden.com\/es\/whats-included\/tutoring\/#primaryimage"},"thumbnailUrl":"https:\/\/academystage.merklesweden.com\/wp-content\/uploads\/2025\/02\/boarding-school-boy-student.jpg","datePublished":"2025-02-20T10:38:14+00:00","dateModified":"2025-04-25T09:24:43+00:00","description":"English language courses, email and video conferences with teachers plus 24 hour tutoring help you succeed with your USA high school diploma program.","breadcrumb":{"@id":"https:\/\/academystage.merklesweden.com\/es\/whats-included\/tutoring\/#breadcrumb"},"inLanguage":"es","potentialAction":[{"@type":"ReadAction","target":["https:\/\/academystage.merklesweden.com\/es\/whats-included\/tutoring\/"]}]},{"@type":"ImageObject","inLanguage":"es","@id":"https:\/\/academystage.merklesweden.com\/es\/whats-included\/tutoring\/#primaryimage","url":"https:\/\/academystage.merklesweden.com\/wp-content\/uploads\/2025\/02\/boarding-school-boy-student.jpg","contentUrl":"https:\/\/academystage.merklesweden.com\/wp-content\/uploads\/2025\/02\/boarding-school-boy-student.jpg"},{"@type":"BreadcrumbList","@id":"https:\/\/academystage.merklesweden.com\/es\/whats-included\/tutoring\/#breadcrumb","itemListElement":[{"@type":"ListItem","position":1,"name":"Home","item":"https:\/\/academystage.merklesweden.com\/es\/"},{"@type":"ListItem","position":2,"name":"What&#8217;s included","item":"https:\/\/academystage.merklesweden.com\/es\/whats-included\/"},{"@type":"ListItem","position":3,"name":"Tutoring"}]},{"@type":"WebSite","@id":"https:\/\/academystage.merklesweden.com\/es\/#website","url":"https:\/\/academystage.merklesweden.com\/es\/","name":"Educatius Academy Online","description":"","publisher":{"@id":"https:\/\/academystage.merklesweden.com\/es\/#organization"},"potentialAction":[{"@type":"SearchAction","target":{"@type":"EntryPoint","urlTemplate":"https:\/\/academystage.merklesweden.com\/es\/?s={search_term_string}"},"query-input":{"@type":"PropertyValueSpecification","valueRequired":true,"valueName":"search_term_string"}}],"inLanguage":"es"},{"@type":"Organization","@id":"https:\/\/academystage.merklesweden.com\/es\/#organization","name":"Educatius Academy Online","url":"https:\/\/academystage.merklesweden.com\/es\/","logo":{"@type":"ImageObject","inLanguage":"es","@id":"https:\/\/academystage.merklesweden.com\/es\/#\/schema\/logo\/image\/","url":"https:\/\/academystage.merklesweden.com\/wp-content\/uploads\/2025\/02\/educatius_academy_white.png","contentUrl":"https:\/\/academystage.merklesweden.com\/wp-content\/uploads\/2025\/02\/educatius_academy_white.png","width":837,"height":332,"caption":"Educatius Academy Online"},"image":{"@id":"https:\/\/academystage.merklesweden.com\/es\/#\/schema\/logo\/image\/"}}]}},"_links":{"self":[{"href":"https:\/\/academystage.merklesweden.com\/es\/wp-json\/wp\/v2\/pages\/1059","targetHints":{"allow":["GET"]}}],"collection":[{"href":"https:\/\/academystage.merklesweden.com\/es\/wp-json\/wp\/v2\/pages"}],"about":[{"href":"https:\/\/academystage.merklesweden.com\/es\/wp-json\/wp\/v2\/types\/page"}],"author":[{"embeddable":true,"href":"https:\/\/academystage.merklesweden.com\/es\/wp-json\/wp\/v2\/users\/2"}],"replies":[{"embeddable":true,"href":"https:\/\/academystage.merklesweden.com\/es\/wp-json\/wp\/v2\/comments?post=1059"}],"version-history":[{"count":8,"href":"https:\/\/academystage.merklesweden.com\/es\/wp-json\/wp\/v2\/pages\/1059\/revisions"}],"predecessor-version":[{"id":1936,"href":"https:\/\/academystage.merklesweden.com\/es\/wp-json\/wp\/v2\/pages\/1059\/revisions\/1936"}],"up":[{"embeddable":true,"href":"https:\/\/academystage.merklesweden.com\/es\/wp-json\/wp\/v2\/pages\/1036"}],"wp:attachment":[{"href":"https:\/\/academystage.merklesweden.com\/es\/wp-json\/wp\/v2\/media?parent=1059"}],"wp:term":[{"taxonomy":"wf_page_folders","embeddable":true,"href":"https:\/\/academystage.merklesweden.com\/es\/wp-json\/wp\/v2\/wf_page_folders?post=1059"}],"curies":[{"name":"wp","href":"https:\/\/api.w.org\/{rel}","templated":true}]}}