{"id":1042,"date":"2025-02-20T06:09:03","date_gmt":"2025-02-20T06:09:03","guid":{"rendered":"https:\/\/academystage.merklesweden.com\/?page_id=1042"},"modified":"2025-04-25T09:20:13","modified_gmt":"2025-04-25T09:20:13","slug":"english-assessment","status":"publish","type":"page","link":"https:\/\/academystage.merklesweden.com\/es\/whats-included\/english-assessment\/","title":{"rendered":"English Assessment"},"content":{"rendered":"\n<div class=\"wp-block-group\"><div class=\"wp-block-group__inner-container is-layout-constrained wp-block-group-is-layout-constrained\">\n<div class=\"wp-block-group has-gray-background-color has-background\"><div class=\"wp-block-group__inner-container is-layout-constrained wp-block-group-is-layout-constrained\">\n<div style=\"height:100px\" aria-hidden=\"true\" class=\"wp-block-spacer\"><\/div>\n\n\n\n<div class=\"wp-block-columns container has-gray-background-color has-background is-layout-flex wp-container-core-columns-is-layout-1 wp-block-columns-is-layout-flex\">\n<div class=\"wp-block-column is-layout-flow wp-block-column-is-layout-flow\">\n<div class=\"wp-block-educatius-title-paragraph-darkbutton container\"><div class=\"text-block-wrap py-4 py-md-0\"><h3 class=\"text-block-title text-primary\">Evaluaci\u00f3n del ingl\u00e9s<\/h3><p class=\"text-primary\">Demuestra tu nivel de ingl\u00e9s con esta prueba de 20 minutos. Con los resultados te recomendaremos los siguientes pasos que dar para lograr tus metas acad\u00e9micas. Te contactaremos tan pronto tengamos tus resultados.<br><\/p><a href=\"https:\/\/www.educatiusenglishprepcamp.com\/englishtest\" class=\"btn btn-primary\">Take the test<\/a><\/div><\/div>\n<\/div>\n\n\n\n<div class=\"wp-block-column is-layout-flow wp-block-column-is-layout-flow\">\n<div class=\"wp-block-educatius-bordered-text container\"><div class=\"quick-fact-section\"><h6 class=\"text-block-title text-primary\">Resumen: prueba de nivel de ingl\u00e9s<\/h6><ul class=\"list-group text-primary\"><li class=\"list-item\">Prueba exhaustiva de lengua inglesa<\/li><br><li class=\"list-item\">Gratuito y disponible para cualquier estudiante<\/li><br><li class=\"list-item\">Eval\u00faa tus destrezas en ingl\u00e9s<\/li><br><li class=\"list-item\">Conoce tu nivel de ingl\u00e9s<\/li><br><li class=\"list-item\">Obt\u00e9n orientaci\u00f3n personalizada y recomendaciones de programas<\/li><\/ul><\/div><\/div>\n<\/div>\n<\/div>\n<\/div><\/div>\n<\/div><\/div>\n\n\n\n<section class=\"wp-block-educatius-right-image-and-text highlight-section-reverse py-1 py-sm-2 py-md-2 py-sm-5 py-md-5\"><div class=\"container\"><div class=\"row\"><div class=\"col-md-6 order-md-1\"><img decoding=\"async\" src=\"https:\/\/academystage.merklesweden.com\/wp-content\/uploads\/2025\/02\/academy-online-student-650x434px-1.jpg\" class=\"w-100\"\/><\/div><div class=\"col-md-6 order-md-0\" style=\"background:#e8b8a6\"><div class=\"text-block-wrap py-md-0 px-md-5\"><span class=\"text-block-title\" style=\"color:#000000\"><\/span><h3 class=\"text-block-title\" style=\"color:#000000\">English Prep Camp<\/h3><p style=\"color:#000000\">English Prep Camp es una manera divertida de mejorar tus habilidades con el ingl\u00e9s antes de empezar a estudiar con Educatius Academy Online. Matric\u00falate para unirte a clases online con estudiantes de todo el mundo en sesiones impartidas por profesores de idiomas interesantes y con gran experiencia. Los programas de Educatius Academy Online siempre incluyen el English Prep Camp para asegurarse de que nuestros estudiantes siempre sacan el m\u00e1ximo partido a su educaci\u00f3n internacional.<\/p><a href=\"https:\/\/academystage.merklesweden.com\/es\/whats-included\/english-prep-camp\/\" class=\"btn btn-outline-primary btn-lg\" style=\"background-color:#691c32;border-color:#691c32;color:#ffffff\">Descubre sobre nuestro English Prep Camp<\/a><\/div><\/div><\/div><\/div><\/section>\n\n\n\n<section class=\"wp-block-educatius-left-image-and-text highlight-section py-1 py-sm-2 py-md-2 py-sm-5 py-md-5\"><div class=\"container\"><div class=\"row\"><div class=\"col-md-6\"><img decoding=\"async\" src=\"https:\/\/academystage.merklesweden.com\/wp-content\/uploads\/2025\/02\/happiness-on-graduation-day-1.jpg\" class=\"w-100\"\/><\/div><div class=\"col-md-6\" style=\"background:#faf4e2\"><div class=\"text-block-wrap py-md-0 px-md-5\"><span class=\"text-block-title\" style=\"color:#691c32\"><\/span><h3 class=\"text-block-title\" style=\"color:#691c32\">Reserva asesoramiento acad\u00e9mico<\/h3><p style=\"color:#691c32\">\u00danete a una sesi\u00f3n individual para contarnos cu\u00e1les son tus metas acad\u00e9micas. Juntos, exploraremos las mejores opciones para ayudarte a conseguirlas.<\/p><a href=\"https:\/\/academystage.merklesweden.com\/es\/contact-us-student\/\" class=\"btn btn-outline-primary btn-lg\" style=\"background-color:#691c32;border-color:#691c32;color:#ffffff\">Reserva una consulta gratuita<\/a><\/div><\/div><\/div><\/div><\/section>\n","protected":false},"excerpt":{"rendered":"","protected":false},"author":2,"featured_media":0,"parent":1036,"menu_order":0,"comment_status":"closed","ping_status":"closed","template":"","meta":{"_acf_changed":false,"inline_featured_image":false,"footnotes":""},"wf_page_folders":[],"class_list":["post-1042","page","type-page","status-publish","hentry"],"acf":[],"yoast_head":"<!-- This site is optimized with the Yoast SEO Premium plugin v23.4 (Yoast SEO v23.6) - https:\/\/yoast.com\/wordpress\/plugins\/seo\/ -->\n<title>Test your English Language Skills - Educatius Academy Online - Educatius Academy Online<\/title>\n<meta name=\"description\" content=\"Measure your English skills to ensure success with your American high school courses.\" \/>\n<meta name=\"robots\" content=\"noindex, follow, max-snippet:-1, max-image-preview:large, max-video-preview:-1\" \/>\n<meta property=\"og:locale\" content=\"es_ES\" \/>\n<meta property=\"og:type\" content=\"article\" \/>\n<meta property=\"og:title\" content=\"English Assessment\" \/>\n<meta property=\"og:description\" content=\"Measure your English skills to ensure success with your American high school courses.\" \/>\n<meta property=\"og:url\" content=\"https:\/\/academystage.merklesweden.com\/es\/whats-included\/english-assessment\/\" \/>\n<meta property=\"og:site_name\" content=\"Educatius Academy Online\" \/>\n<meta property=\"article:modified_time\" content=\"2025-04-25T09:20:13+00:00\" \/>\n<meta property=\"og:image\" content=\"https:\/\/academystage.merklesweden.com\/wp-content\/uploads\/2025\/02\/academy-online-student-650x434px-1.jpg\" \/>\n<meta name=\"twitter:card\" content=\"summary_large_image\" \/>\n<meta name=\"twitter:label1\" content=\"Est. reading time\" \/>\n\t<meta name=\"twitter:data1\" content=\"2 minutos\" \/>\n<script type=\"application\/ld+json\" class=\"yoast-schema-graph\">{\"@context\":\"https:\/\/schema.org\",\"@graph\":[{\"@type\":\"WebPage\",\"@id\":\"https:\/\/academystage.merklesweden.com\/es\/whats-included\/english-assessment\/\",\"url\":\"https:\/\/academystage.merklesweden.com\/es\/whats-included\/english-assessment\/\",\"name\":\"Test your English Language Skills - Educatius Academy Online - Educatius Academy Online\",\"isPartOf\":{\"@id\":\"https:\/\/academystage.merklesweden.com\/es\/#website\"},\"primaryImageOfPage\":{\"@id\":\"https:\/\/academystage.merklesweden.com\/es\/whats-included\/english-assessment\/#primaryimage\"},\"image\":{\"@id\":\"https:\/\/academystage.merklesweden.com\/es\/whats-included\/english-assessment\/#primaryimage\"},\"thumbnailUrl\":\"https:\/\/academystage.merklesweden.com\/wp-content\/uploads\/2025\/02\/academy-online-student-650x434px-1.jpg\",\"datePublished\":\"2025-02-20T06:09:03+00:00\",\"dateModified\":\"2025-04-25T09:20:13+00:00\",\"description\":\"Measure your English skills to ensure success with your American high school courses.\",\"breadcrumb\":{\"@id\":\"https:\/\/academystage.merklesweden.com\/es\/whats-included\/english-assessment\/#breadcrumb\"},\"inLanguage\":\"es\",\"potentialAction\":[{\"@type\":\"ReadAction\",\"target\":[\"https:\/\/academystage.merklesweden.com\/es\/whats-included\/english-assessment\/\"]}]},{\"@type\":\"ImageObject\",\"inLanguage\":\"es\",\"@id\":\"https:\/\/academystage.merklesweden.com\/es\/whats-included\/english-assessment\/#primaryimage\",\"url\":\"https:\/\/academystage.merklesweden.com\/wp-content\/uploads\/2025\/02\/academy-online-student-650x434px-1.jpg\",\"contentUrl\":\"https:\/\/academystage.merklesweden.com\/wp-content\/uploads\/2025\/02\/academy-online-student-650x434px-1.jpg\"},{\"@type\":\"BreadcrumbList\",\"@id\":\"https:\/\/academystage.merklesweden.com\/es\/whats-included\/english-assessment\/#breadcrumb\",\"itemListElement\":[{\"@type\":\"ListItem\",\"position\":1,\"name\":\"Home\",\"item\":\"https:\/\/academystage.merklesweden.com\/es\/\"},{\"@type\":\"ListItem\",\"position\":2,\"name\":\"What&#8217;s included\",\"item\":\"https:\/\/academystage.merklesweden.com\/es\/whats-included\/\"},{\"@type\":\"ListItem\",\"position\":3,\"name\":\"English Assessment\"}]},{\"@type\":\"WebSite\",\"@id\":\"https:\/\/academystage.merklesweden.com\/es\/#website\",\"url\":\"https:\/\/academystage.merklesweden.com\/es\/\",\"name\":\"Educatius Academy Online\",\"description\":\"\",\"publisher\":{\"@id\":\"https:\/\/academystage.merklesweden.com\/es\/#organization\"},\"potentialAction\":[{\"@type\":\"SearchAction\",\"target\":{\"@type\":\"EntryPoint\",\"urlTemplate\":\"https:\/\/academystage.merklesweden.com\/es\/?s={search_term_string}\"},\"query-input\":{\"@type\":\"PropertyValueSpecification\",\"valueRequired\":true,\"valueName\":\"search_term_string\"}}],\"inLanguage\":\"es\"},{\"@type\":\"Organization\",\"@id\":\"https:\/\/academystage.merklesweden.com\/es\/#organization\",\"name\":\"Educatius Academy Online\",\"url\":\"https:\/\/academystage.merklesweden.com\/es\/\",\"logo\":{\"@type\":\"ImageObject\",\"inLanguage\":\"es\",\"@id\":\"https:\/\/academystage.merklesweden.com\/es\/#\/schema\/logo\/image\/\",\"url\":\"https:\/\/academystage.merklesweden.com\/wp-content\/uploads\/2025\/02\/educatius_academy_white.png\",\"contentUrl\":\"https:\/\/academystage.merklesweden.com\/wp-content\/uploads\/2025\/02\/educatius_academy_white.png\",\"width\":837,\"height\":332,\"caption\":\"Educatius Academy Online\"},\"image\":{\"@id\":\"https:\/\/academystage.merklesweden.com\/es\/#\/schema\/logo\/image\/\"}}]}<\/script>\n<!-- \/ Yoast SEO Premium plugin. -->","yoast_head_json":{"title":"Test your English Language Skills - Educatius Academy Online - Educatius Academy Online","description":"Measure your English skills to ensure success with your American high school courses.","robots":{"index":"noindex","follow":"follow","max-snippet":"max-snippet:-1","max-image-preview":"max-image-preview:large","max-video-preview":"max-video-preview:-1"},"og_locale":"es_ES","og_type":"article","og_title":"English Assessment","og_description":"Measure your English skills to ensure success with your American high school courses.","og_url":"https:\/\/academystage.merklesweden.com\/es\/whats-included\/english-assessment\/","og_site_name":"Educatius Academy Online","article_modified_time":"2025-04-25T09:20:13+00:00","og_image":[{"url":"https:\/\/academystage.merklesweden.com\/wp-content\/uploads\/2025\/02\/academy-online-student-650x434px-1.jpg"}],"twitter_card":"summary_large_image","twitter_misc":{"Est. reading time":"2 minutos"},"schema":{"@context":"https:\/\/schema.org","@graph":[{"@type":"WebPage","@id":"https:\/\/academystage.merklesweden.com\/es\/whats-included\/english-assessment\/","url":"https:\/\/academystage.merklesweden.com\/es\/whats-included\/english-assessment\/","name":"Test your English Language Skills - Educatius Academy Online - Educatius Academy Online","isPartOf":{"@id":"https:\/\/academystage.merklesweden.com\/es\/#website"},"primaryImageOfPage":{"@id":"https:\/\/academystage.merklesweden.com\/es\/whats-included\/english-assessment\/#primaryimage"},"image":{"@id":"https:\/\/academystage.merklesweden.com\/es\/whats-included\/english-assessment\/#primaryimage"},"thumbnailUrl":"https:\/\/academystage.merklesweden.com\/wp-content\/uploads\/2025\/02\/academy-online-student-650x434px-1.jpg","datePublished":"2025-02-20T06:09:03+00:00","dateModified":"2025-04-25T09:20:13+00:00","description":"Measure your English skills to ensure success with your American high school courses.","breadcrumb":{"@id":"https:\/\/academystage.merklesweden.com\/es\/whats-included\/english-assessment\/#breadcrumb"},"inLanguage":"es","potentialAction":[{"@type":"ReadAction","target":["https:\/\/academystage.merklesweden.com\/es\/whats-included\/english-assessment\/"]}]},{"@type":"ImageObject","inLanguage":"es","@id":"https:\/\/academystage.merklesweden.com\/es\/whats-included\/english-assessment\/#primaryimage","url":"https:\/\/academystage.merklesweden.com\/wp-content\/uploads\/2025\/02\/academy-online-student-650x434px-1.jpg","contentUrl":"https:\/\/academystage.merklesweden.com\/wp-content\/uploads\/2025\/02\/academy-online-student-650x434px-1.jpg"},{"@type":"BreadcrumbList","@id":"https:\/\/academystage.merklesweden.com\/es\/whats-included\/english-assessment\/#breadcrumb","itemListElement":[{"@type":"ListItem","position":1,"name":"Home","item":"https:\/\/academystage.merklesweden.com\/es\/"},{"@type":"ListItem","position":2,"name":"What&#8217;s included","item":"https:\/\/academystage.merklesweden.com\/es\/whats-included\/"},{"@type":"ListItem","position":3,"name":"English Assessment"}]},{"@type":"WebSite","@id":"https:\/\/academystage.merklesweden.com\/es\/#website","url":"https:\/\/academystage.merklesweden.com\/es\/","name":"Educatius Academy Online","description":"","publisher":{"@id":"https:\/\/academystage.merklesweden.com\/es\/#organization"},"potentialAction":[{"@type":"SearchAction","target":{"@type":"EntryPoint","urlTemplate":"https:\/\/academystage.merklesweden.com\/es\/?s={search_term_string}"},"query-input":{"@type":"PropertyValueSpecification","valueRequired":true,"valueName":"search_term_string"}}],"inLanguage":"es"},{"@type":"Organization","@id":"https:\/\/academystage.merklesweden.com\/es\/#organization","name":"Educatius Academy Online","url":"https:\/\/academystage.merklesweden.com\/es\/","logo":{"@type":"ImageObject","inLanguage":"es","@id":"https:\/\/academystage.merklesweden.com\/es\/#\/schema\/logo\/image\/","url":"https:\/\/academystage.merklesweden.com\/wp-content\/uploads\/2025\/02\/educatius_academy_white.png","contentUrl":"https:\/\/academystage.merklesweden.com\/wp-content\/uploads\/2025\/02\/educatius_academy_white.png","width":837,"height":332,"caption":"Educatius Academy Online"},"image":{"@id":"https:\/\/academystage.merklesweden.com\/es\/#\/schema\/logo\/image\/"}}]}},"_links":{"self":[{"href":"https:\/\/academystage.merklesweden.com\/es\/wp-json\/wp\/v2\/pages\/1042","targetHints":{"allow":["GET"]}}],"collection":[{"href":"https:\/\/academystage.merklesweden.com\/es\/wp-json\/wp\/v2\/pages"}],"about":[{"href":"https:\/\/academystage.merklesweden.com\/es\/wp-json\/wp\/v2\/types\/page"}],"author":[{"embeddable":true,"href":"https:\/\/academystage.merklesweden.com\/es\/wp-json\/wp\/v2\/users\/2"}],"replies":[{"embeddable":true,"href":"https:\/\/academystage.merklesweden.com\/es\/wp-json\/wp\/v2\/comments?post=1042"}],"version-history":[{"count":8,"href":"https:\/\/academystage.merklesweden.com\/es\/wp-json\/wp\/v2\/pages\/1042\/revisions"}],"predecessor-version":[{"id":1932,"href":"https:\/\/academystage.merklesweden.com\/es\/wp-json\/wp\/v2\/pages\/1042\/revisions\/1932"}],"up":[{"embeddable":true,"href":"https:\/\/academystage.merklesweden.com\/es\/wp-json\/wp\/v2\/pages\/1036"}],"wp:attachment":[{"href":"https:\/\/academystage.merklesweden.com\/es\/wp-json\/wp\/v2\/media?parent=1042"}],"wp:term":[{"taxonomy":"wf_page_folders","embeddable":true,"href":"https:\/\/academystage.merklesweden.com\/es\/wp-json\/wp\/v2\/wf_page_folders?post=1042"}],"curies":[{"name":"wp","href":"https:\/\/api.w.org\/{rel}","templated":true}]}}