{"id":1036,"date":"2025-02-18T07:19:36","date_gmt":"2025-02-18T07:19:36","guid":{"rendered":"https:\/\/academystage.merklesweden.com\/?page_id=1036"},"modified":"2025-04-25T09:16:37","modified_gmt":"2025-04-25T09:16:37","slug":"whats-included","status":"publish","type":"page","link":"https:\/\/academystage.merklesweden.com\/es\/whats-included\/","title":{"rendered":"What&#8217;s included"},"content":{"rendered":"\n<div class=\"wp-block-group has-gray-background-color has-background\"><div class=\"wp-block-group__inner-container is-layout-constrained wp-block-group-is-layout-constrained\">\n<div style=\"height:100px\" aria-hidden=\"true\" class=\"wp-block-spacer\"><\/div>\n\n\n\n<div class=\"wp-block-columns container has-gray-background-color has-background is-layout-flex wp-container-core-columns-is-layout-1 wp-block-columns-is-layout-flex\">\n<div class=\"wp-block-column is-layout-flow wp-block-column-is-layout-flow\">\n<div class=\"wp-block-educatius-title-paragraph-darkbutton container\"><div class=\"text-block-wrap py-4 py-md-0\"><h3 class=\"text-block-title text-primary\">incluido en tu programa<\/h3><p class=\"text-primary\">Apoyamos a todos y cada uno de los estudiantes de Educatius Academy a lo largo de su trayectoria educativa. As\u00ed es como lo hacemos.<br><br><a href=\"https:\/\/www.educatiusacademy.org\/es\/whats-included\/english-assessment\/\">Evaluaci\u00f3n del ingl\u00e9s<\/a><br><br>Ofrecemos una prueba de idioma gratuita para medir su nivel de ingl\u00e9s. Una vez obtenidos los resultados, hacemos un seguimiento para recomendarte el programa y las opciones adecuadas para ti.<br><br><a href=\"https:\/\/www.educatiusacademy.org\/es\/whats-included\/english-prep-camp\/\">English Prep Camp<\/a><br><br>English Prep Camp es un programa virtual divertido y atractivo en el que podr\u00e1s mejorar tu nivel de ingl\u00e9s junto a otros estudiantes que comparten tu aspiraci\u00f3n de estudiar en el extranjero o en tu pa\u00eds.<br><br><a href=\"https:\/\/www.educatiusacademy.org\/es\/whats-included\/personal-counseling\/\">Asesoramiento acad\u00e9mico<\/a><br><br>Obtienes asesoramiento personal y orientaci\u00f3n de un profesional acad\u00e9mico experimentado para encontrar el programa m\u00e1s adecuado, crear un calendario de clases y mantenerse al d\u00eda con los plazos durante los estudios.<br><br><a href=\"https:\/\/www.educatiusacademy.org\/es\/whats-included\/tutoring\/\">Tutor\u00eda acad\u00e9mica<\/a><br><br>Las tutor\u00edas individuales est\u00e1n disponibles las 24 horas del d\u00eda, los 7 d\u00edas de la semana. Este apoyo personalizado puede ayudarte a resolver las dudas de las asignaturas, repasar los deberes y prepararte para los ex\u00e1menes.<br><br><a href=\"https:\/\/www.educatiusacademy.org\/es\/whats-included\/college-counselling\/\">Orientaci\u00f3n y preparaci\u00f3n para la universidad<\/a><br><br>Como alumno de nuestros programas de Dual Diploma virtual en internado, colaboraremos estrechamente para encontrarte colegios y universidades que se ajusten a tus intereses y a tu nivel acad\u00e9mico, y te guiaremos en el proceso de solicitud.<\/p><a href=\".enroll-now\/\" class=\"btn btn-primary\">Saber m\u00e1s<\/a><\/div><\/div>\n<\/div>\n\n\n\n<div class=\"wp-block-column is-layout-flow wp-block-column-is-layout-flow\">\n<div class=\"wp-block-educatius-bordered-text container\"><div class=\"quick-fact-section\"><h6 class=\"text-block-title text-primary\">Datos de inter\u00e9s: \u00bfQu\u00e9 incluye?<\/h6><ul class=\"list-group text-primary\"><li class=\"list-item\">Te apoyamos en cada paso<\/li><br><li class=\"list-item\">Asesoramiento de programa<\/li><br><li class=\"list-item\">Pruebas de ingl\u00e9s y campamento de idiomas<\/li><br><li class=\"list-item\">Tutor\u00eda y apoyo al profesorado<\/li><br><li class=\"list-item\">Orientaci\u00f3n y preparaci\u00f3n universitaria<\/li><\/ul><\/div><\/div>\n<\/div>\n<\/div>\n<\/div><\/div>\n\n\n\n<section class=\"wp-block-educatius-right-image-and-text highlight-section-reverse py-1 py-sm-2 py-md-2 py-sm-5 py-md-5\"><div class=\"container\"><div class=\"row\"><div class=\"col-md-6 order-md-1\"><img decoding=\"async\" src=\"https:\/\/academystage.merklesweden.com\/wp-content\/uploads\/2025\/02\/female-student-with-computer-measure-english-skills-1.jpg\" class=\"w-100\"\/><\/div><div class=\"col-md-6 order-md-0\" style=\"background:#e8b8a6\"><div class=\"text-block-wrap py-md-0 px-md-5\"><span class=\"text-block-title\" style=\"color:#000000\"><\/span><h3 class=\"text-block-title\" style=\"color:#000000\">Eval\u00faa tus conocimientos ling\u00fc\u00edsticos<\/h3><p style=\"color:#000000\">Mide tu nivel de ingl\u00e9s con este completo test de ingl\u00e9s gratuito. Los resultados nos ayudan a recomendarte los mejores pasos para que alcances tus objetivos acad\u00e9micos. Nos pondremos en contacto contigo cuando recibamos tus resultados.<br><a href=\"https:\/\/www.educatiusacademy.org\/english-test\/\"><\/a><\/p><a href=\"https:\/\/academystage.merklesweden.com\/es\/whats-included\/english-assessment\/\" class=\"btn btn-outline-primary btn-lg\" style=\"background-color:#691c32;border-color:#691c32;color:#ffffff\">Eval\u00faa tu ingl\u00e9s<\/a><\/div><\/div><\/div><\/div><\/section>\n\n\n\n<section class=\"wp-block-educatius-left-image-and-text highlight-section py-1 py-sm-2 py-md-2 py-sm-5 py-md-5\"><div class=\"container\"><div class=\"row\"><div class=\"col-md-6\"><img decoding=\"async\" src=\"https:\/\/academystage.merklesweden.com\/wp-content\/uploads\/2025\/02\/two-academic-students-studying.jpg\" class=\"w-100\"\/><\/div><div class=\"col-md-6\" style=\"background:#e8b8a6\"><div class=\"text-block-wrap py-md-0 px-md-5\"><span class=\"text-block-title\" style=\"color:#000000\"><\/span><h3 class=\"text-block-title\" style=\"color:#000000\">Reservar una consulta gratuita<\/h3><p style=\"color:#000000\">\u00danete a una sesi\u00f3n individual para contarnos cu\u00e1les son tus metas acad\u00e9micas. Juntos, exploraremos las mejores opciones para ayudarte a conseguirlas.<br><a href=\"https:\/\/www.educatiusacademy.org\/contact-us-student\/\"><\/a><\/p><a href=\"https:\/\/academystage.merklesweden.com\/es\/contact-us-student\/\" class=\"btn btn-outline-primary btn-lg\" style=\"background-color:#691c32;border-color:#691c32;color:#ffffff\">Reserva una consulta gratuita<\/a><\/div><\/div><\/div><\/div><\/section>\n","protected":false},"excerpt":{"rendered":"","protected":false},"author":2,"featured_media":0,"parent":0,"menu_order":0,"comment_status":"closed","ping_status":"closed","template":"","meta":{"_acf_changed":false,"inline_featured_image":false,"footnotes":""},"wf_page_folders":[],"class_list":["post-1036","page","type-page","status-publish","hentry"],"acf":[],"yoast_head":"<!-- This site is optimized with the Yoast SEO Premium plugin v23.4 (Yoast SEO v23.6) - https:\/\/yoast.com\/wordpress\/plugins\/seo\/ -->\n<title>Full Support Included in Your Program! - Educatius Academy Online- Educatius Academy Online<\/title>\n<meta name=\"description\" content=\"Guidance, academic support, tutoring, teacher feedback, and college prep\/counseling are all included in your USA virtual high school program.\" \/>\n<meta name=\"robots\" content=\"noindex, follow, max-snippet:-1, max-image-preview:large, max-video-preview:-1\" \/>\n<meta property=\"og:locale\" content=\"es_ES\" \/>\n<meta property=\"og:type\" content=\"article\" \/>\n<meta property=\"og:title\" content=\"What&#039;s included\" \/>\n<meta property=\"og:description\" content=\"Guidance, academic support, tutoring, teacher feedback, and college prep\/counseling are all included in your USA virtual high school program.\" \/>\n<meta property=\"og:url\" content=\"https:\/\/academystage.merklesweden.com\/es\/whats-included\/\" \/>\n<meta property=\"og:site_name\" content=\"Educatius Academy Online\" \/>\n<meta property=\"article:modified_time\" content=\"2025-04-25T09:16:37+00:00\" \/>\n<meta property=\"og:image\" content=\"https:\/\/academystage.merklesweden.com\/wp-content\/uploads\/2025\/02\/female-student-with-computer-measure-english-skills-1.jpg\" \/>\n<meta name=\"twitter:card\" content=\"summary_large_image\" \/>\n<meta name=\"twitter:label1\" content=\"Est. reading time\" \/>\n\t<meta name=\"twitter:data1\" content=\"2 minutos\" \/>\n<script type=\"application\/ld+json\" class=\"yoast-schema-graph\">{\"@context\":\"https:\/\/schema.org\",\"@graph\":[{\"@type\":\"WebPage\",\"@id\":\"https:\/\/academystage.merklesweden.com\/es\/whats-included\/\",\"url\":\"https:\/\/academystage.merklesweden.com\/es\/whats-included\/\",\"name\":\"Full Support Included in Your Program! - Educatius Academy Online- Educatius Academy Online\",\"isPartOf\":{\"@id\":\"https:\/\/academystage.merklesweden.com\/es\/#website\"},\"primaryImageOfPage\":{\"@id\":\"https:\/\/academystage.merklesweden.com\/es\/whats-included\/#primaryimage\"},\"image\":{\"@id\":\"https:\/\/academystage.merklesweden.com\/es\/whats-included\/#primaryimage\"},\"thumbnailUrl\":\"https:\/\/academystage.merklesweden.com\/wp-content\/uploads\/2025\/02\/female-student-with-computer-measure-english-skills-1.jpg\",\"datePublished\":\"2025-02-18T07:19:36+00:00\",\"dateModified\":\"2025-04-25T09:16:37+00:00\",\"description\":\"Guidance, academic support, tutoring, teacher feedback, and college prep\/counseling are all included in your USA virtual high school program.\",\"breadcrumb\":{\"@id\":\"https:\/\/academystage.merklesweden.com\/es\/whats-included\/#breadcrumb\"},\"inLanguage\":\"es\",\"potentialAction\":[{\"@type\":\"ReadAction\",\"target\":[\"https:\/\/academystage.merklesweden.com\/es\/whats-included\/\"]}]},{\"@type\":\"ImageObject\",\"inLanguage\":\"es\",\"@id\":\"https:\/\/academystage.merklesweden.com\/es\/whats-included\/#primaryimage\",\"url\":\"https:\/\/academystage.merklesweden.com\/wp-content\/uploads\/2025\/02\/female-student-with-computer-measure-english-skills-1.jpg\",\"contentUrl\":\"https:\/\/academystage.merklesweden.com\/wp-content\/uploads\/2025\/02\/female-student-with-computer-measure-english-skills-1.jpg\"},{\"@type\":\"BreadcrumbList\",\"@id\":\"https:\/\/academystage.merklesweden.com\/es\/whats-included\/#breadcrumb\",\"itemListElement\":[{\"@type\":\"ListItem\",\"position\":1,\"name\":\"Home\",\"item\":\"https:\/\/academystage.merklesweden.com\/es\/\"},{\"@type\":\"ListItem\",\"position\":2,\"name\":\"What&#8217;s included\"}]},{\"@type\":\"WebSite\",\"@id\":\"https:\/\/academystage.merklesweden.com\/es\/#website\",\"url\":\"https:\/\/academystage.merklesweden.com\/es\/\",\"name\":\"Educatius Academy Online\",\"description\":\"\",\"publisher\":{\"@id\":\"https:\/\/academystage.merklesweden.com\/es\/#organization\"},\"potentialAction\":[{\"@type\":\"SearchAction\",\"target\":{\"@type\":\"EntryPoint\",\"urlTemplate\":\"https:\/\/academystage.merklesweden.com\/es\/?s={search_term_string}\"},\"query-input\":{\"@type\":\"PropertyValueSpecification\",\"valueRequired\":true,\"valueName\":\"search_term_string\"}}],\"inLanguage\":\"es\"},{\"@type\":\"Organization\",\"@id\":\"https:\/\/academystage.merklesweden.com\/es\/#organization\",\"name\":\"Educatius Academy Online\",\"url\":\"https:\/\/academystage.merklesweden.com\/es\/\",\"logo\":{\"@type\":\"ImageObject\",\"inLanguage\":\"es\",\"@id\":\"https:\/\/academystage.merklesweden.com\/es\/#\/schema\/logo\/image\/\",\"url\":\"https:\/\/academystage.merklesweden.com\/wp-content\/uploads\/2025\/02\/educatius_academy_white.png\",\"contentUrl\":\"https:\/\/academystage.merklesweden.com\/wp-content\/uploads\/2025\/02\/educatius_academy_white.png\",\"width\":837,\"height\":332,\"caption\":\"Educatius Academy Online\"},\"image\":{\"@id\":\"https:\/\/academystage.merklesweden.com\/es\/#\/schema\/logo\/image\/\"}}]}<\/script>\n<!-- \/ Yoast SEO Premium plugin. -->","yoast_head_json":{"title":"Full Support Included in Your Program! - Educatius Academy Online- Educatius Academy Online","description":"Guidance, academic support, tutoring, teacher feedback, and college prep\/counseling are all included in your USA virtual high school program.","robots":{"index":"noindex","follow":"follow","max-snippet":"max-snippet:-1","max-image-preview":"max-image-preview:large","max-video-preview":"max-video-preview:-1"},"og_locale":"es_ES","og_type":"article","og_title":"What's included","og_description":"Guidance, academic support, tutoring, teacher feedback, and college prep\/counseling are all included in your USA virtual high school program.","og_url":"https:\/\/academystage.merklesweden.com\/es\/whats-included\/","og_site_name":"Educatius Academy Online","article_modified_time":"2025-04-25T09:16:37+00:00","og_image":[{"url":"https:\/\/academystage.merklesweden.com\/wp-content\/uploads\/2025\/02\/female-student-with-computer-measure-english-skills-1.jpg"}],"twitter_card":"summary_large_image","twitter_misc":{"Est. reading time":"2 minutos"},"schema":{"@context":"https:\/\/schema.org","@graph":[{"@type":"WebPage","@id":"https:\/\/academystage.merklesweden.com\/es\/whats-included\/","url":"https:\/\/academystage.merklesweden.com\/es\/whats-included\/","name":"Full Support Included in Your Program! - Educatius Academy Online- Educatius Academy Online","isPartOf":{"@id":"https:\/\/academystage.merklesweden.com\/es\/#website"},"primaryImageOfPage":{"@id":"https:\/\/academystage.merklesweden.com\/es\/whats-included\/#primaryimage"},"image":{"@id":"https:\/\/academystage.merklesweden.com\/es\/whats-included\/#primaryimage"},"thumbnailUrl":"https:\/\/academystage.merklesweden.com\/wp-content\/uploads\/2025\/02\/female-student-with-computer-measure-english-skills-1.jpg","datePublished":"2025-02-18T07:19:36+00:00","dateModified":"2025-04-25T09:16:37+00:00","description":"Guidance, academic support, tutoring, teacher feedback, and college prep\/counseling are all included in your USA virtual high school program.","breadcrumb":{"@id":"https:\/\/academystage.merklesweden.com\/es\/whats-included\/#breadcrumb"},"inLanguage":"es","potentialAction":[{"@type":"ReadAction","target":["https:\/\/academystage.merklesweden.com\/es\/whats-included\/"]}]},{"@type":"ImageObject","inLanguage":"es","@id":"https:\/\/academystage.merklesweden.com\/es\/whats-included\/#primaryimage","url":"https:\/\/academystage.merklesweden.com\/wp-content\/uploads\/2025\/02\/female-student-with-computer-measure-english-skills-1.jpg","contentUrl":"https:\/\/academystage.merklesweden.com\/wp-content\/uploads\/2025\/02\/female-student-with-computer-measure-english-skills-1.jpg"},{"@type":"BreadcrumbList","@id":"https:\/\/academystage.merklesweden.com\/es\/whats-included\/#breadcrumb","itemListElement":[{"@type":"ListItem","position":1,"name":"Home","item":"https:\/\/academystage.merklesweden.com\/es\/"},{"@type":"ListItem","position":2,"name":"What&#8217;s included"}]},{"@type":"WebSite","@id":"https:\/\/academystage.merklesweden.com\/es\/#website","url":"https:\/\/academystage.merklesweden.com\/es\/","name":"Educatius Academy Online","description":"","publisher":{"@id":"https:\/\/academystage.merklesweden.com\/es\/#organization"},"potentialAction":[{"@type":"SearchAction","target":{"@type":"EntryPoint","urlTemplate":"https:\/\/academystage.merklesweden.com\/es\/?s={search_term_string}"},"query-input":{"@type":"PropertyValueSpecification","valueRequired":true,"valueName":"search_term_string"}}],"inLanguage":"es"},{"@type":"Organization","@id":"https:\/\/academystage.merklesweden.com\/es\/#organization","name":"Educatius Academy Online","url":"https:\/\/academystage.merklesweden.com\/es\/","logo":{"@type":"ImageObject","inLanguage":"es","@id":"https:\/\/academystage.merklesweden.com\/es\/#\/schema\/logo\/image\/","url":"https:\/\/academystage.merklesweden.com\/wp-content\/uploads\/2025\/02\/educatius_academy_white.png","contentUrl":"https:\/\/academystage.merklesweden.com\/wp-content\/uploads\/2025\/02\/educatius_academy_white.png","width":837,"height":332,"caption":"Educatius Academy Online"},"image":{"@id":"https:\/\/academystage.merklesweden.com\/es\/#\/schema\/logo\/image\/"}}]}},"_links":{"self":[{"href":"https:\/\/academystage.merklesweden.com\/es\/wp-json\/wp\/v2\/pages\/1036","targetHints":{"allow":["GET"]}}],"collection":[{"href":"https:\/\/academystage.merklesweden.com\/es\/wp-json\/wp\/v2\/pages"}],"about":[{"href":"https:\/\/academystage.merklesweden.com\/es\/wp-json\/wp\/v2\/types\/page"}],"author":[{"embeddable":true,"href":"https:\/\/academystage.merklesweden.com\/es\/wp-json\/wp\/v2\/users\/2"}],"replies":[{"embeddable":true,"href":"https:\/\/academystage.merklesweden.com\/es\/wp-json\/wp\/v2\/comments?post=1036"}],"version-history":[{"count":10,"href":"https:\/\/academystage.merklesweden.com\/es\/wp-json\/wp\/v2\/pages\/1036\/revisions"}],"predecessor-version":[{"id":1931,"href":"https:\/\/academystage.merklesweden.com\/es\/wp-json\/wp\/v2\/pages\/1036\/revisions\/1931"}],"wp:attachment":[{"href":"https:\/\/academystage.merklesweden.com\/es\/wp-json\/wp\/v2\/media?parent=1036"}],"wp:term":[{"taxonomy":"wf_page_folders","embeddable":true,"href":"https:\/\/academystage.merklesweden.com\/es\/wp-json\/wp\/v2\/wf_page_folders?post=1036"}],"curies":[{"name":"wp","href":"https:\/\/api.w.org\/{rel}","templated":true}]}}