{"id":1030,"date":"2025-02-20T09:17:52","date_gmt":"2025-02-20T09:17:52","guid":{"rendered":"https:\/\/academystage.merklesweden.com\/?page_id=1030"},"modified":"2025-04-25T09:22:40","modified_gmt":"2025-04-25T09:22:40","slug":"college-counselling","status":"publish","type":"page","link":"https:\/\/academystage.merklesweden.com\/es\/whats-included\/college-counselling\/","title":{"rendered":"College counselling"},"content":{"rendered":"\n<div class=\"wp-block-group has-gray-background-color has-background\"><div class=\"wp-block-group__inner-container is-layout-constrained wp-block-group-is-layout-constrained\">\n<div style=\"height:100px\" aria-hidden=\"true\" class=\"wp-block-spacer\"><\/div>\n\n\n\n<div class=\"wp-block-columns container has-gray-background-color has-background is-layout-flex wp-container-core-columns-is-layout-1 wp-block-columns-is-layout-flex\">\n<div class=\"wp-block-column is-layout-flow wp-block-column-is-layout-flow\">\n<div class=\"wp-block-educatius-title-paragraph-darkbutton container\"><div class=\"text-block-wrap py-4 py-md-0\"><h3 class=\"text-block-title text-primary\">Orientaci\u00f3n universitaria y profesional<\/h3><p class=\"text-primary\">Los estudiantes matriculados en nuestros programas de t\u00edtulo de internado online, tienen acceso a asesoramiento y apoyo universitario. El Programa de Asesoramiento Universitario (CAP) puede ayudarte a encontrar la universidad o escuela superior adecuada y guiarte en el proceso de solicitud.<br><br><strong>Asesoramiento universitario personalizado<\/strong><br><br>Orientaci\u00f3n personalizada por parte de un orientador universitario experimentado.<br><br><strong>Plaza asegurada<\/strong><br><br>Los estudiantes recibir\u00e1n una oferta de uno de los m\u00e1s 300 centros universitarios de la red CAP.<br><br><strong>Oportunidades de becas<\/strong><br><br>Nuestros alumnos pueden solicitar becas exclusivas para los miembros de CAP.<br><br><strong>Exenci\u00f3n de tasas de solicitud<\/strong><br><br>No se cobran tasas por las 3 primeras solicitudes que presenten los estudiantes a las universidades de la red CAP.<br><br><strong>Aplica en cualquier lugar<\/strong><br><br>Los alumnos pueden enviar sus solicitudes a cualquier universidad, incluso las que no forman parte de la red CAP<br><\/p><a href=\"\/enroll-now\/\" class=\"btn btn-primary\">Descubre m\u00e1s<\/a><\/div><\/div>\n<\/div>\n\n\n\n<div class=\"wp-block-column is-layout-flow wp-block-column-is-layout-flow\">\n<figure class=\"wp-block-image size-full\"><img loading=\"lazy\" decoding=\"async\" width=\"490\" height=\"623\" src=\"https:\/\/academystage.merklesweden.com\/wp-content\/uploads\/2025\/02\/two-academy-female-students-graduation-wearing-green.jpg\" alt=\"\" class=\"wp-image-243\" srcset=\"https:\/\/academystage.merklesweden.com\/wp-content\/uploads\/2025\/02\/two-academy-female-students-graduation-wearing-green.jpg 490w, https:\/\/academystage.merklesweden.com\/wp-content\/uploads\/2025\/02\/two-academy-female-students-graduation-wearing-green-236x300.jpg 236w, https:\/\/academystage.merklesweden.com\/wp-content\/uploads\/2025\/02\/two-academy-female-students-graduation-wearing-green-19x24.jpg 19w, https:\/\/academystage.merklesweden.com\/wp-content\/uploads\/2025\/02\/two-academy-female-students-graduation-wearing-green-28x36.jpg 28w, https:\/\/academystage.merklesweden.com\/wp-content\/uploads\/2025\/02\/two-academy-female-students-graduation-wearing-green-38x48.jpg 38w\" sizes=\"auto, (max-width: 490px) 100vw, 490px\" \/><\/figure>\n<\/div>\n<\/div>\n<\/div><\/div>\n\n\n\n<section class=\"wp-block-educatius-left-image-and-text highlight-section py-1 py-sm-2 py-md-2 py-sm-5 py-md-5\"><div class=\"container\"><div class=\"row\"><div class=\"col-md-6\"><img decoding=\"async\" src=\"https:\/\/academystage.merklesweden.com\/wp-content\/uploads\/2025\/02\/asian-boy-student-studying-online.jpg\" class=\"w-100\"\/><\/div><div class=\"col-md-6\" style=\"background:#e8b8a6\"><div class=\"text-block-wrap py-md-0 px-md-5\"><span class=\"text-block-title\" style=\"color:#691c32\"><\/span><h3 class=\"text-block-title\" style=\"color:#691c32\">Reserva asesoramiento acad\u00e9mico<\/h3><p style=\"color:#691c32\">\u00danete a una sesi\u00f3n individual para contarnos cu\u00e1les son tus metas acad\u00e9micas. Juntos, exploraremos las mejores opciones para ayudarte a conseguirlas.<\/p><a href=\"\/contact-us-student\/\" class=\"btn btn-outline-primary btn-lg\" style=\"background-color:#691c32;border-color:#691c32;color:#ffffff\">Reserva una consulta gratuita<\/a><\/div><\/div><\/div><\/div><\/section>\n","protected":false},"excerpt":{"rendered":"","protected":false},"author":2,"featured_media":0,"parent":1036,"menu_order":0,"comment_status":"closed","ping_status":"closed","template":"","meta":{"_acf_changed":false,"inline_featured_image":false,"footnotes":""},"wf_page_folders":[],"class_list":["post-1030","page","type-page","status-publish","hentry"],"acf":[],"yoast_head":"<!-- This site is optimized with the Yoast SEO Premium plugin v23.4 (Yoast SEO v23.6) - https:\/\/yoast.com\/wordpress\/plugins\/seo\/ -->\n<title>College Counseling for University Abroad - Educatius Academy Online- Educatius Academy Online<\/title>\n<meta name=\"description\" content=\"Our college counselors advise international students on applications and enrollment to USA universities and help find scholarships.\" \/>\n<meta name=\"robots\" content=\"noindex, follow, max-snippet:-1, max-image-preview:large, max-video-preview:-1\" \/>\n<meta property=\"og:locale\" content=\"es_ES\" \/>\n<meta property=\"og:type\" content=\"article\" \/>\n<meta property=\"og:title\" content=\"College counselling\" \/>\n<meta property=\"og:description\" content=\"Our college counselors advise international students on applications and enrollment to USA universities and help find scholarships.\" \/>\n<meta property=\"og:url\" content=\"https:\/\/academystage.merklesweden.com\/es\/whats-included\/college-counselling\/\" \/>\n<meta property=\"og:site_name\" content=\"Educatius Academy Online\" \/>\n<meta property=\"article:modified_time\" content=\"2025-04-25T09:22:40+00:00\" \/>\n<meta property=\"og:image\" content=\"https:\/\/academystage.merklesweden.com\/wp-content\/uploads\/2025\/02\/two-academy-female-students-graduation-wearing-green.jpg\" \/>\n\t<meta property=\"og:image:width\" content=\"490\" \/>\n\t<meta property=\"og:image:height\" content=\"623\" \/>\n\t<meta property=\"og:image:type\" content=\"image\/jpeg\" \/>\n<meta name=\"twitter:card\" content=\"summary_large_image\" \/>\n<meta name=\"twitter:label1\" content=\"Est. reading time\" \/>\n\t<meta name=\"twitter:data1\" content=\"2 minutos\" \/>\n<script type=\"application\/ld+json\" class=\"yoast-schema-graph\">{\"@context\":\"https:\/\/schema.org\",\"@graph\":[{\"@type\":\"WebPage\",\"@id\":\"https:\/\/academystage.merklesweden.com\/es\/whats-included\/college-counselling\/\",\"url\":\"https:\/\/academystage.merklesweden.com\/es\/whats-included\/college-counselling\/\",\"name\":\"College Counseling for University Abroad - Educatius Academy Online- Educatius Academy Online\",\"isPartOf\":{\"@id\":\"https:\/\/academystage.merklesweden.com\/es\/#website\"},\"primaryImageOfPage\":{\"@id\":\"https:\/\/academystage.merklesweden.com\/es\/whats-included\/college-counselling\/#primaryimage\"},\"image\":{\"@id\":\"https:\/\/academystage.merklesweden.com\/es\/whats-included\/college-counselling\/#primaryimage\"},\"thumbnailUrl\":\"https:\/\/academystage.merklesweden.com\/wp-content\/uploads\/2025\/02\/two-academy-female-students-graduation-wearing-green.jpg\",\"datePublished\":\"2025-02-20T09:17:52+00:00\",\"dateModified\":\"2025-04-25T09:22:40+00:00\",\"description\":\"Our college counselors advise international students on applications and enrollment to USA universities and help find scholarships.\",\"breadcrumb\":{\"@id\":\"https:\/\/academystage.merklesweden.com\/es\/whats-included\/college-counselling\/#breadcrumb\"},\"inLanguage\":\"es\",\"potentialAction\":[{\"@type\":\"ReadAction\",\"target\":[\"https:\/\/academystage.merklesweden.com\/es\/whats-included\/college-counselling\/\"]}]},{\"@type\":\"ImageObject\",\"inLanguage\":\"es\",\"@id\":\"https:\/\/academystage.merklesweden.com\/es\/whats-included\/college-counselling\/#primaryimage\",\"url\":\"https:\/\/academystage.merklesweden.com\/wp-content\/uploads\/2025\/02\/two-academy-female-students-graduation-wearing-green.jpg\",\"contentUrl\":\"https:\/\/academystage.merklesweden.com\/wp-content\/uploads\/2025\/02\/two-academy-female-students-graduation-wearing-green.jpg\"},{\"@type\":\"BreadcrumbList\",\"@id\":\"https:\/\/academystage.merklesweden.com\/es\/whats-included\/college-counselling\/#breadcrumb\",\"itemListElement\":[{\"@type\":\"ListItem\",\"position\":1,\"name\":\"Home\",\"item\":\"https:\/\/academystage.merklesweden.com\/es\/\"},{\"@type\":\"ListItem\",\"position\":2,\"name\":\"What&#8217;s included\",\"item\":\"https:\/\/academystage.merklesweden.com\/es\/whats-included\/\"},{\"@type\":\"ListItem\",\"position\":3,\"name\":\"College counselling\"}]},{\"@type\":\"WebSite\",\"@id\":\"https:\/\/academystage.merklesweden.com\/es\/#website\",\"url\":\"https:\/\/academystage.merklesweden.com\/es\/\",\"name\":\"Educatius Academy Online\",\"description\":\"\",\"publisher\":{\"@id\":\"https:\/\/academystage.merklesweden.com\/es\/#organization\"},\"potentialAction\":[{\"@type\":\"SearchAction\",\"target\":{\"@type\":\"EntryPoint\",\"urlTemplate\":\"https:\/\/academystage.merklesweden.com\/es\/?s={search_term_string}\"},\"query-input\":{\"@type\":\"PropertyValueSpecification\",\"valueRequired\":true,\"valueName\":\"search_term_string\"}}],\"inLanguage\":\"es\"},{\"@type\":\"Organization\",\"@id\":\"https:\/\/academystage.merklesweden.com\/es\/#organization\",\"name\":\"Educatius Academy Online\",\"url\":\"https:\/\/academystage.merklesweden.com\/es\/\",\"logo\":{\"@type\":\"ImageObject\",\"inLanguage\":\"es\",\"@id\":\"https:\/\/academystage.merklesweden.com\/es\/#\/schema\/logo\/image\/\",\"url\":\"https:\/\/academystage.merklesweden.com\/wp-content\/uploads\/2025\/02\/educatius_academy_white.png\",\"contentUrl\":\"https:\/\/academystage.merklesweden.com\/wp-content\/uploads\/2025\/02\/educatius_academy_white.png\",\"width\":837,\"height\":332,\"caption\":\"Educatius Academy Online\"},\"image\":{\"@id\":\"https:\/\/academystage.merklesweden.com\/es\/#\/schema\/logo\/image\/\"}}]}<\/script>\n<!-- \/ Yoast SEO Premium plugin. -->","yoast_head_json":{"title":"College Counseling for University Abroad - Educatius Academy Online- Educatius Academy Online","description":"Our college counselors advise international students on applications and enrollment to USA universities and help find scholarships.","robots":{"index":"noindex","follow":"follow","max-snippet":"max-snippet:-1","max-image-preview":"max-image-preview:large","max-video-preview":"max-video-preview:-1"},"og_locale":"es_ES","og_type":"article","og_title":"College counselling","og_description":"Our college counselors advise international students on applications and enrollment to USA universities and help find scholarships.","og_url":"https:\/\/academystage.merklesweden.com\/es\/whats-included\/college-counselling\/","og_site_name":"Educatius Academy Online","article_modified_time":"2025-04-25T09:22:40+00:00","og_image":[{"width":490,"height":623,"url":"https:\/\/academystage.merklesweden.com\/wp-content\/uploads\/2025\/02\/two-academy-female-students-graduation-wearing-green.jpg","type":"image\/jpeg"}],"twitter_card":"summary_large_image","twitter_misc":{"Est. reading time":"2 minutos"},"schema":{"@context":"https:\/\/schema.org","@graph":[{"@type":"WebPage","@id":"https:\/\/academystage.merklesweden.com\/es\/whats-included\/college-counselling\/","url":"https:\/\/academystage.merklesweden.com\/es\/whats-included\/college-counselling\/","name":"College Counseling for University Abroad - Educatius Academy Online- Educatius Academy Online","isPartOf":{"@id":"https:\/\/academystage.merklesweden.com\/es\/#website"},"primaryImageOfPage":{"@id":"https:\/\/academystage.merklesweden.com\/es\/whats-included\/college-counselling\/#primaryimage"},"image":{"@id":"https:\/\/academystage.merklesweden.com\/es\/whats-included\/college-counselling\/#primaryimage"},"thumbnailUrl":"https:\/\/academystage.merklesweden.com\/wp-content\/uploads\/2025\/02\/two-academy-female-students-graduation-wearing-green.jpg","datePublished":"2025-02-20T09:17:52+00:00","dateModified":"2025-04-25T09:22:40+00:00","description":"Our college counselors advise international students on applications and enrollment to USA universities and help find scholarships.","breadcrumb":{"@id":"https:\/\/academystage.merklesweden.com\/es\/whats-included\/college-counselling\/#breadcrumb"},"inLanguage":"es","potentialAction":[{"@type":"ReadAction","target":["https:\/\/academystage.merklesweden.com\/es\/whats-included\/college-counselling\/"]}]},{"@type":"ImageObject","inLanguage":"es","@id":"https:\/\/academystage.merklesweden.com\/es\/whats-included\/college-counselling\/#primaryimage","url":"https:\/\/academystage.merklesweden.com\/wp-content\/uploads\/2025\/02\/two-academy-female-students-graduation-wearing-green.jpg","contentUrl":"https:\/\/academystage.merklesweden.com\/wp-content\/uploads\/2025\/02\/two-academy-female-students-graduation-wearing-green.jpg"},{"@type":"BreadcrumbList","@id":"https:\/\/academystage.merklesweden.com\/es\/whats-included\/college-counselling\/#breadcrumb","itemListElement":[{"@type":"ListItem","position":1,"name":"Home","item":"https:\/\/academystage.merklesweden.com\/es\/"},{"@type":"ListItem","position":2,"name":"What&#8217;s included","item":"https:\/\/academystage.merklesweden.com\/es\/whats-included\/"},{"@type":"ListItem","position":3,"name":"College counselling"}]},{"@type":"WebSite","@id":"https:\/\/academystage.merklesweden.com\/es\/#website","url":"https:\/\/academystage.merklesweden.com\/es\/","name":"Educatius Academy Online","description":"","publisher":{"@id":"https:\/\/academystage.merklesweden.com\/es\/#organization"},"potentialAction":[{"@type":"SearchAction","target":{"@type":"EntryPoint","urlTemplate":"https:\/\/academystage.merklesweden.com\/es\/?s={search_term_string}"},"query-input":{"@type":"PropertyValueSpecification","valueRequired":true,"valueName":"search_term_string"}}],"inLanguage":"es"},{"@type":"Organization","@id":"https:\/\/academystage.merklesweden.com\/es\/#organization","name":"Educatius Academy Online","url":"https:\/\/academystage.merklesweden.com\/es\/","logo":{"@type":"ImageObject","inLanguage":"es","@id":"https:\/\/academystage.merklesweden.com\/es\/#\/schema\/logo\/image\/","url":"https:\/\/academystage.merklesweden.com\/wp-content\/uploads\/2025\/02\/educatius_academy_white.png","contentUrl":"https:\/\/academystage.merklesweden.com\/wp-content\/uploads\/2025\/02\/educatius_academy_white.png","width":837,"height":332,"caption":"Educatius Academy Online"},"image":{"@id":"https:\/\/academystage.merklesweden.com\/es\/#\/schema\/logo\/image\/"}}]}},"_links":{"self":[{"href":"https:\/\/academystage.merklesweden.com\/es\/wp-json\/wp\/v2\/pages\/1030","targetHints":{"allow":["GET"]}}],"collection":[{"href":"https:\/\/academystage.merklesweden.com\/es\/wp-json\/wp\/v2\/pages"}],"about":[{"href":"https:\/\/academystage.merklesweden.com\/es\/wp-json\/wp\/v2\/types\/page"}],"author":[{"embeddable":true,"href":"https:\/\/academystage.merklesweden.com\/es\/wp-json\/wp\/v2\/users\/2"}],"replies":[{"embeddable":true,"href":"https:\/\/academystage.merklesweden.com\/es\/wp-json\/wp\/v2\/comments?post=1030"}],"version-history":[{"count":9,"href":"https:\/\/academystage.merklesweden.com\/es\/wp-json\/wp\/v2\/pages\/1030\/revisions"}],"predecessor-version":[{"id":1934,"href":"https:\/\/academystage.merklesweden.com\/es\/wp-json\/wp\/v2\/pages\/1030\/revisions\/1934"}],"up":[{"embeddable":true,"href":"https:\/\/academystage.merklesweden.com\/es\/wp-json\/wp\/v2\/pages\/1036"}],"wp:attachment":[{"href":"https:\/\/academystage.merklesweden.com\/es\/wp-json\/wp\/v2\/media?parent=1030"}],"wp:term":[{"taxonomy":"wf_page_folders","embeddable":true,"href":"https:\/\/academystage.merklesweden.com\/es\/wp-json\/wp\/v2\/wf_page_folders?post=1030"}],"curies":[{"name":"wp","href":"https:\/\/api.w.org\/{rel}","templated":true}]}}