{"id":1012,"date":"2025-02-18T09:46:50","date_gmt":"2025-02-18T09:46:50","guid":{"rendered":"https:\/\/academystage.merklesweden.com\/?page_id=1012"},"modified":"2025-04-25T08:59:29","modified_gmt":"2025-04-25T08:59:29","slug":"for-partners","status":"publish","type":"page","link":"https:\/\/academystage.merklesweden.com\/es\/for-partners\/","title":{"rendered":"For partners"},"content":{"rendered":"\n<div class=\"wp-block-group has-gray-background-color has-background\"><div class=\"wp-block-group__inner-container is-layout-constrained wp-block-group-is-layout-constrained\">\n<div style=\"height:100px\" aria-hidden=\"true\" class=\"wp-block-spacer\"><\/div>\n\n\n\n<div class=\"wp-block-columns has-gray-background-color has-background is-layout-flex wp-container-core-columns-is-layout-1 wp-block-columns-is-layout-flex\">\n<div class=\"wp-block-column is-layout-flow wp-block-column-is-layout-flow\">\n<div class=\"wp-block-educatius-title-paragraph-darkbutton container\"><div class=\"text-block-wrap py-4 py-md-0\"><h3 class=\"text-block-title text-primary\">Para agentes<\/h3><p class=\"text-primary\">Educatius Group es la mayor organizaci\u00f3n mundial dedicada a programas de estudios en el extranjero para estudiantes de secundaria. Nos asociamos con agentes y consultores educativos, escuelas y centros de idiomas para ofrecer experiencias excepcionales de educaci\u00f3n secundaria internacional a estudiantes de todo el mundo. Educatius Academy ofrece programas virtuales que ponen el t\u00edtulo de bachillerato estadounidense al alcance de estudiantes de todos.<\/p><\/div><\/div>\n<\/div>\n\n\n\n<div class=\"wp-block-column is-layout-flow wp-block-column-is-layout-flow\">\n<figure class=\"wp-block-embed is-type-rich is-provider-gestor-del-servicio wp-block-embed-gestor-del-servicio wp-embed-aspect-16-9 wp-has-aspect-ratio\"><div class=\"wp-block-embed__wrapper\">\n<iframe loading=\"lazy\" title=\"Dual Diploma Graduation \ud83c\udf93 A celebration to remember in Paris\ud83d\uddfc\" width=\"640\" height=\"360\" src=\"https:\/\/www.youtube.com\/embed\/4PFBukx5oUI?feature=oembed\" frameborder=\"0\" allow=\"accelerometer; autoplay; clipboard-write; encrypted-media; gyroscope; picture-in-picture; web-share\" referrerpolicy=\"strict-origin-when-cross-origin\" allowfullscreen><\/iframe>\n<\/div><\/figure>\n<\/div>\n<\/div>\n<\/div><\/div>\n\n\n\n<div class=\"wp-block-educatius-underscore-heading container\"><h2 class=\"section-title text-center mx-auto mt-3 mb-5\">Agentes asociados<\/h2><\/div>\n\n\n\n<div class=\"wp-block-columns container is-layout-flex wp-container-core-columns-is-layout-2 wp-block-columns-is-layout-flex\">\n<div class=\"wp-block-column is-layout-flow wp-block-column-is-layout-flow\">\n<figure class=\"wp-block-image size-full\"><img loading=\"lazy\" decoding=\"async\" width=\"640\" height=\"427\" src=\"https:\/\/academystage.merklesweden.com\/wp-content\/uploads\/2025\/02\/academy-student-partners.jpg\" alt=\"\" class=\"wp-image-766\" srcset=\"https:\/\/academystage.merklesweden.com\/wp-content\/uploads\/2025\/02\/academy-student-partners.jpg 640w, https:\/\/academystage.merklesweden.com\/wp-content\/uploads\/2025\/02\/academy-student-partners-300x200.jpg 300w, https:\/\/academystage.merklesweden.com\/wp-content\/uploads\/2025\/02\/academy-student-partners-24x16.jpg 24w, https:\/\/academystage.merklesweden.com\/wp-content\/uploads\/2025\/02\/academy-student-partners-36x24.jpg 36w, https:\/\/academystage.merklesweden.com\/wp-content\/uploads\/2025\/02\/academy-student-partners-48x32.jpg 48w\" sizes=\"auto, (max-width: 640px) 100vw, 640px\" \/><\/figure>\n<\/div>\n\n\n\n<div class=\"wp-block-column is-layout-flow wp-block-column-is-layout-flow\">\n<div class=\"wp-block-educatius-bordered-text container\"><div class=\"quick-fact-section\"><h6 class=\"text-block-title text-primary\">Construyendo tu negocio<\/h6><ul class=\"list-group text-primary\"><li class=\"list-item\"><strong>Ayudar a los estudiantes a destacar distinguir\u00e1 a su agencia<\/strong>&nbsp;\u2013 Support students in reaching their dreams of obtaining a U.S. diploma, either abroad or at home.<\/li><br><li class=\"list-item\"><strong>gana m\u00e1s ofreciendo m\u00e1s<\/strong>&nbsp;&#8211; Apoyar a los estudiantes para que alcancen su sue\u00f1o de obtener un diploma estadounidense, ya sea en el extranjero o en su propio pa\u00eds.<\/li><br><li class=\"list-item\"><strong>Ofrecer programas virtuales a los nuevos estudiantes<\/strong>&nbsp;&#8211; S\u00e9 un h\u00e9roe para los estudiantes que no pueden ir al extranjero. Ay\u00fadales a obtener un diploma estadounidense en casa.<\/li><br><li class=\"list-item\"><strong>Colabora con las escuelas locales<\/strong>&nbsp;&#8211; Colabore con los centros escolares de su localidad para ofrecer a los estudiantes programas de doble titulaci\u00f3n.<\/li><\/ul><a href=\"\/it\/contact-us-agent\/\" class=\"btn btn-outline-primary\">Contacta con nosotros<\/a><\/div><\/div>\n<\/div>\n<\/div>\n\n\n\n<div class=\"wp-block-educatius-underscore-heading container\"><h2 class=\"section-title text-center mx-auto mt-3 mb-5\">Escuelas asociadas<\/h2><\/div>\n\n\n\n<div class=\"wp-block-columns container is-layout-flex wp-container-core-columns-is-layout-3 wp-block-columns-is-layout-flex\">\n<div class=\"wp-block-column is-layout-flow wp-block-column-is-layout-flow\">\n<div class=\"wp-block-educatius-bordered-text container\"><div class=\"quick-fact-section\"><h6 class=\"text-block-title text-primary\">Proporciona una educaci\u00f3n internacional<\/h6><ul class=\"list-group text-primary\"><li class=\"list-item\"><strong>Ofrece a los estudiantes una experiencia educativa internacional<\/strong>&nbsp;&#8211; Ofrecer una oportunidad de estudios internacionales en casa permitir\u00e1 a los estudiantes experimentar un entorno acad\u00e9mico diferente y beneficiarse de la obtenci\u00f3n de 2 t\u00edtulos: 1 de su centro y 1 de Estados Unidos.<\/li><br><li class=\"list-item\"><strong>Destaque ofreciendo un Dual Diploma \u00fanico en EE.UU.<\/strong>&nbsp;&#8211; Su escuela destacar\u00e1 en la comunidad.<\/li><br><li class=\"list-item\"><strong>Es una forma f\u00e1cil y rentable de a\u00f1adir programaci\u00f3n internacional &#8211;&nbsp;<\/strong>El programa Dual Diploma es gratuito para los centros escolares. No requiere una formaci\u00f3n intensiva del profesorado. Lo \u00fanico que tienes que hacer es promocionar el programa entre tus alumnos. Pueden trabajar de forma independiente o puedes optar por ofrecerles apoyo. T\u00fa decides.<\/li><br><li class=\"list-item\"><strong>Ayuda a los estudiantes a mejorar su ingl\u00e9s<\/strong>&nbsp;&#8211; Estudiar cursos extranjeros en ingl\u00e9s ayudar\u00e1 a mejorar los conocimientos de ingl\u00e9s de sus alumnos y les preparar\u00e1 para carreras internacionales.<\/li><\/ul><\/div><\/div>\n<\/div>\n\n\n\n<div class=\"wp-block-column is-layout-flow wp-block-column-is-layout-flow\">\n<figure class=\"wp-block-image size-full flexbox-image\"><img loading=\"lazy\" decoding=\"async\" width=\"1600\" height=\"600\" src=\"https:\/\/academystage.merklesweden.com\/wp-content\/uploads\/2025\/02\/group-of-students-graduation-day1600x600x.jpg\" alt=\"\" class=\"wp-image-224\" srcset=\"https:\/\/academystage.merklesweden.com\/wp-content\/uploads\/2025\/02\/group-of-students-graduation-day1600x600x.jpg 1600w, https:\/\/academystage.merklesweden.com\/wp-content\/uploads\/2025\/02\/group-of-students-graduation-day1600x600x-300x113.jpg 300w, https:\/\/academystage.merklesweden.com\/wp-content\/uploads\/2025\/02\/group-of-students-graduation-day1600x600x-1024x384.jpg 1024w, https:\/\/academystage.merklesweden.com\/wp-content\/uploads\/2025\/02\/group-of-students-graduation-day1600x600x-768x288.jpg 768w, https:\/\/academystage.merklesweden.com\/wp-content\/uploads\/2025\/02\/group-of-students-graduation-day1600x600x-1536x576.jpg 1536w, https:\/\/academystage.merklesweden.com\/wp-content\/uploads\/2025\/02\/group-of-students-graduation-day1600x600x-24x9.jpg 24w, https:\/\/academystage.merklesweden.com\/wp-content\/uploads\/2025\/02\/group-of-students-graduation-day1600x600x-36x14.jpg 36w, https:\/\/academystage.merklesweden.com\/wp-content\/uploads\/2025\/02\/group-of-students-graduation-day1600x600x-48x18.jpg 48w\" sizes=\"auto, (max-width: 1600px) 100vw, 1600px\" \/><\/figure>\n<\/div>\n<\/div>\n\n\n\n<div class=\"wp-block-columns container is-layout-flex wp-container-core-columns-is-layout-4 wp-block-columns-is-layout-flex\">\n<div class=\"wp-block-column is-layout-flow wp-block-column-is-layout-flow\"><\/div>\n\n\n\n<div class=\"wp-block-column is-layout-flow wp-block-column-is-layout-flow\"><\/div>\n<\/div>\n\n\n\n<div style=\"height:41px\" aria-hidden=\"true\" class=\"wp-block-spacer\"><\/div>\n\n\n\n<section class=\"wp-block-educatius-large-icon-and-text whats-included-section text-center py-3\"><div class=\"container\"><div class=\"row\"><div class=\"col\"><img decoding=\"async\" src=\"https:\/\/academystage.merklesweden.com\/wp-content\/uploads\/2025\/02\/Unrivalled_support_icon_burgundy_border.png\"\/><h6>Gana m\u00e1s, ofreciendo m\u00e1s<\/h6><p>Proporcionar a los estudiantes m\u00e1s herramientas para alcanzar sus objetivos genera m\u00e1s formas de obtener ingresos.<\/p><\/div><div class=\"col\"><img decoding=\"async\" src=\"https:\/\/academystage.merklesweden.com\/wp-content\/uploads\/2025\/02\/Competetive_edge-_icon__burgundy_border.png\"\/><h6>S\u00e9 m\u00e1s competitivo<\/h6><p>Ofrecer a los estudiantes la posibilidad de obtener un t\u00edtulo internacional le dar\u00e1 una ventaja competitiva.<\/p><\/div><div class=\"col\"><img decoding=\"async\" src=\"https:\/\/academystage.merklesweden.com\/wp-content\/uploads\/2025\/02\/Inspire_others_icon_burgundy_border.png\"\/><h6>Re\u00fane m\u00e1s estudiantes<\/h6><p>Conseguir reunir a los estudiantes ofreci\u00e9ndoles hitos m\u00e1s emocionantes en su viaje educativo.<\/p><\/div><div class=\"col\"><img decoding=\"async\" src=\"https:\/\/academystage.merklesweden.com\/wp-content\/uploads\/2025\/02\/Giving_back_icon_burgundy_border.png\"\/><h6>Se un h\u00e9roe<\/h6><p>Las familias que no pueden enviar a su hijo en el extranjero se dirigir\u00e1n a tu agencia o escuela en busca de oportunidades acad\u00e9micas<\/p><\/div><\/div><\/div><\/section>\n\n\n\n<section class=\"wp-block-educatius-right-image-and-text highlight-section-reverse py-1 py-sm-5 py-md-5\"><div class=\"container my-3\"><div class=\"row\"><div class=\"col-md-6 order-md-1\"><img decoding=\"async\" src=\"https:\/\/academystage.merklesweden.com\/wp-content\/uploads\/2025\/02\/two-business-women-walking-in-city-center-partner-with-us.jpg\" class=\"w-100\"\/><\/div><div class=\"col-md-6 order-md-0\"><div class=\"text-block-wrap py-md-0 px-md-5\"><span class=\"text-block-title\"><\/span><h3 class=\"text-block-title\">Estamos buscando nuevos socios<\/h3><p>Educatius Academy est\u00e1 dando la bienvenida a nuevos socios. Concierta una reuni\u00f3n con nosotros si quieres unirte a nuestra red de agencias y escuelas que ofrecen el Diploma Dual de Bachillerato de EE.UU. y cursos individuales. Estaremos encantados de responder a tus preguntas sobre nuestros programas, apoyo acad\u00e9mico y personal, y formas de promover el aprendizaje virtual entre tus estudiantes y familias locales.<\/p><a href=\"https:\/\/academystage.merklesweden.com\/contact-us-agent\/\" class=\"btn btn-outline-primary btn-lg\">Reserva una cita<\/a><\/div><\/div><\/div><\/div><\/section>\n","protected":false},"excerpt":{"rendered":"","protected":false},"author":2,"featured_media":0,"parent":0,"menu_order":0,"comment_status":"closed","ping_status":"closed","template":"","meta":{"_acf_changed":false,"inline_featured_image":false,"footnotes":""},"wf_page_folders":[],"class_list":["post-1012","page","type-page","status-publish","hentry"],"acf":[],"yoast_head":"<!-- This site is optimized with the Yoast SEO Premium plugin v23.4 (Yoast SEO v23.6) - https:\/\/yoast.com\/wordpress\/plugins\/seo\/ -->\n<title>Partner with Educatius for USA High School Diploma Programs - Educatius Academy Online - Educatius Academy Online<\/title>\n<meta name=\"description\" content=\"We work with education agencies, counselors, and schools worldwide to provide virtual American high school diploma programs to their students.\" \/>\n<meta name=\"robots\" content=\"noindex, follow, max-snippet:-1, max-image-preview:large, max-video-preview:-1\" \/>\n<meta property=\"og:locale\" content=\"es_ES\" \/>\n<meta property=\"og:type\" content=\"article\" \/>\n<meta property=\"og:title\" content=\"For partners\" \/>\n<meta property=\"og:description\" content=\"We work with education agencies, counselors, and schools worldwide to provide virtual American high school diploma programs to their students.\" \/>\n<meta property=\"og:url\" content=\"https:\/\/academystage.merklesweden.com\/es\/for-partners\/\" \/>\n<meta property=\"og:site_name\" content=\"Educatius Academy Online\" \/>\n<meta property=\"article:modified_time\" content=\"2025-04-25T08:59:29+00:00\" \/>\n<meta property=\"og:image\" content=\"https:\/\/academystage.merklesweden.com\/wp-content\/uploads\/2025\/02\/academy-student-partners.jpg\" \/>\n\t<meta property=\"og:image:width\" content=\"640\" \/>\n\t<meta property=\"og:image:height\" content=\"427\" \/>\n\t<meta property=\"og:image:type\" content=\"image\/jpeg\" \/>\n<meta name=\"twitter:card\" content=\"summary_large_image\" \/>\n<meta name=\"twitter:label1\" content=\"Est. reading time\" \/>\n\t<meta name=\"twitter:data1\" content=\"4 minutos\" \/>\n<script type=\"application\/ld+json\" class=\"yoast-schema-graph\">{\"@context\":\"https:\/\/schema.org\",\"@graph\":[{\"@type\":\"WebPage\",\"@id\":\"https:\/\/academystage.merklesweden.com\/es\/for-partners\/\",\"url\":\"https:\/\/academystage.merklesweden.com\/es\/for-partners\/\",\"name\":\"Partner with Educatius for USA High School Diploma Programs - Educatius Academy Online - Educatius Academy Online\",\"isPartOf\":{\"@id\":\"https:\/\/academystage.merklesweden.com\/es\/#website\"},\"primaryImageOfPage\":{\"@id\":\"https:\/\/academystage.merklesweden.com\/es\/for-partners\/#primaryimage\"},\"image\":{\"@id\":\"https:\/\/academystage.merklesweden.com\/es\/for-partners\/#primaryimage\"},\"thumbnailUrl\":\"https:\/\/academystage.merklesweden.com\/wp-content\/uploads\/2025\/02\/academy-student-partners.jpg\",\"datePublished\":\"2025-02-18T09:46:50+00:00\",\"dateModified\":\"2025-04-25T08:59:29+00:00\",\"description\":\"We work with education agencies, counselors, and schools worldwide to provide virtual American high school diploma programs to their students.\",\"breadcrumb\":{\"@id\":\"https:\/\/academystage.merklesweden.com\/es\/for-partners\/#breadcrumb\"},\"inLanguage\":\"es\",\"potentialAction\":[{\"@type\":\"ReadAction\",\"target\":[\"https:\/\/academystage.merklesweden.com\/es\/for-partners\/\"]}]},{\"@type\":\"ImageObject\",\"inLanguage\":\"es\",\"@id\":\"https:\/\/academystage.merklesweden.com\/es\/for-partners\/#primaryimage\",\"url\":\"https:\/\/academystage.merklesweden.com\/wp-content\/uploads\/2025\/02\/academy-student-partners.jpg\",\"contentUrl\":\"https:\/\/academystage.merklesweden.com\/wp-content\/uploads\/2025\/02\/academy-student-partners.jpg\"},{\"@type\":\"BreadcrumbList\",\"@id\":\"https:\/\/academystage.merklesweden.com\/es\/for-partners\/#breadcrumb\",\"itemListElement\":[{\"@type\":\"ListItem\",\"position\":1,\"name\":\"Home\",\"item\":\"https:\/\/academystage.merklesweden.com\/es\/\"},{\"@type\":\"ListItem\",\"position\":2,\"name\":\"For partners\"}]},{\"@type\":\"WebSite\",\"@id\":\"https:\/\/academystage.merklesweden.com\/es\/#website\",\"url\":\"https:\/\/academystage.merklesweden.com\/es\/\",\"name\":\"Educatius Academy Online\",\"description\":\"\",\"publisher\":{\"@id\":\"https:\/\/academystage.merklesweden.com\/es\/#organization\"},\"potentialAction\":[{\"@type\":\"SearchAction\",\"target\":{\"@type\":\"EntryPoint\",\"urlTemplate\":\"https:\/\/academystage.merklesweden.com\/es\/?s={search_term_string}\"},\"query-input\":{\"@type\":\"PropertyValueSpecification\",\"valueRequired\":true,\"valueName\":\"search_term_string\"}}],\"inLanguage\":\"es\"},{\"@type\":\"Organization\",\"@id\":\"https:\/\/academystage.merklesweden.com\/es\/#organization\",\"name\":\"Educatius Academy Online\",\"url\":\"https:\/\/academystage.merklesweden.com\/es\/\",\"logo\":{\"@type\":\"ImageObject\",\"inLanguage\":\"es\",\"@id\":\"https:\/\/academystage.merklesweden.com\/es\/#\/schema\/logo\/image\/\",\"url\":\"https:\/\/academystage.merklesweden.com\/wp-content\/uploads\/2025\/02\/educatius_academy_white.png\",\"contentUrl\":\"https:\/\/academystage.merklesweden.com\/wp-content\/uploads\/2025\/02\/educatius_academy_white.png\",\"width\":837,\"height\":332,\"caption\":\"Educatius Academy Online\"},\"image\":{\"@id\":\"https:\/\/academystage.merklesweden.com\/es\/#\/schema\/logo\/image\/\"}}]}<\/script>\n<!-- \/ Yoast SEO Premium plugin. -->","yoast_head_json":{"title":"Partner with Educatius for USA High School Diploma Programs - Educatius Academy Online - Educatius Academy Online","description":"We work with education agencies, counselors, and schools worldwide to provide virtual American high school diploma programs to their students.","robots":{"index":"noindex","follow":"follow","max-snippet":"max-snippet:-1","max-image-preview":"max-image-preview:large","max-video-preview":"max-video-preview:-1"},"og_locale":"es_ES","og_type":"article","og_title":"For partners","og_description":"We work with education agencies, counselors, and schools worldwide to provide virtual American high school diploma programs to their students.","og_url":"https:\/\/academystage.merklesweden.com\/es\/for-partners\/","og_site_name":"Educatius Academy Online","article_modified_time":"2025-04-25T08:59:29+00:00","og_image":[{"width":640,"height":427,"url":"https:\/\/academystage.merklesweden.com\/wp-content\/uploads\/2025\/02\/academy-student-partners.jpg","type":"image\/jpeg"}],"twitter_card":"summary_large_image","twitter_misc":{"Est. reading time":"4 minutos"},"schema":{"@context":"https:\/\/schema.org","@graph":[{"@type":"WebPage","@id":"https:\/\/academystage.merklesweden.com\/es\/for-partners\/","url":"https:\/\/academystage.merklesweden.com\/es\/for-partners\/","name":"Partner with Educatius for USA High School Diploma Programs - Educatius Academy Online - Educatius Academy Online","isPartOf":{"@id":"https:\/\/academystage.merklesweden.com\/es\/#website"},"primaryImageOfPage":{"@id":"https:\/\/academystage.merklesweden.com\/es\/for-partners\/#primaryimage"},"image":{"@id":"https:\/\/academystage.merklesweden.com\/es\/for-partners\/#primaryimage"},"thumbnailUrl":"https:\/\/academystage.merklesweden.com\/wp-content\/uploads\/2025\/02\/academy-student-partners.jpg","datePublished":"2025-02-18T09:46:50+00:00","dateModified":"2025-04-25T08:59:29+00:00","description":"We work with education agencies, counselors, and schools worldwide to provide virtual American high school diploma programs to their students.","breadcrumb":{"@id":"https:\/\/academystage.merklesweden.com\/es\/for-partners\/#breadcrumb"},"inLanguage":"es","potentialAction":[{"@type":"ReadAction","target":["https:\/\/academystage.merklesweden.com\/es\/for-partners\/"]}]},{"@type":"ImageObject","inLanguage":"es","@id":"https:\/\/academystage.merklesweden.com\/es\/for-partners\/#primaryimage","url":"https:\/\/academystage.merklesweden.com\/wp-content\/uploads\/2025\/02\/academy-student-partners.jpg","contentUrl":"https:\/\/academystage.merklesweden.com\/wp-content\/uploads\/2025\/02\/academy-student-partners.jpg"},{"@type":"BreadcrumbList","@id":"https:\/\/academystage.merklesweden.com\/es\/for-partners\/#breadcrumb","itemListElement":[{"@type":"ListItem","position":1,"name":"Home","item":"https:\/\/academystage.merklesweden.com\/es\/"},{"@type":"ListItem","position":2,"name":"For partners"}]},{"@type":"WebSite","@id":"https:\/\/academystage.merklesweden.com\/es\/#website","url":"https:\/\/academystage.merklesweden.com\/es\/","name":"Educatius Academy Online","description":"","publisher":{"@id":"https:\/\/academystage.merklesweden.com\/es\/#organization"},"potentialAction":[{"@type":"SearchAction","target":{"@type":"EntryPoint","urlTemplate":"https:\/\/academystage.merklesweden.com\/es\/?s={search_term_string}"},"query-input":{"@type":"PropertyValueSpecification","valueRequired":true,"valueName":"search_term_string"}}],"inLanguage":"es"},{"@type":"Organization","@id":"https:\/\/academystage.merklesweden.com\/es\/#organization","name":"Educatius Academy Online","url":"https:\/\/academystage.merklesweden.com\/es\/","logo":{"@type":"ImageObject","inLanguage":"es","@id":"https:\/\/academystage.merklesweden.com\/es\/#\/schema\/logo\/image\/","url":"https:\/\/academystage.merklesweden.com\/wp-content\/uploads\/2025\/02\/educatius_academy_white.png","contentUrl":"https:\/\/academystage.merklesweden.com\/wp-content\/uploads\/2025\/02\/educatius_academy_white.png","width":837,"height":332,"caption":"Educatius Academy Online"},"image":{"@id":"https:\/\/academystage.merklesweden.com\/es\/#\/schema\/logo\/image\/"}}]}},"_links":{"self":[{"href":"https:\/\/academystage.merklesweden.com\/es\/wp-json\/wp\/v2\/pages\/1012","targetHints":{"allow":["GET"]}}],"collection":[{"href":"https:\/\/academystage.merklesweden.com\/es\/wp-json\/wp\/v2\/pages"}],"about":[{"href":"https:\/\/academystage.merklesweden.com\/es\/wp-json\/wp\/v2\/types\/page"}],"author":[{"embeddable":true,"href":"https:\/\/academystage.merklesweden.com\/es\/wp-json\/wp\/v2\/users\/2"}],"replies":[{"embeddable":true,"href":"https:\/\/academystage.merklesweden.com\/es\/wp-json\/wp\/v2\/comments?post=1012"}],"version-history":[{"count":7,"href":"https:\/\/academystage.merklesweden.com\/es\/wp-json\/wp\/v2\/pages\/1012\/revisions"}],"predecessor-version":[{"id":1917,"href":"https:\/\/academystage.merklesweden.com\/es\/wp-json\/wp\/v2\/pages\/1012\/revisions\/1917"}],"wp:attachment":[{"href":"https:\/\/academystage.merklesweden.com\/es\/wp-json\/wp\/v2\/media?parent=1012"}],"wp:term":[{"taxonomy":"wf_page_folders","embeddable":true,"href":"https:\/\/academystage.merklesweden.com\/es\/wp-json\/wp\/v2\/wf_page_folders?post=1012"}],"curies":[{"name":"wp","href":"https:\/\/api.w.org\/{rel}","templated":true}]}}