{"id":1005,"date":"2025-02-18T07:46:12","date_gmt":"2025-02-18T07:46:12","guid":{"rendered":"https:\/\/academystage.merklesweden.com\/?page_id=1005"},"modified":"2025-04-25T09:26:04","modified_gmt":"2025-04-25T09:26:04","slug":"for-parents","status":"publish","type":"page","link":"https:\/\/academystage.merklesweden.com\/es\/for-parents\/","title":{"rendered":"For parents"},"content":{"rendered":"\n<div class=\"wp-block-group has-gray-background-color has-background\"><div class=\"wp-block-group__inner-container is-layout-constrained wp-block-group-is-layout-constrained\">\n<div style=\"height:100px\" aria-hidden=\"true\" class=\"wp-block-spacer\"><\/div>\n\n\n\n<div class=\"wp-block-columns container has-gray-background-color has-background is-layout-flex wp-container-core-columns-is-layout-1 wp-block-columns-is-layout-flex\">\n<div class=\"wp-block-column is-layout-flow wp-block-column-is-layout-flow\">\n<div class=\"wp-block-educatius-title-paragraph-darkbutton container\"><div class=\"text-block-wrap py-4 py-md-0\"><h3 class=\"text-block-title text-primary\">Para padres<\/h3><p class=\"text-primary\"> <br>Su hijo\/a estar\u00e1 bien apoyado y guiado hacia el \u00e9xito durante sus programas acad\u00e9micos. Aplicamos una metodolog\u00eda de eficacia probada que garantiza que los alumnos tengan el mejor comienzo posible, se sientan apoyados a lo largo de sus estudios y est\u00e9n bien preparados para la universidad una vez finalizados sus estudios de bachillerato.<br><br><strong>Orientaci\u00f3n personalizada<\/strong><br><br>Las sesiones individuales de orientaci\u00f3n le ayudar\u00e1n a usted y a su hijo\/a a tomar las decisiones correctas sobre su trayectoria acad\u00e9mica. Preguntaremos a tu hijo\/a por sus objetivos e intereses. Tambi\u00e9n evaluaremos su expediente acad\u00e9mico y sus conocimientos de ingl\u00e9s. Esto nos ayudar\u00e1 a decidir el programa y las clases que recomendamos.<br><br><strong>Soporte acad\u00e9mico<\/strong><br><br>Los profesores de EE.UU. participan habitualmente en directo con sus alumnos y pueden ser contactados directamente sobre los contenidos de las lecciones, tareas y ex\u00e1menes. Adem\u00e1s, los tutores acad\u00e9micos est\u00e1n 24\/7, 365 d\u00edas al a\u00f1o. Este apoyo personalizado implica que su hijo\/a pueda obtener las respuestas a todas sus preguntas y que reciba toda la ayuda- necesaria para sus tareas y preparaci\u00f3n de ex\u00e1menes.<br><br><strong>Asesor del programa<\/strong><br><br>Educatius proporciona un asesor para supervisar el rendimiento de todos los estudiantes y ayudar a garantizar que los estudiantes cumplan los plazos y completen con \u00e9xito los cursos a tiempo. Nuestro asesor se pondr\u00e1 en contacto con su hijo de forma rutinaria y le ofrecer\u00e1 ayuda y apoyo adicional cuando sea necesario.<br><br><strong>Controle el progreso de su hijo\/a<\/strong><br><br>Adem\u00e1s de nuestro Asesor del Programa, los padres pueden elegir seguir el progreso y el rendimiento acad\u00e9mico de su hijo en la plataforma de aprendizaje. Podemos configurarte como observador en la cuenta para que puedas ver c\u00f3mo le va a tu hijo.<br><strong><br>Programa de asesoramiento universitario<\/strong><br><br>Nuestro Programa de Asesoramiento Universitario (CAP) ofrece asesoramiento universitario personalizado, oportunidades de becas, consejos para la presentaci\u00f3n de solicitudes y mucho m\u00e1s a universidades y centros de ense\u00f1anza superior de Estados Unidos y otros pa\u00edses.<br><br><\/p><a href=\"\/whats-included\/\" class=\"btn btn-primary\">Saber M\u00e1s<\/a><\/div><\/div>\n<\/div>\n\n\n\n<div class=\"wp-block-column is-layout-flow wp-block-column-is-layout-flow\">\n<figure class=\"wp-block-image size-full\"><img loading=\"lazy\" decoding=\"async\" width=\"640\" height=\"426\" src=\"https:\/\/academystage.merklesweden.com\/wp-content\/uploads\/2025\/02\/academy-online-mother-and-teenage-boy-640x426px.jpg\" alt=\"\" class=\"wp-image-198\" srcset=\"https:\/\/academystage.merklesweden.com\/wp-content\/uploads\/2025\/02\/academy-online-mother-and-teenage-boy-640x426px.jpg 640w, https:\/\/academystage.merklesweden.com\/wp-content\/uploads\/2025\/02\/academy-online-mother-and-teenage-boy-640x426px-300x200.jpg 300w, https:\/\/academystage.merklesweden.com\/wp-content\/uploads\/2025\/02\/academy-online-mother-and-teenage-boy-640x426px-24x16.jpg 24w, https:\/\/academystage.merklesweden.com\/wp-content\/uploads\/2025\/02\/academy-online-mother-and-teenage-boy-640x426px-36x24.jpg 36w, https:\/\/academystage.merklesweden.com\/wp-content\/uploads\/2025\/02\/academy-online-mother-and-teenage-boy-640x426px-48x32.jpg 48w\" sizes=\"auto, (max-width: 640px) 100vw, 640px\" \/><\/figure>\n<\/div>\n<\/div>\n<\/div><\/div>\n\n\n\n<div class=\"wp-block-columns container is-layout-flex wp-container-core-columns-is-layout-2 wp-block-columns-is-layout-flex\">\n<div class=\"wp-block-column is-layout-flow wp-block-column-is-layout-flow\">\n<figure class=\"wp-block-image size-full\"><img loading=\"lazy\" decoding=\"async\" width=\"640\" height=\"480\" src=\"https:\/\/academystage.merklesweden.com\/wp-content\/uploads\/2025\/02\/group-of-students-with-diplomas-on-graduation-day-select-high-school-640x480px.jpg\" alt=\"\" class=\"wp-image-225\" srcset=\"https:\/\/academystage.merklesweden.com\/wp-content\/uploads\/2025\/02\/group-of-students-with-diplomas-on-graduation-day-select-high-school-640x480px.jpg 640w, https:\/\/academystage.merklesweden.com\/wp-content\/uploads\/2025\/02\/group-of-students-with-diplomas-on-graduation-day-select-high-school-640x480px-300x225.jpg 300w, https:\/\/academystage.merklesweden.com\/wp-content\/uploads\/2025\/02\/group-of-students-with-diplomas-on-graduation-day-select-high-school-640x480px-24x18.jpg 24w, https:\/\/academystage.merklesweden.com\/wp-content\/uploads\/2025\/02\/group-of-students-with-diplomas-on-graduation-day-select-high-school-640x480px-36x27.jpg 36w, https:\/\/academystage.merklesweden.com\/wp-content\/uploads\/2025\/02\/group-of-students-with-diplomas-on-graduation-day-select-high-school-640x480px-48x36.jpg 48w\" sizes=\"auto, (max-width: 640px) 100vw, 640px\" \/><\/figure>\n<\/div>\n\n\n\n<div class=\"wp-block-column has-deep-red-background-color has-background is-layout-flow wp-block-column-is-layout-flow\">\n<div class=\"wp-block-educatius-bordered-text container\"><div class=\"quick-fact-section\"><h6 class=\"text-block-title text-primary\">Datos de inter\u00e9s<\/h6><ul class=\"list-group text-primary\"><li class=\"list-item\">Le recomendamos el mejor programa y las mejores clases para su hijo.<\/li><br><li class=\"list-item\">Los profesores y tutores ofrecen apoyo al aprendizaje a lo largo de los estudios de su hijo\/a.<\/li><br><li class=\"list-item\">Los informes de progreso acad\u00e9mico est\u00e1n a su disposici\u00f3n cuando los solicite.<\/li><br><li class=\"list-item\">Nuestros asesores de programa ayudan a su hijo\/a a seguir el camino hacia una graduaci\u00f3n satisfactoria.<\/li><\/ul><\/div><\/div>\n<\/div>\n<\/div>\n\n\n\n<div class=\"wp-block-columns container is-layout-flex wp-container-core-columns-is-layout-3 wp-block-columns-is-layout-flex\">\n<div class=\"wp-block-column has-light-pink-background-color has-background is-layout-flow wp-block-column-is-layout-flow\"><\/div>\n\n\n\n<div class=\"wp-block-column has-gray-background-color has-background is-layout-flow wp-block-column-is-layout-flow\"><\/div>\n<\/div>\n\n\n\n<section class=\"wp-block-educatius-right-image-and-text highlight-section-reverse py-1 py-sm-5 py-md-5\"><div class=\"container my-3\"><div class=\"row\"><div class=\"col-md-6 order-md-1\"><img decoding=\"async\" src=\"https:\/\/academystage.merklesweden.com\/wp-content\/uploads\/2025\/02\/academy-online-jev-langues-dual-diploma-640x427px.jpg\" class=\"w-100\"\/><\/div><div class=\"col-md-6 order-md-0\" style=\"background:#691c32\"><div class=\"text-block-wrap py-md-0 px-md-5\"><span class=\"text-block-title\" style=\"color:#ffffff\"><\/span><h3 class=\"text-block-title\" style=\"color:#ffffff\">Sesiones de asesoramiento acad\u00e9mico<\/h3><p style=\"color:#ffffff\">P\u00f3ngase en contacto con nosotros hoy mismo para concertar una reuni\u00f3n personal con un asesor acad\u00e9mico experimentado. Exploraremos las formas en que un programa de Educatius Academy puede beneficiar el futuro de su hijo\/a. Obtenga respuestas a sus preguntas sobre lo que ofrecemos, incluyendo apoyo ling\u00fc\u00edstico y de aprendizaje y servicios de orientaci\u00f3n universitaria. Estamos deseando conocerte.<\/p><a href=\"https:\/\/academystage.merklesweden.com\/es\/contact-us-student\/\" class=\"btn btn-outline-primary btn-lg\" style=\"border-color:#ffffff;color:#ffffff\">Reserva una consulta gratuita<\/a><\/div><\/div><\/div><\/div><\/section>\n","protected":false},"excerpt":{"rendered":"","protected":false},"author":2,"featured_media":0,"parent":0,"menu_order":0,"comment_status":"closed","ping_status":"closed","template":"","meta":{"_acf_changed":false,"inline_featured_image":false,"footnotes":""},"wf_page_folders":[],"class_list":["post-1005","page","type-page","status-publish","hentry"],"acf":[],"yoast_head":"<!-- This site is optimized with the Yoast SEO Premium plugin v23.4 (Yoast SEO v23.6) - https:\/\/yoast.com\/wordpress\/plugins\/seo\/ -->\n<title>Parents Rest Easy with Educatius Support - Educatius Academy Online- Educatius Academy Online<\/title>\n<meta name=\"description\" content=\"Your child will succeed with their USA high school degree with personal guidance, academic tutoring, advisors and college prep plus English language.\" \/>\n<meta name=\"robots\" content=\"noindex, follow, max-snippet:-1, max-image-preview:large, max-video-preview:-1\" \/>\n<meta property=\"og:locale\" content=\"es_ES\" \/>\n<meta property=\"og:type\" content=\"article\" \/>\n<meta property=\"og:title\" content=\"For parents\" \/>\n<meta property=\"og:description\" content=\"Your child will succeed with their USA high school degree with personal guidance, academic tutoring, advisors and college prep plus English language.\" \/>\n<meta property=\"og:url\" content=\"https:\/\/academystage.merklesweden.com\/es\/for-parents\/\" \/>\n<meta property=\"og:site_name\" content=\"Educatius Academy Online\" \/>\n<meta property=\"article:modified_time\" content=\"2025-04-25T09:26:04+00:00\" \/>\n<meta property=\"og:image\" content=\"https:\/\/academystage.merklesweden.com\/wp-content\/uploads\/2025\/02\/academy-online-mother-and-teenage-boy-640x426px.jpg\" \/>\n\t<meta property=\"og:image:width\" content=\"640\" \/>\n\t<meta property=\"og:image:height\" content=\"426\" \/>\n\t<meta property=\"og:image:type\" content=\"image\/jpeg\" \/>\n<meta name=\"twitter:card\" content=\"summary_large_image\" \/>\n<meta name=\"twitter:label1\" content=\"Est. reading time\" \/>\n\t<meta name=\"twitter:data1\" content=\"3 minutos\" \/>\n<script type=\"application\/ld+json\" class=\"yoast-schema-graph\">{\"@context\":\"https:\/\/schema.org\",\"@graph\":[{\"@type\":\"WebPage\",\"@id\":\"https:\/\/academystage.merklesweden.com\/es\/for-parents\/\",\"url\":\"https:\/\/academystage.merklesweden.com\/es\/for-parents\/\",\"name\":\"Parents Rest Easy with Educatius Support - Educatius Academy Online- Educatius Academy Online\",\"isPartOf\":{\"@id\":\"https:\/\/academystage.merklesweden.com\/es\/#website\"},\"primaryImageOfPage\":{\"@id\":\"https:\/\/academystage.merklesweden.com\/es\/for-parents\/#primaryimage\"},\"image\":{\"@id\":\"https:\/\/academystage.merklesweden.com\/es\/for-parents\/#primaryimage\"},\"thumbnailUrl\":\"https:\/\/academystage.merklesweden.com\/wp-content\/uploads\/2025\/02\/academy-online-mother-and-teenage-boy-640x426px.jpg\",\"datePublished\":\"2025-02-18T07:46:12+00:00\",\"dateModified\":\"2025-04-25T09:26:04+00:00\",\"description\":\"Your child will succeed with their USA high school degree with personal guidance, academic tutoring, advisors and college prep plus English language.\",\"breadcrumb\":{\"@id\":\"https:\/\/academystage.merklesweden.com\/es\/for-parents\/#breadcrumb\"},\"inLanguage\":\"es\",\"potentialAction\":[{\"@type\":\"ReadAction\",\"target\":[\"https:\/\/academystage.merklesweden.com\/es\/for-parents\/\"]}]},{\"@type\":\"ImageObject\",\"inLanguage\":\"es\",\"@id\":\"https:\/\/academystage.merklesweden.com\/es\/for-parents\/#primaryimage\",\"url\":\"https:\/\/academystage.merklesweden.com\/wp-content\/uploads\/2025\/02\/academy-online-mother-and-teenage-boy-640x426px.jpg\",\"contentUrl\":\"https:\/\/academystage.merklesweden.com\/wp-content\/uploads\/2025\/02\/academy-online-mother-and-teenage-boy-640x426px.jpg\"},{\"@type\":\"BreadcrumbList\",\"@id\":\"https:\/\/academystage.merklesweden.com\/es\/for-parents\/#breadcrumb\",\"itemListElement\":[{\"@type\":\"ListItem\",\"position\":1,\"name\":\"Home\",\"item\":\"https:\/\/academystage.merklesweden.com\/es\/\"},{\"@type\":\"ListItem\",\"position\":2,\"name\":\"For parents\"}]},{\"@type\":\"WebSite\",\"@id\":\"https:\/\/academystage.merklesweden.com\/es\/#website\",\"url\":\"https:\/\/academystage.merklesweden.com\/es\/\",\"name\":\"Educatius Academy Online\",\"description\":\"\",\"publisher\":{\"@id\":\"https:\/\/academystage.merklesweden.com\/es\/#organization\"},\"potentialAction\":[{\"@type\":\"SearchAction\",\"target\":{\"@type\":\"EntryPoint\",\"urlTemplate\":\"https:\/\/academystage.merklesweden.com\/es\/?s={search_term_string}\"},\"query-input\":{\"@type\":\"PropertyValueSpecification\",\"valueRequired\":true,\"valueName\":\"search_term_string\"}}],\"inLanguage\":\"es\"},{\"@type\":\"Organization\",\"@id\":\"https:\/\/academystage.merklesweden.com\/es\/#organization\",\"name\":\"Educatius Academy Online\",\"url\":\"https:\/\/academystage.merklesweden.com\/es\/\",\"logo\":{\"@type\":\"ImageObject\",\"inLanguage\":\"es\",\"@id\":\"https:\/\/academystage.merklesweden.com\/es\/#\/schema\/logo\/image\/\",\"url\":\"https:\/\/academystage.merklesweden.com\/wp-content\/uploads\/2025\/02\/educatius_academy_white.png\",\"contentUrl\":\"https:\/\/academystage.merklesweden.com\/wp-content\/uploads\/2025\/02\/educatius_academy_white.png\",\"width\":837,\"height\":332,\"caption\":\"Educatius Academy Online\"},\"image\":{\"@id\":\"https:\/\/academystage.merklesweden.com\/es\/#\/schema\/logo\/image\/\"}}]}<\/script>\n<!-- \/ Yoast SEO Premium plugin. -->","yoast_head_json":{"title":"Parents Rest Easy with Educatius Support - Educatius Academy Online- Educatius Academy Online","description":"Your child will succeed with their USA high school degree with personal guidance, academic tutoring, advisors and college prep plus English language.","robots":{"index":"noindex","follow":"follow","max-snippet":"max-snippet:-1","max-image-preview":"max-image-preview:large","max-video-preview":"max-video-preview:-1"},"og_locale":"es_ES","og_type":"article","og_title":"For parents","og_description":"Your child will succeed with their USA high school degree with personal guidance, academic tutoring, advisors and college prep plus English language.","og_url":"https:\/\/academystage.merklesweden.com\/es\/for-parents\/","og_site_name":"Educatius Academy Online","article_modified_time":"2025-04-25T09:26:04+00:00","og_image":[{"width":640,"height":426,"url":"https:\/\/academystage.merklesweden.com\/wp-content\/uploads\/2025\/02\/academy-online-mother-and-teenage-boy-640x426px.jpg","type":"image\/jpeg"}],"twitter_card":"summary_large_image","twitter_misc":{"Est. reading time":"3 minutos"},"schema":{"@context":"https:\/\/schema.org","@graph":[{"@type":"WebPage","@id":"https:\/\/academystage.merklesweden.com\/es\/for-parents\/","url":"https:\/\/academystage.merklesweden.com\/es\/for-parents\/","name":"Parents Rest Easy with Educatius Support - Educatius Academy Online- Educatius Academy Online","isPartOf":{"@id":"https:\/\/academystage.merklesweden.com\/es\/#website"},"primaryImageOfPage":{"@id":"https:\/\/academystage.merklesweden.com\/es\/for-parents\/#primaryimage"},"image":{"@id":"https:\/\/academystage.merklesweden.com\/es\/for-parents\/#primaryimage"},"thumbnailUrl":"https:\/\/academystage.merklesweden.com\/wp-content\/uploads\/2025\/02\/academy-online-mother-and-teenage-boy-640x426px.jpg","datePublished":"2025-02-18T07:46:12+00:00","dateModified":"2025-04-25T09:26:04+00:00","description":"Your child will succeed with their USA high school degree with personal guidance, academic tutoring, advisors and college prep plus English language.","breadcrumb":{"@id":"https:\/\/academystage.merklesweden.com\/es\/for-parents\/#breadcrumb"},"inLanguage":"es","potentialAction":[{"@type":"ReadAction","target":["https:\/\/academystage.merklesweden.com\/es\/for-parents\/"]}]},{"@type":"ImageObject","inLanguage":"es","@id":"https:\/\/academystage.merklesweden.com\/es\/for-parents\/#primaryimage","url":"https:\/\/academystage.merklesweden.com\/wp-content\/uploads\/2025\/02\/academy-online-mother-and-teenage-boy-640x426px.jpg","contentUrl":"https:\/\/academystage.merklesweden.com\/wp-content\/uploads\/2025\/02\/academy-online-mother-and-teenage-boy-640x426px.jpg"},{"@type":"BreadcrumbList","@id":"https:\/\/academystage.merklesweden.com\/es\/for-parents\/#breadcrumb","itemListElement":[{"@type":"ListItem","position":1,"name":"Home","item":"https:\/\/academystage.merklesweden.com\/es\/"},{"@type":"ListItem","position":2,"name":"For parents"}]},{"@type":"WebSite","@id":"https:\/\/academystage.merklesweden.com\/es\/#website","url":"https:\/\/academystage.merklesweden.com\/es\/","name":"Educatius Academy Online","description":"","publisher":{"@id":"https:\/\/academystage.merklesweden.com\/es\/#organization"},"potentialAction":[{"@type":"SearchAction","target":{"@type":"EntryPoint","urlTemplate":"https:\/\/academystage.merklesweden.com\/es\/?s={search_term_string}"},"query-input":{"@type":"PropertyValueSpecification","valueRequired":true,"valueName":"search_term_string"}}],"inLanguage":"es"},{"@type":"Organization","@id":"https:\/\/academystage.merklesweden.com\/es\/#organization","name":"Educatius Academy Online","url":"https:\/\/academystage.merklesweden.com\/es\/","logo":{"@type":"ImageObject","inLanguage":"es","@id":"https:\/\/academystage.merklesweden.com\/es\/#\/schema\/logo\/image\/","url":"https:\/\/academystage.merklesweden.com\/wp-content\/uploads\/2025\/02\/educatius_academy_white.png","contentUrl":"https:\/\/academystage.merklesweden.com\/wp-content\/uploads\/2025\/02\/educatius_academy_white.png","width":837,"height":332,"caption":"Educatius Academy Online"},"image":{"@id":"https:\/\/academystage.merklesweden.com\/es\/#\/schema\/logo\/image\/"}}]}},"_links":{"self":[{"href":"https:\/\/academystage.merklesweden.com\/es\/wp-json\/wp\/v2\/pages\/1005","targetHints":{"allow":["GET"]}}],"collection":[{"href":"https:\/\/academystage.merklesweden.com\/es\/wp-json\/wp\/v2\/pages"}],"about":[{"href":"https:\/\/academystage.merklesweden.com\/es\/wp-json\/wp\/v2\/types\/page"}],"author":[{"embeddable":true,"href":"https:\/\/academystage.merklesweden.com\/es\/wp-json\/wp\/v2\/users\/2"}],"replies":[{"embeddable":true,"href":"https:\/\/academystage.merklesweden.com\/es\/wp-json\/wp\/v2\/comments?post=1005"}],"version-history":[{"count":6,"href":"https:\/\/academystage.merklesweden.com\/es\/wp-json\/wp\/v2\/pages\/1005\/revisions"}],"predecessor-version":[{"id":1937,"href":"https:\/\/academystage.merklesweden.com\/es\/wp-json\/wp\/v2\/pages\/1005\/revisions\/1937"}],"wp:attachment":[{"href":"https:\/\/academystage.merklesweden.com\/es\/wp-json\/wp\/v2\/media?parent=1005"}],"wp:term":[{"taxonomy":"wf_page_folders","embeddable":true,"href":"https:\/\/academystage.merklesweden.com\/es\/wp-json\/wp\/v2\/wf_page_folders?post=1005"}],"curies":[{"name":"wp","href":"https:\/\/api.w.org\/{rel}","templated":true}]}}